{"id":722857,"date":"2025-08-27T19:10:02","date_gmt":"2025-08-27T16:10:02","guid":{"rendered":"https:\/\/roveyayinevi.com.tr\/index.php\/urun\/sira-disi-durumlar-serisi-2-depremde-kendimizi-nasil-koruruz\/"},"modified":"2026-04-16T02:30:40","modified_gmt":"2026-04-15T23:30:40","slug":"sira-disi-durumlar-serisi-2-depremde-kendimizi-nasil-koruruz","status":"publish","type":"product","link":"https:\/\/roveyayinevi.com.tr\/index.php\/urun\/sira-disi-durumlar-serisi-2-depremde-kendimizi-nasil-koruruz\/","title":{"rendered":"S\u0131ra D\u0131\u015f\u0131 Durumlar Serisi 2 &#8211; Depremde Kendimizi Nas\u0131l Koruruz?"},"content":{"rendered":"<p>Do\u011fa bize bir\u00e7ok g\u00fczellik ya\u015fat\u0131rken zaman zaman da k\u00f6t\u00fc s\u00fcrprizler haz\u0131rlayabilir. Deprem de do\u011fan\u0131n insano\u011fluna haz\u0131rlad\u0131\u011f\u0131 k\u00f6t\u00fc s\u00fcrprizlerden biridir. Bu kitapta, depremin nas\u0131l olu\u015ftu\u011funu, deprem \u00f6ncesinde, deprem s\u0131ras\u0131nda ve deprem sonras\u0131nda ne t\u00fcr \u00f6nlemler almam\u0131z gerekti\u011fini \u00f6\u011frenece\u011fiz. Sonra da \u00f6\u011frendiklerimizi \u00e7evremizdekilere de \u00f6\u011fretece\u011fiz. Unutmayal\u0131m ki b\u00fcy\u00fcklerin de k\u00fc\u00e7\u00fcklerden \u00f6\u011frenece\u011fi \u00e7ok \u015fey var! <\/p>\n","protected":false},"excerpt":{"rendered":"<p>Do\u011fa bize bir\u00e7ok g\u00fczellik ya\u015fat\u0131rken zaman zaman da k\u00f6t\u00fc s\u00fcrprizler haz\u0131rlayabilir. Deprem de do\u011fan\u0131n insano\u011fluna haz\u0131rlad\u0131\u011f\u0131 k\u00f6t\u00fc s\u00fcrprizlerden biridir. Bu kitapta, depremin nas\u0131l olu\u015ftu\u011funu, deprem \u00f6ncesinde,<span class=\"excerpt-hellip\"> [\u2026]<\/span><\/p>\n","protected":false},"featured_media":0,"template":"","meta":{"_monsterinsights_skip_tracking":false,"_monsterinsights_sitenote_active":false,"_monsterinsights_sitenote_note":"","_monsterinsights_sitenote_category":0},"product_brand":[],"product_cat":[12274,15842],"product_tag":[],"class_list":{"0":"post-722857","1":"product","2":"type-product","3":"status-publish","5":"product_cat-cocuk-ve-genclik-kitaplari","6":"product_cat-egitici-kitaplar","7":"pa_cilt-ciltsiz","8":"pa_tur-kitap","9":"pa_yayinevi-mandolin-yayinlari","10":"pa_yazar-aysen-oy","12":"first","13":"instock","14":"sale","15":"shipping-taxable","16":"purchasable","17":"product-type-simple"},"_links":{"self":[{"href":"https:\/\/roveyayinevi.com.tr\/index.php\/wp-json\/wp\/v2\/product\/722857","targetHints":{"allow":["GET"]}}],"collection":[{"href":"https:\/\/roveyayinevi.com.tr\/index.php\/wp-json\/wp\/v2\/product"}],"about":[{"href":"https:\/\/roveyayinevi.com.tr\/index.php\/wp-json\/wp\/v2\/types\/product"}],"wp:attachment":[{"href":"https:\/\/roveyayinevi.com.tr\/index.php\/wp-json\/wp\/v2\/media?parent=722857"}],"wp:term":[{"taxonomy":"product_brand","embeddable":true,"href":"https:\/\/roveyayinevi.com.tr\/index.php\/wp-json\/wp\/v2\/product_brand?post=722857"},{"taxonomy":"product_cat","embeddable":true,"href":"https:\/\/roveyayinevi.com.tr\/index.php\/wp-json\/wp\/v2\/product_cat?post=722857"},{"taxonomy":"product_tag","embeddable":true,"href":"https:\/\/roveyayinevi.com.tr\/index.php\/wp-json\/wp\/v2\/product_tag?post=722857"}],"curies":[{"name":"wp","href":"https:\/\/api.w.org\/{rel}","templated":true}]}}