{"id":722854,"date":"2025-08-27T19:09:59","date_gmt":"2025-08-27T16:09:59","guid":{"rendered":"https:\/\/roveyayinevi.com.tr\/index.php\/urun\/freudun-psikanalizi\/"},"modified":"2026-04-16T02:30:40","modified_gmt":"2026-04-15T23:30:40","slug":"freudun-psikanalizi","status":"publish","type":"product","link":"https:\/\/roveyayinevi.com.tr\/index.php\/urun\/freudun-psikanalizi\/","title":{"rendered":"Freud\u2019un Psikanalizi"},"content":{"rendered":"<p>Psikanaliz, bir \u2018hakikat\u2019 aray\u0131\u015f\u0131d\u0131r. Verili kendi ile ba\u015f\u0131 ho\u015f olmayan\u0131n ho\u015fnutsuzlu\u011funu sorunsalla\u015ft\u0131r\u0131p kendini kuran hakikate do\u011fru yol alma \u00e7abas\u0131d\u0131r. Mevcuda iz d\u00fc\u015f\u00fcren namevcudun (birtak\u0131m emarelerle kendini g\u00f6steren bir \u2018hayalet\u2019, \u2018musallat bir tekinsizlik\u2019tir o) kurucu h\u00fckm\u00fcnden hareketle \u2014kurulu\u015fun maddi tarihselli\u011fi i\u00e7inden yol alarak\u2014 \u015fimdiki kendinin yeniden in\u015fa edilmesi anlam\u0131nda, psikanaliz, \u2018yarat\u0131c\u0131\u2019 bir edimdir de: Yaratma cesaretini, itkisini ve yak\u0131t\u0131n\u0131 (dolay\u0131s\u0131yla, hakikatlili\u011fini) \u2018bilin\u00e7d\u0131\u015f\u0131\u2019 ile m\u00fcnasebetinden tedarik eden; o m\u00fcnasebetledir ki, kendisini hem \u2018psikoterapi\u2019lerden, hem de \u2018felsefe\u2019lerden farkl\u0131 k\u0131lan bir eylemlilik. Psikoterapiler, ruhun iyile\u015ftirimi, sa\u011falt\u0131m\u0131, t\u0131mar\u0131 ise; psikanaliz, ruhun ba\u015fkald\u0131r\u0131s\u0131, ayaklanmas\u0131d\u0131r.<\/p>\n","protected":false},"excerpt":{"rendered":"<p>Psikanaliz, bir \u2018hakikat\u2019 aray\u0131\u015f\u0131d\u0131r. Verili kendi ile ba\u015f\u0131 ho\u015f olmayan\u0131n ho\u015fnutsuzlu\u011funu sorunsalla\u015ft\u0131r\u0131p kendini kuran hakikate do\u011fru yol alma \u00e7abas\u0131d\u0131r. Mevcuda iz d\u00fc\u015f\u00fcren namevcudun (birtak\u0131m emarelerle kendini<span class=\"excerpt-hellip\"> [\u2026]<\/span><\/p>\n","protected":false},"featured_media":0,"template":"","meta":{"_monsterinsights_skip_tracking":false,"_monsterinsights_sitenote_active":false,"_monsterinsights_sitenote_note":"","_monsterinsights_sitenote_category":0},"product_brand":[],"product_cat":[12389,12388],"product_tag":[],"class_list":{"0":"post-722854","1":"product","2":"type-product","3":"status-publish","5":"product_cat-diger-felsefe","6":"product_cat-felsefe","7":"pa_cilt-ciltsiz","8":"pa_tur-kitap","9":"pa_yayinevi-pinhan-yayincilik","10":"pa_yazar-haluk-sunat","12":"first","13":"instock","14":"sale","15":"shipping-taxable","16":"purchasable","17":"product-type-simple"},"_links":{"self":[{"href":"https:\/\/roveyayinevi.com.tr\/index.php\/wp-json\/wp\/v2\/product\/722854","targetHints":{"allow":["GET"]}}],"collection":[{"href":"https:\/\/roveyayinevi.com.tr\/index.php\/wp-json\/wp\/v2\/product"}],"about":[{"href":"https:\/\/roveyayinevi.com.tr\/index.php\/wp-json\/wp\/v2\/types\/product"}],"wp:attachment":[{"href":"https:\/\/roveyayinevi.com.tr\/index.php\/wp-json\/wp\/v2\/media?parent=722854"}],"wp:term":[{"taxonomy":"product_brand","embeddable":true,"href":"https:\/\/roveyayinevi.com.tr\/index.php\/wp-json\/wp\/v2\/product_brand?post=722854"},{"taxonomy":"product_cat","embeddable":true,"href":"https:\/\/roveyayinevi.com.tr\/index.php\/wp-json\/wp\/v2\/product_cat?post=722854"},{"taxonomy":"product_tag","embeddable":true,"href":"https:\/\/roveyayinevi.com.tr\/index.php\/wp-json\/wp\/v2\/product_tag?post=722854"}],"curies":[{"name":"wp","href":"https:\/\/api.w.org\/{rel}","templated":true}]}}