{"id":722853,"date":"2025-08-27T19:09:58","date_gmt":"2025-08-27T16:09:58","guid":{"rendered":"https:\/\/roveyayinevi.com.tr\/index.php\/urun\/hakkaniyet-olarak-adalet\/"},"modified":"2026-04-16T02:30:40","modified_gmt":"2026-04-15T23:30:40","slug":"hakkaniyet-olarak-adalet","status":"publish","type":"product","link":"https:\/\/roveyayinevi.com.tr\/index.php\/urun\/hakkaniyet-olarak-adalet\/","title":{"rendered":"Hakkaniyet Olarak Adalet"},"content":{"rendered":"<p>20. y\u00fczy\u0131l\u0131n en \u00f6nemli siyaset felsefecilerinden kabul edilen John Rawls, Bir Adalet Teorisi ve Siyasal Liberalizm kitaplar\u0131yla, t\u00fckendi\u011fi s\u00f6ylenen siyaset ve ahlak felsefesine yeni bir soluk getirmi\u015f, fikirleri \u00fczerine yap\u0131lan say\u0131s\u0131z ele\u015ftiri, yorum ve \u00e7\u00f6z\u00fcmleme ile adalet tart\u0131\u015fmalar\u0131nda kendisine at\u0131f yapmadan ge\u00e7ilemeyen bir isim haline gelmi\u015ftir. Hakkaniyet Olarak Adalet, Rawls\u2019un Harvard \u00dcniversitesi\u2019nde siyaset felsefesi \u00fczerine verdi\u011fi dersin notlar\u0131na dayanmaktad\u0131r. Rawls burada daha \u00f6nce herhangi bir yaz\u0131s\u0131nda temas etmedi\u011fi meseleleri ele almakta ve \u00f6nceki iki kitab\u0131ndaki fikirleri bir bak\u0131ma i\u00e7 i\u00e7e ge\u00e7mi\u015f bir \u015fekilde yeniden a\u00e7\u0131klamaktad\u0131r. Nitekim hakkaniyet olarak adalet anlay\u0131\u015f\u0131n\u0131 en iyi \u015fekilde hayata ge\u00e7irecek bir rejim olarak \u201cm\u00fclk sahibi olunabilen demokrasi\u201d fikrini geli\u015ftirmekte, bu demokrasi anlay\u0131\u015f\u0131 ile \u015fekillendirilen kurumlar\u0131n servet ve sermaye sahipli\u011fini payla\u015ft\u0131raca\u011f\u0131n\u0131, dolay\u0131s\u0131yla ekonominin ve siyasal ya\u015fam\u0131n belli bir az\u0131nl\u0131\u011f\u0131n kontrol\u00fc alt\u0131na girmesinin engellenece\u011fini ileri s\u00fcrmektedir. B\u00f6ylece Rawls bir yandan farkl\u0131 d\u00fcnya g\u00f6r\u00fc\u015flerine sahip insanlar\u0131n oldu\u011fu \u00e7o\u011fulcu bir toplumda adil bir y\u00f6netimin nas\u0131l olaca\u011f\u0131 meselesine \u00e7\u00f6z\u00fcm aramaya devam ederken bir yandan da insan onuruna yak\u0131\u015f\u0131r bir ya\u015fam i\u00e7in gelir da\u011f\u0131l\u0131m\u0131ndaki e\u015fitsizliklerin nas\u0131l giderilece\u011fi sorusuna daha iyi bir cevap vermeye \u00e7al\u0131\u015fmaktad\u0131r. <\/p>\n","protected":false},"excerpt":{"rendered":"<p>20. y\u00fczy\u0131l\u0131n en \u00f6nemli siyaset felsefecilerinden kabul edilen John Rawls, Bir Adalet Teorisi ve Siyasal Liberalizm kitaplar\u0131yla, t\u00fckendi\u011fi s\u00f6ylenen siyaset ve ahlak felsefesine yeni bir soluk<span class=\"excerpt-hellip\"> [\u2026]<\/span><\/p>\n","protected":false},"featured_media":0,"template":"","meta":{"_monsterinsights_skip_tracking":false,"_monsterinsights_sitenote_active":false,"_monsterinsights_sitenote_note":"","_monsterinsights_sitenote_category":0},"product_brand":[],"product_cat":[15350,17602],"product_tag":[],"class_list":{"0":"post-722853","1":"product","2":"type-product","3":"status-publish","5":"product_cat-hukuk","6":"product_cat-hukuk-uzerine","7":"pa_cilt-ciltsiz","8":"pa_tur-kitap","9":"pa_yayinevi-pinhan-yayincilik","10":"pa_yazar-john-rawls","12":"first","13":"instock","14":"sale","15":"shipping-taxable","16":"purchasable","17":"product-type-simple"},"_links":{"self":[{"href":"https:\/\/roveyayinevi.com.tr\/index.php\/wp-json\/wp\/v2\/product\/722853","targetHints":{"allow":["GET"]}}],"collection":[{"href":"https:\/\/roveyayinevi.com.tr\/index.php\/wp-json\/wp\/v2\/product"}],"about":[{"href":"https:\/\/roveyayinevi.com.tr\/index.php\/wp-json\/wp\/v2\/types\/product"}],"wp:attachment":[{"href":"https:\/\/roveyayinevi.com.tr\/index.php\/wp-json\/wp\/v2\/media?parent=722853"}],"wp:term":[{"taxonomy":"product_brand","embeddable":true,"href":"https:\/\/roveyayinevi.com.tr\/index.php\/wp-json\/wp\/v2\/product_brand?post=722853"},{"taxonomy":"product_cat","embeddable":true,"href":"https:\/\/roveyayinevi.com.tr\/index.php\/wp-json\/wp\/v2\/product_cat?post=722853"},{"taxonomy":"product_tag","embeddable":true,"href":"https:\/\/roveyayinevi.com.tr\/index.php\/wp-json\/wp\/v2\/product_tag?post=722853"}],"curies":[{"name":"wp","href":"https:\/\/api.w.org\/{rel}","templated":true}]}}