{"id":722848,"date":"2025-08-27T19:09:54","date_gmt":"2025-08-27T16:09:54","guid":{"rendered":"https:\/\/roveyayinevi.com.tr\/index.php\/urun\/milliyetcilik\/"},"modified":"2026-04-16T02:30:40","modified_gmt":"2026-04-15T23:30:40","slug":"milliyetcilik","status":"publish","type":"product","link":"https:\/\/roveyayinevi.com.tr\/index.php\/urun\/milliyetcilik\/","title":{"rendered":"Milliyet\u00e7ilik"},"content":{"rendered":"<p>D\u00fcn\u00fc, bug\u00fcn\u00fc ve yar\u0131n\u0131 ile ele\u015ftirel akl\u0131m\u0131z\u0131n s\u00fczgecinden ge\u00e7irmek zorunda oldu\u011fumuz milliyet\u00e7ilik nedir? Nereden do\u011fdu, hangi yollardan ge\u00e7ti ve moden ulus devletlerin kurulmas\u0131n\u0131 nas\u0131l sa\u011flad\u0131? Bug\u00fcn\u00fcn politik ikliminde neden tekrar canland\u0131 ve etki alan\u0131n\u0131 geni\u015fletti?  Elinizdeki kitap bir tarih kitab\u0131 de\u011fildir. Tam aksine tarihselli\u011fine g\u00f6z atan ama \u00f6z\u00fcnde g\u00fcncel olarak bir problem haline gelen milliyet\u00e7ili\u011fi anlama gayretidir. Bunun i\u00e7in modernite ba\u011flam\u0131na yani d\u00fcnyay\u0131 d\u00f6n\u00fc\u015ft\u00fcr\u00fcp \u015fimdiki haline getiren iktisadi, toplumsal ve siyasi s\u00fcre\u00e7lere milliyet\u00e7ili\u011fi sa\u011flam bir \u015fekilde oturtmam\u0131z gerekir.     Milliyet\u00e7i, ayr\u0131l\u0131k\u00e7\u0131 ve kimileri taraf\u0131ndan neo-milliyet\u00e7i olarak adland\u0131r\u0131lan hareketlerin geli\u015fimi, gittik\u00e7e k\u00fcreselle\u015fti\u011fi d\u00fc\u015f\u00fcn\u00fclen bir d\u00fcnyada yeniden ivme kazand\u0131. Bu t\u00fcr hareketlerde Do\u011fu\u2019dan Bat\u0131\u2019ya, G\u00fcney\u2019den Kuzey\u2019e bir canlanma g\u00f6zleniyor. Buna ek olarak, Avrupa\u2019da, Avusturalya\u2019da, ABD\u2019de ve daha bir\u00e7ok ba\u015fka yerde, ideolojilerinin ana bile\u015feni milliyet\u00e7ilik olan a\u015f\u0131r\u0131 sa\u011f\u0131n siyasi faaliyetlerine verilen siyasi destekte de bir art\u0131\u015f g\u00f6r\u00fcl\u00fcyor.    Milliyet\u00e7ilik modern ulus devletleri y\u00f6netenler taraf\u0131ndan, ayakta kalma stratejisine g\u00fc\u00e7 veren bir kuvvet olarak alg\u0131lan\u0131yor ve ihtiya\u00e7 duyuluyor. Etnisite, kimlik, ulusalc\u0131l\u0131k, yurtseverlik, muhafazakarl\u0131k gibi do\u011frudan milliyet\u00e7ili\u011fe g\u00f6nderme yapmayan mah\u00e7up kavramlar da her ge\u00e7en g\u00fcn daha pop\u00fcler oluyor.    Milliyet\u00e7ili\u011fin demokrasi kavram\u0131 ile ili\u015fkisi de problemli. Biri d\u0131\u015flay\u0131c\u0131 bir tutum tak\u0131n\u0131rken, ikincisi \u00f6tekini tan\u0131yan, konu\u015fmak ve tart\u0131\u015fmak isteyen ve varl\u0131\u011f\u0131n\u0131 farkl\u0131 g\u00f6r\u00fc\u015f ve topluluklar\u0131n ifade g\u00fcc\u00fcne dayayan siyasi bir kavram.    Milliyet\u00e7ili\u011fin in\u015fa s\u00fcreci, \u00f6z\u00fcnde \u00e7ok yeni tarihselli\u011fi ve b\u00fct\u00fcn etraf\u0131nda dolanan kavramlarla ili\u015fkisi enine boyuna elinizdeki kitap boyunca tart\u0131\u015f\u0131l\u0131yor. G\u00fcnl\u00fck sosyolojik hayat\u0131m\u0131z\u0131, modern ulus devletlerin politik duru\u015flar\u0131n\u0131, s\u0131n\u0131rlar\u0131, s\u0131n\u0131r \u00f6tesi ve i\u00e7indekilerle ili\u015fkilerimizi ve en sonunda k\u00fcresel d\u00fcnyan\u0131n b\u00fct\u00fcn problemlerinin i\u00e7inde bulunan milliyet\u00e7ili\u011fi daha fazla tart\u0131\u015fmaya ihtiyac\u0131m\u0131z var. <\/p>\n","protected":false},"excerpt":{"rendered":"<p>D\u00fcn\u00fc, bug\u00fcn\u00fc ve yar\u0131n\u0131 ile ele\u015ftirel akl\u0131m\u0131z\u0131n s\u00fczgecinden ge\u00e7irmek zorunda oldu\u011fumuz milliyet\u00e7ilik nedir? Nereden do\u011fdu, hangi yollardan ge\u00e7ti ve moden ulus devletlerin kurulmas\u0131n\u0131 nas\u0131l sa\u011flad\u0131? Bug\u00fcn\u00fcn<span class=\"excerpt-hellip\"> [\u2026]<\/span><\/p>\n","protected":false},"featured_media":0,"template":"","meta":{"_monsterinsights_skip_tracking":false,"_monsterinsights_sitenote_active":false,"_monsterinsights_sitenote_note":"","_monsterinsights_sitenote_category":0},"product_brand":[],"product_cat":[13059,12337],"product_tag":[],"class_list":{"0":"post-722848","1":"product","2":"type-product","3":"status-publish","5":"product_cat-diger-politika-siyaset","6":"product_cat-politika-siyaset","7":"pa_cilt-ciltsiz","8":"pa_tur-kitap","9":"pa_yayinevi-yeni-insan-yayinlari","10":"pa_yazar-philip-spencer-howard-wollman","12":"first","13":"instock","14":"sale","15":"shipping-taxable","16":"purchasable","17":"product-type-simple"},"_links":{"self":[{"href":"https:\/\/roveyayinevi.com.tr\/index.php\/wp-json\/wp\/v2\/product\/722848","targetHints":{"allow":["GET"]}}],"collection":[{"href":"https:\/\/roveyayinevi.com.tr\/index.php\/wp-json\/wp\/v2\/product"}],"about":[{"href":"https:\/\/roveyayinevi.com.tr\/index.php\/wp-json\/wp\/v2\/types\/product"}],"wp:attachment":[{"href":"https:\/\/roveyayinevi.com.tr\/index.php\/wp-json\/wp\/v2\/media?parent=722848"}],"wp:term":[{"taxonomy":"product_brand","embeddable":true,"href":"https:\/\/roveyayinevi.com.tr\/index.php\/wp-json\/wp\/v2\/product_brand?post=722848"},{"taxonomy":"product_cat","embeddable":true,"href":"https:\/\/roveyayinevi.com.tr\/index.php\/wp-json\/wp\/v2\/product_cat?post=722848"},{"taxonomy":"product_tag","embeddable":true,"href":"https:\/\/roveyayinevi.com.tr\/index.php\/wp-json\/wp\/v2\/product_tag?post=722848"}],"curies":[{"name":"wp","href":"https:\/\/api.w.org\/{rel}","templated":true}]}}