{"id":722847,"date":"2025-08-27T19:09:54","date_gmt":"2025-08-27T16:09:54","guid":{"rendered":"https:\/\/roveyayinevi.com.tr\/index.php\/urun\/alevilerin-inanc-yolculugu\/"},"modified":"2025-11-21T05:52:36","modified_gmt":"2025-11-21T02:52:36","slug":"alevilerin-inanc-yolculugu","status":"publish","type":"product","link":"https:\/\/roveyayinevi.com.tr\/index.php\/urun\/alevilerin-inanc-yolculugu\/","title":{"rendered":"Alevilerin \u0130nan\u00e7 Yolculu\u011fu"},"content":{"rendered":"<p>K\u00f6kleri milattan \u00f6nceki y\u0131llara dayanan, insanl\u0131\u011f\u0131n ortak de\u011ferlerini y\u00fcceltmi\u015f ve bu de\u011ferler i\u00e7in m\u00fccadele edip can\u0131n\u0131, kan\u0131n\u0131 vermi\u015f olan, bug\u00fcn ise evrensel sosyalizmle b\u00fcy\u00fck oranda \u00f6rt\u00fc\u015fen Anadolu Alevi felsefesini ayd\u0131nlanman\u0131n \u00f6nemli bir kayna\u011f\u0131 olarak kabullenip, toplumu ahlaks\u0131zl\u0131\u011fa, \u00e7\u00fcr\u00fcm\u00fc\u015fl\u00fc\u011fe, diktat\u00f6rl\u00fc\u011fe ve s\u00f6m\u00fcr\u00fcye kar\u015f\u0131 yeniden aya\u011fa kald\u0131r\u0131p dincilikten, yobazl\u0131ktan ar\u0131nd\u0131r\u0131lm\u0131\u015f \u00e7a\u011fda\u015f bir yap\u0131 i\u00e7in m\u00fccadele etmek i\u00e7in Alevilerin inan\u00e7 yolculu\u011funu \u00e7ok iyi bilmek gerekmektedir. <\/p>\n","protected":false},"excerpt":{"rendered":"<p>K\u00f6kleri milattan \u00f6nceki y\u0131llara dayanan, insanl\u0131\u011f\u0131n ortak de\u011ferlerini y\u00fcceltmi\u015f ve bu de\u011ferler i\u00e7in m\u00fccadele edip can\u0131n\u0131, kan\u0131n\u0131 vermi\u015f olan, bug\u00fcn ise evrensel sosyalizmle b\u00fcy\u00fck oranda \u00f6rt\u00fc\u015fen<span class=\"excerpt-hellip\"> [\u2026]<\/span><\/p>\n","protected":false},"featured_media":0,"template":"","meta":{"_monsterinsights_skip_tracking":false,"_monsterinsights_sitenote_active":false,"_monsterinsights_sitenote_note":"","_monsterinsights_sitenote_category":0},"product_brand":[],"product_cat":[13575,12718,12719],"product_tag":[],"class_list":{"0":"post-722847","1":"product","2":"type-product","3":"status-publish","5":"product_cat-alevilik-bektasilik","6":"product_cat-din","7":"product_cat-islam","8":"pa_cilt-ciltsiz","9":"pa_tur-kitap","10":"pa_yayinevi-favori-yayinlari","11":"pa_yazar-ismail-bilgilier","13":"first","14":"instock","15":"sale","16":"shipping-taxable","17":"purchasable","18":"product-type-simple"},"_links":{"self":[{"href":"https:\/\/roveyayinevi.com.tr\/index.php\/wp-json\/wp\/v2\/product\/722847","targetHints":{"allow":["GET"]}}],"collection":[{"href":"https:\/\/roveyayinevi.com.tr\/index.php\/wp-json\/wp\/v2\/product"}],"about":[{"href":"https:\/\/roveyayinevi.com.tr\/index.php\/wp-json\/wp\/v2\/types\/product"}],"wp:attachment":[{"href":"https:\/\/roveyayinevi.com.tr\/index.php\/wp-json\/wp\/v2\/media?parent=722847"}],"wp:term":[{"taxonomy":"product_brand","embeddable":true,"href":"https:\/\/roveyayinevi.com.tr\/index.php\/wp-json\/wp\/v2\/product_brand?post=722847"},{"taxonomy":"product_cat","embeddable":true,"href":"https:\/\/roveyayinevi.com.tr\/index.php\/wp-json\/wp\/v2\/product_cat?post=722847"},{"taxonomy":"product_tag","embeddable":true,"href":"https:\/\/roveyayinevi.com.tr\/index.php\/wp-json\/wp\/v2\/product_tag?post=722847"}],"curies":[{"name":"wp","href":"https:\/\/api.w.org\/{rel}","templated":true}]}}