{"id":722846,"date":"2025-08-27T19:09:53","date_gmt":"2025-08-27T16:09:53","guid":{"rendered":"https:\/\/roveyayinevi.com.tr\/index.php\/urun\/kucuk-kara-balik-16\/"},"modified":"2026-04-16T02:30:40","modified_gmt":"2026-04-15T23:30:40","slug":"kucuk-kara-balik-16","status":"publish","type":"product","link":"https:\/\/roveyayinevi.com.tr\/index.php\/urun\/kucuk-kara-balik-16\/","title":{"rendered":"K\u00fc\u00e7\u00fck Kara Bal\u0131k"},"content":{"rendered":"<p>Azeri as\u0131ll\u0131 \u0130ranl\u0131 yazar Samed Behrengi, geleneksel anlat\u0131lar\u0131 modern temalarla harmanlad\u0131\u011f\u0131 eserleriyle \u00e7ocuk edebiyat\u0131ndaki sars\u0131lmaz yerini \u00e7oktan ald\u0131. Onun masallar\u0131, \u00f6yk\u00fcleri y\u0131llard\u0131r \u00e7ocuklara insan olman\u0131n d\u00fc\u015f\u00fcnmek ve sorgulamakla ba\u015flad\u0131\u011f\u0131n\u0131, m\u00fccadele etmeden, adaletin ve \u00f6zg\u00fcrl\u00fc\u011f\u00fcn pe\u015finde ko\u015fmadan insan kal\u0131namayaca\u011f\u0131n\u0131 anlat\u0131yor.Puna Haeri\u2019nin Fars\u00e7a asl\u0131ndan \u00f6zenli ve titiz \u00e7evirisi, \u00e7i\u00e7e\u011fi burnunda \u00e7izerimiz Ece B\u00fc\u015fra Ery\u0131lmaz\u2019\u0131n incelikli suluboya resimleriyle Behrengi\u2019nin \u00e7a\u011flar boyunca ya\u015flanmayacak. K\u00fc\u00e7\u00fck Kara Bal\u0131k\u2019\u0131, Beyaz Balina\u2019dan bir kez daha do\u011fuyor\u2026<\/p>\n","protected":false},"excerpt":{"rendered":"<p>Azeri as\u0131ll\u0131 \u0130ranl\u0131 yazar Samed Behrengi, geleneksel anlat\u0131lar\u0131 modern temalarla harmanlad\u0131\u011f\u0131 eserleriyle \u00e7ocuk edebiyat\u0131ndaki sars\u0131lmaz yerini \u00e7oktan ald\u0131. Onun masallar\u0131, \u00f6yk\u00fcleri y\u0131llard\u0131r \u00e7ocuklara insan olman\u0131n d\u00fc\u015f\u00fcnmek<span class=\"excerpt-hellip\"> [\u2026]<\/span><\/p>\n","protected":false},"featured_media":0,"template":"","meta":{"_monsterinsights_skip_tracking":false,"_monsterinsights_sitenote_active":false,"_monsterinsights_sitenote_note":"","_monsterinsights_sitenote_category":0},"product_brand":[],"product_cat":[12275,12274],"product_tag":[],"class_list":{"0":"post-722846","1":"product","2":"type-product","3":"status-publish","5":"product_cat-6-12-yas-kitaplari","6":"product_cat-cocuk-ve-genclik-kitaplari","7":"pa_cilt-ciltsiz","8":"pa_tur-kitap","9":"pa_yayinevi-beyaz-balina-yayinlari","10":"pa_yazar-samed-behrengi","12":"first","13":"instock","14":"sale","15":"shipping-taxable","16":"purchasable","17":"product-type-simple"},"_links":{"self":[{"href":"https:\/\/roveyayinevi.com.tr\/index.php\/wp-json\/wp\/v2\/product\/722846","targetHints":{"allow":["GET"]}}],"collection":[{"href":"https:\/\/roveyayinevi.com.tr\/index.php\/wp-json\/wp\/v2\/product"}],"about":[{"href":"https:\/\/roveyayinevi.com.tr\/index.php\/wp-json\/wp\/v2\/types\/product"}],"wp:attachment":[{"href":"https:\/\/roveyayinevi.com.tr\/index.php\/wp-json\/wp\/v2\/media?parent=722846"}],"wp:term":[{"taxonomy":"product_brand","embeddable":true,"href":"https:\/\/roveyayinevi.com.tr\/index.php\/wp-json\/wp\/v2\/product_brand?post=722846"},{"taxonomy":"product_cat","embeddable":true,"href":"https:\/\/roveyayinevi.com.tr\/index.php\/wp-json\/wp\/v2\/product_cat?post=722846"},{"taxonomy":"product_tag","embeddable":true,"href":"https:\/\/roveyayinevi.com.tr\/index.php\/wp-json\/wp\/v2\/product_tag?post=722846"}],"curies":[{"name":"wp","href":"https:\/\/api.w.org\/{rel}","templated":true}]}}