{"id":722844,"date":"2025-08-27T19:09:52","date_gmt":"2025-08-27T16:09:52","guid":{"rendered":"https:\/\/roveyayinevi.com.tr\/index.php\/urun\/sozsuz-sikinti-2\/"},"modified":"2026-04-16T02:30:40","modified_gmt":"2026-04-15T23:30:40","slug":"sozsuz-sikinti-2","status":"publish","type":"product","link":"https:\/\/roveyayinevi.com.tr\/index.php\/urun\/sozsuz-sikinti-2\/","title":{"rendered":"S\u00f6zs\u00fcz S\u0131k\u0131nt\u0131 2"},"content":{"rendered":"<p>Yalan ne yaln\u0131zca kullan\u0131lan kelimelerden ne de s\u00f6ze d\u00f6k\u00fclmemi\u015f davran\u0131\u015flardan anla\u015f\u0131labilir. Yeti\u015fkin insanlar\u0131 yalan s\u00f6ylerken, k\u00fc\u00e7\u00fck \u00e7ocuklardan ay\u0131ran en \u00f6nemli \u00f6zellik, onlar\u0131n t\u00fcm v\u00fccutlar\u0131n\u0131 ve gayretlerini kullanarak yalan s\u00f6yledikleridir. Bu nedenle yalan yakalamak zahmetli ve bir o kadar zorlay\u0131c\u0131 bir \u00e7abad\u0131r. S\u00f6zs\u00fcz S\u0131z\u0131nt\u0131 2\u2019nin tamam\u0131 yalan yakalamaya yararl\u0131 ipu\u00e7lar\u0131 ta\u015f\u0131r. \u0130nsanlar\u0131n yalan\u0131n\u0131 yakalamaya \u00e7al\u0131\u015fmaktan \u00f6nce, onlar\u0131 tan\u0131maya \u00e7al\u0131\u015f\u0131n. Gerisi kendili\u011finden gelecektir. Bu kitap, kendinizi ve ba\u015fkalar\u0131n\u0131 tan\u0131man\u0131n el kitab\u0131d\u0131r.<\/p>\n","protected":false},"excerpt":{"rendered":"<p>Yalan ne yaln\u0131zca kullan\u0131lan kelimelerden ne de s\u00f6ze d\u00f6k\u00fclmemi\u015f davran\u0131\u015flardan anla\u015f\u0131labilir. Yeti\u015fkin insanlar\u0131 yalan s\u00f6ylerken, k\u00fc\u00e7\u00fck \u00e7ocuklardan ay\u0131ran en \u00f6nemli \u00f6zellik, onlar\u0131n t\u00fcm v\u00fccutlar\u0131n\u0131 ve gayretlerini<span class=\"excerpt-hellip\"> [\u2026]<\/span><\/p>\n","protected":false},"featured_media":0,"template":"","meta":{"_monsterinsights_skip_tracking":false,"_monsterinsights_sitenote_active":false,"_monsterinsights_sitenote_note":"","_monsterinsights_sitenote_category":0},"product_brand":[],"product_cat":[12364,12376],"product_tag":[],"class_list":{"0":"post-722844","1":"product","2":"type-product","3":"status-publish","5":"product_cat-genel-konular","6":"product_cat-kisisel-gelisim","7":"pa_cilt-ciltsiz","8":"pa_tur-kitap","9":"pa_yayinevi-inkilap-kitabevi","10":"pa_yazar-emrah-akcay","12":"first","13":"instock","14":"sale","15":"shipping-taxable","16":"purchasable","17":"product-type-simple"},"_links":{"self":[{"href":"https:\/\/roveyayinevi.com.tr\/index.php\/wp-json\/wp\/v2\/product\/722844","targetHints":{"allow":["GET"]}}],"collection":[{"href":"https:\/\/roveyayinevi.com.tr\/index.php\/wp-json\/wp\/v2\/product"}],"about":[{"href":"https:\/\/roveyayinevi.com.tr\/index.php\/wp-json\/wp\/v2\/types\/product"}],"wp:attachment":[{"href":"https:\/\/roveyayinevi.com.tr\/index.php\/wp-json\/wp\/v2\/media?parent=722844"}],"wp:term":[{"taxonomy":"product_brand","embeddable":true,"href":"https:\/\/roveyayinevi.com.tr\/index.php\/wp-json\/wp\/v2\/product_brand?post=722844"},{"taxonomy":"product_cat","embeddable":true,"href":"https:\/\/roveyayinevi.com.tr\/index.php\/wp-json\/wp\/v2\/product_cat?post=722844"},{"taxonomy":"product_tag","embeddable":true,"href":"https:\/\/roveyayinevi.com.tr\/index.php\/wp-json\/wp\/v2\/product_tag?post=722844"}],"curies":[{"name":"wp","href":"https:\/\/api.w.org\/{rel}","templated":true}]}}