{"id":722842,"date":"2025-08-27T19:09:50","date_gmt":"2025-08-27T16:09:50","guid":{"rendered":"https:\/\/roveyayinevi.com.tr\/index.php\/urun\/kizil-sebeke\/"},"modified":"2026-04-16T02:30:40","modified_gmt":"2026-04-15T23:30:40","slug":"kizil-sebeke","status":"publish","type":"product","link":"https:\/\/roveyayinevi.com.tr\/index.php\/urun\/kizil-sebeke\/","title":{"rendered":"K\u0131z\u0131l \u015eebeke"},"content":{"rendered":"<p>Anadolu\u2019da bir Osmanl\u0131 sanca\u011f\u0131nda iki cinayet i\u015flenmi\u015ftir. Ayn\u0131 usulle i\u015flenen bu cinayetlerin maktulleri kilitli odalarda bulunur.\u0130\u015flenmesi imk\u00e2ns\u0131z g\u00f6r\u00fcnen bu cinayetleri Sultan taraf\u0131ndan \u0130stanbul\u2019dan g\u00f6revlendirilen E\u015frefzade \u0130dris Bey \u00e7\u00f6zecektir. Gizemli aile \u00fcyelerinden i\u015f ortaklar\u0131na, evdeki hizmetliden mahalle esnaf\u0131na kadar herkes \u015f\u00fcpheliler listesinde&#8230;     \u0130dris Bey, somut delilleri toplamakta usta olmas\u0131n\u0131n yan\u0131 s\u0131ra ak\u0131l y\u00fcr\u00fctme becerisi sayesinde pek \u00e7ok ki\u015finin g\u00f6remedi\u011fi detaylar\u0131 g\u00f6rmektedir. Ad\u0131m ad\u0131m iz s\u00fcrerek katilin pe\u015fine d\u00fc\u015fer fakat kendini Devlet-i \u00c2li\u2019nin dahi i\u00e7ine s\u0131zm\u0131\u015f bir ihanet a\u011f\u0131n\u0131n ortas\u0131nda bulur. Mesele tahmin etti\u011finden \u00e7ok daha b\u00fcy\u00fckt\u00fcr.Yard\u0131mc\u0131lar\u0131 Zabit Musa Bey ve afacan sokak \u00e7ocu\u011fu Ali Cengiz ile hainlerin pe\u015fine d\u00fc\u015fen \u0130dris Bey\u2019in maceralar\u0131 K\u0131z\u0131l \u015eebeke ile ba\u015fl\u0131yor. <\/p>\n","protected":false},"excerpt":{"rendered":"<p>Anadolu\u2019da bir Osmanl\u0131 sanca\u011f\u0131nda iki cinayet i\u015flenmi\u015ftir. Ayn\u0131 usulle i\u015flenen bu cinayetlerin maktulleri kilitli odalarda bulunur.\u0130\u015flenmesi imk\u00e2ns\u0131z g\u00f6r\u00fcnen bu cinayetleri Sultan taraf\u0131ndan \u0130stanbul\u2019dan g\u00f6revlendirilen E\u015frefzade \u0130dris<span class=\"excerpt-hellip\"> [\u2026]<\/span><\/p>\n","protected":false},"featured_media":0,"template":"","meta":{"_monsterinsights_skip_tracking":false,"_monsterinsights_sitenote_active":false,"_monsterinsights_sitenote_note":"","_monsterinsights_sitenote_category":0},"product_brand":[],"product_cat":[12291,12711],"product_tag":[],"class_list":{"0":"post-722842","1":"product","2":"type-product","3":"status-publish","5":"product_cat-edebiyat","6":"product_cat-roman-oyku","7":"pa_cilt-ciltsiz","8":"pa_tur-kitap","9":"pa_yayinevi-inkilap-kitabevi","10":"pa_yazar-ayfer-kafkas","12":"first","13":"instock","14":"sale","15":"shipping-taxable","16":"purchasable","17":"product-type-simple"},"_links":{"self":[{"href":"https:\/\/roveyayinevi.com.tr\/index.php\/wp-json\/wp\/v2\/product\/722842","targetHints":{"allow":["GET"]}}],"collection":[{"href":"https:\/\/roveyayinevi.com.tr\/index.php\/wp-json\/wp\/v2\/product"}],"about":[{"href":"https:\/\/roveyayinevi.com.tr\/index.php\/wp-json\/wp\/v2\/types\/product"}],"wp:attachment":[{"href":"https:\/\/roveyayinevi.com.tr\/index.php\/wp-json\/wp\/v2\/media?parent=722842"}],"wp:term":[{"taxonomy":"product_brand","embeddable":true,"href":"https:\/\/roveyayinevi.com.tr\/index.php\/wp-json\/wp\/v2\/product_brand?post=722842"},{"taxonomy":"product_cat","embeddable":true,"href":"https:\/\/roveyayinevi.com.tr\/index.php\/wp-json\/wp\/v2\/product_cat?post=722842"},{"taxonomy":"product_tag","embeddable":true,"href":"https:\/\/roveyayinevi.com.tr\/index.php\/wp-json\/wp\/v2\/product_tag?post=722842"}],"curies":[{"name":"wp","href":"https:\/\/api.w.org\/{rel}","templated":true}]}}