{"id":722839,"date":"2025-08-27T19:09:47","date_gmt":"2025-08-27T16:09:47","guid":{"rendered":"https:\/\/roveyayinevi.com.tr\/index.php\/urun\/gelmis-gecmis-en-kotu-kitabim\/"},"modified":"2026-04-16T02:30:39","modified_gmt":"2026-04-15T23:30:39","slug":"gelmis-gecmis-en-kotu-kitabim","status":"publish","type":"product","link":"https:\/\/roveyayinevi.com.tr\/index.php\/urun\/gelmis-gecmis-en-kotu-kitabim\/","title":{"rendered":"Gelmi\u015f Ge\u00e7mi\u015f En K\u00f6t\u00fc Kitab\u0131m"},"content":{"rendered":"<p>\u00c7ocuklara kitap yay\u0131nlama s\u00fcrecini e\u011flenceli bir dille aktaran bir kitap\u2026Bir kitap yazmaya karar verdi\u011finizde kalem defter \u00f6n\u00fcn\u00fczdeyse ve ne yazaca\u011f\u0131n\u0131z\u0131 biliyorsan\u0131z ne yanl\u0131\u015f gidebilir ki?Akl\u0131nda timsah ile ilgili bir hik\u00e2ye yazmak olan yazar bunu k\u00e2\u011f\u0131da d\u00f6kmek i\u00e7in yaz\u0131 masas\u0131na oturur. Evin yaramaz kedisinin masadaki fincan\u0131 k\u00e2\u011f\u0131tlar\u0131n \u00fcst\u00fcne devirmesiyle ba\u015flayan aksiliklerin ard\u0131 arkas\u0131 kesilmez. Mesela timsah\u0131 \u00e7ok s\u0131k\u0131c\u0131 bulan ill\u00fcstrat\u00f6r timsah yerine bir suayg\u0131r\u0131 \u00e7iziverir. Edit\u00f6r ise bunu dinozorla de\u011fi\u015ftirmeyi \u00f6nerir. Bask\u0131 a\u015famas\u0131nda da baz\u0131 sakarl\u0131klar ya\u015fan\u0131r. Yazar\u0131n eline ald\u0131\u011f\u0131 kitapla hayalini kurdu\u011fu bamba\u015fkad\u0131r.<\/p>\n","protected":false},"excerpt":{"rendered":"<p>\u00c7ocuklara kitap yay\u0131nlama s\u00fcrecini e\u011flenceli bir dille aktaran bir kitap\u2026Bir kitap yazmaya karar verdi\u011finizde kalem defter \u00f6n\u00fcn\u00fczdeyse ve ne yazaca\u011f\u0131n\u0131z\u0131 biliyorsan\u0131z ne yanl\u0131\u015f gidebilir ki?Akl\u0131nda timsah<span class=\"excerpt-hellip\"> [\u2026]<\/span><\/p>\n","protected":false},"featured_media":0,"template":"","meta":{"_monsterinsights_skip_tracking":false,"_monsterinsights_sitenote_active":false,"_monsterinsights_sitenote_note":"","_monsterinsights_sitenote_category":0},"product_brand":[],"product_cat":[12274,12284],"product_tag":[],"class_list":{"0":"post-722839","1":"product","2":"type-product","3":"status-publish","5":"product_cat-cocuk-ve-genclik-kitaplari","6":"product_cat-hikayeler","7":"pa_cilt-ciltsiz","8":"pa_tur-kitap","9":"pa_yayinevi-hep-kitap","10":"pa_yazar-allan-ahlberg","12":"first","13":"instock","14":"sale","15":"shipping-taxable","16":"purchasable","17":"product-type-simple"},"_links":{"self":[{"href":"https:\/\/roveyayinevi.com.tr\/index.php\/wp-json\/wp\/v2\/product\/722839","targetHints":{"allow":["GET"]}}],"collection":[{"href":"https:\/\/roveyayinevi.com.tr\/index.php\/wp-json\/wp\/v2\/product"}],"about":[{"href":"https:\/\/roveyayinevi.com.tr\/index.php\/wp-json\/wp\/v2\/types\/product"}],"wp:attachment":[{"href":"https:\/\/roveyayinevi.com.tr\/index.php\/wp-json\/wp\/v2\/media?parent=722839"}],"wp:term":[{"taxonomy":"product_brand","embeddable":true,"href":"https:\/\/roveyayinevi.com.tr\/index.php\/wp-json\/wp\/v2\/product_brand?post=722839"},{"taxonomy":"product_cat","embeddable":true,"href":"https:\/\/roveyayinevi.com.tr\/index.php\/wp-json\/wp\/v2\/product_cat?post=722839"},{"taxonomy":"product_tag","embeddable":true,"href":"https:\/\/roveyayinevi.com.tr\/index.php\/wp-json\/wp\/v2\/product_tag?post=722839"}],"curies":[{"name":"wp","href":"https:\/\/api.w.org\/{rel}","templated":true}]}}