{"id":722838,"date":"2025-08-27T19:09:47","date_gmt":"2025-08-27T16:09:47","guid":{"rendered":"https:\/\/roveyayinevi.com.tr\/index.php\/urun\/keske-anne-babam-da-okusaydi-dediginiz-bir-kitap\/"},"modified":"2026-04-12T02:36:40","modified_gmt":"2026-04-11T23:36:40","slug":"keske-anne-babam-da-okusaydi-dediginiz-bir-kitap","status":"publish","type":"product","link":"https:\/\/roveyayinevi.com.tr\/index.php\/urun\/keske-anne-babam-da-okusaydi-dediginiz-bir-kitap\/","title":{"rendered":"Ke\u015fke Anne Babam Da Okusayd\u0131 Dedi\u011finiz Bir Kitap"},"content":{"rendered":"<p>\u201cBu basit bir ebeveynlik kitab\u0131 de\u011fil.Bu kitap, \u00e7ocuklar\u0131m\u0131zla nas\u0131l ili\u015fkilerimiz oldu\u011fu, iyi ba\u011f kurabilmeyi neyin engelledi\u011fi ve bu ba\u011f\u0131n nas\u0131l geli\u015ftirilebilece\u011fi hakk\u0131nda.Bu kitap, bizim nas\u0131l yeti\u015ftirildi\u011fimiz ve bunun bizim ebeveynli\u011fimiz \u00fczerindeki etkileri, yapaca\u011f\u0131m\u0131z hatalar \u00f6zellikle de hi\u00e7 yapmak istemediklerimiz ve bunlarla ilgili ne yapmam\u0131z gerekti\u011fi hakk\u0131nda.Bu kitapta ebeveynlikle ilgili p\u00fcf noktalar veya kestirme yollar bulamayacaks\u0131n\u0131z, hatta bu kitap bazen sinirinizi bozup, sizi \u00f6fkelendirebilir veya daha iyi bir ebeveyn olman\u0131z\u0131 sa\u011flayabilir. \u0130lk ebeveyn oldu\u011fum zamanlarda okumu\u015f olmay\u0131 diledi\u011fim ve ke\u015fke annem babam da okumu\u015f olsayd\u0131 dedi\u011fim kitab\u0131 yazd\u0131m.\u201d<\/p>\n","protected":false},"excerpt":{"rendered":"<p>\u201cBu basit bir ebeveynlik kitab\u0131 de\u011fil.Bu kitap, \u00e7ocuklar\u0131m\u0131zla nas\u0131l ili\u015fkilerimiz oldu\u011fu, iyi ba\u011f kurabilmeyi neyin engelledi\u011fi ve bu ba\u011f\u0131n nas\u0131l geli\u015ftirilebilece\u011fi hakk\u0131nda.Bu kitap, bizim nas\u0131l yeti\u015ftirildi\u011fimiz<span class=\"excerpt-hellip\"> [\u2026]<\/span><\/p>\n","protected":false},"featured_media":0,"template":"","meta":{"_monsterinsights_skip_tracking":false,"_monsterinsights_sitenote_active":false,"_monsterinsights_sitenote_note":"","_monsterinsights_sitenote_category":0},"product_brand":[],"product_cat":[12364,12376],"product_tag":[],"class_list":{"0":"post-722838","1":"product","2":"type-product","3":"status-publish","5":"product_cat-genel-konular","6":"product_cat-kisisel-gelisim","7":"pa_cilt-ciltsiz","8":"pa_tur-kitap","9":"pa_yayinevi-hep-kitap","10":"pa_yazar-philippa-perry","12":"first","13":"instock","14":"sale","15":"shipping-taxable","16":"purchasable","17":"product-type-simple"},"_links":{"self":[{"href":"https:\/\/roveyayinevi.com.tr\/index.php\/wp-json\/wp\/v2\/product\/722838","targetHints":{"allow":["GET"]}}],"collection":[{"href":"https:\/\/roveyayinevi.com.tr\/index.php\/wp-json\/wp\/v2\/product"}],"about":[{"href":"https:\/\/roveyayinevi.com.tr\/index.php\/wp-json\/wp\/v2\/types\/product"}],"wp:attachment":[{"href":"https:\/\/roveyayinevi.com.tr\/index.php\/wp-json\/wp\/v2\/media?parent=722838"}],"wp:term":[{"taxonomy":"product_brand","embeddable":true,"href":"https:\/\/roveyayinevi.com.tr\/index.php\/wp-json\/wp\/v2\/product_brand?post=722838"},{"taxonomy":"product_cat","embeddable":true,"href":"https:\/\/roveyayinevi.com.tr\/index.php\/wp-json\/wp\/v2\/product_cat?post=722838"},{"taxonomy":"product_tag","embeddable":true,"href":"https:\/\/roveyayinevi.com.tr\/index.php\/wp-json\/wp\/v2\/product_tag?post=722838"}],"curies":[{"name":"wp","href":"https:\/\/api.w.org\/{rel}","templated":true}]}}