{"id":722836,"date":"2025-08-27T19:09:45","date_gmt":"2025-08-27T16:09:45","guid":{"rendered":"https:\/\/roveyayinevi.com.tr\/index.php\/urun\/duvar-4\/"},"modified":"2026-04-16T02:30:39","modified_gmt":"2026-04-15T23:30:39","slug":"duvar-4","status":"publish","type":"product","link":"https:\/\/roveyayinevi.com.tr\/index.php\/urun\/duvar-4\/","title":{"rendered":"Duvar"},"content":{"rendered":"<p>Fr\u00e9d\u00e9ric Maupom\u00e9&#8217;un yaz\u0131p St\u00e9phane S\u00e9n\u00e9gas&#8217;n\u0131n resimledi\u011fi Duvar, oyun oynama haklar\u0131 ve \u00f6zg\u00fcrl\u00fckleri k\u0131s\u0131tlanan bir grup ufakl\u0131\u011f\u0131n sergiledi\u011fi ilham verici m\u00fccadeleyi ve dayan\u0131\u015fmay\u0131 konu edinen, ya\u015fs\u0131z bir eser.Ruhumuzun derinliklerine i\u015fleyen hik\u00e2yesi ve zihinlerde \u00e7arp\u0131c\u0131 izler b\u0131rakan resimleriyle hi\u00e7bir kitapseverin kay\u0131ts\u0131z kalamayaca\u011f\u0131 Duvar, hayat\u0131m\u0131zdaki \u00e7izgilerin, s\u0131n\u0131rlar\u0131n \u00e7o\u011fu zaman bizim eserimiz oldu\u011funa dikkat \u00e7ekiyor, herkesi bu k\u00fc\u00e7\u00fck ayr\u0131nt\u0131 \u00fczerine d\u00fc\u015f\u00fcnmeye davet ediyor.Her g\u00fcn d\u00fcnyan\u0131n farkl\u0131 bir k\u00f6\u015fesinde y\u00fckselmeye ba\u015flayan &#8221;ger\u00e7ek&#8221; ya da &#8221;g\u00f6lge&#8221; \u00e7izgileri oyunun birle\u015ftirici g\u00fcc\u00fcyle ele\u015ftirme yoluna giden bu evrensel hik\u00e2ye, ba\u015fkalar\u0131n\u0131n dayatt\u0131\u011f\u0131 s\u0131n\u0131rlarda daha fazla oynamak istemeyen \u00f6zg\u00fcr ruhlar\u0131n sesi oluyor.Ba\u015flang\u0131\u00e7ta, sadece bir \u00e7izgiydi. Zar zor fark ediliyordu\u2026 Ard\u0131ndan &#8221;hi\u00e7bir \u015fey&#8221;den, &#8221;pek bir \u015fey de\u011fil&#8221;e d\u00f6n\u00fc\u015ft\u00fc. Sonras\u0131nda, bah\u00e7eyi yerden g\u00f6\u011fe b\u00f6len o incecik \u00e7izginin \u00fczerinde yava\u015f yava\u015f bir duvar y\u00fckselmeye ba\u015flad\u0131. Oyun alan\u0131n\u0131 ikiye b\u00f6len, en y\u00fcksek a\u011fa\u00e7lar\u0131n boyunu bile ge\u00e7en duvar b\u00fcy\u00fcd\u00fck\u00e7e ufakl\u0131klar\u0131n oyunu k\u00fc\u00e7\u00fcld\u00fc, dostluklar\u0131 yok olmaya y\u00fcz tuttu. Oysa onlar\u0131 birle\u015ftiren yeg\u00e2ne \u015fey oyundu ve kimsenin bunu onlar\u0131n elinden almaya hakk\u0131 yoktu\u2026Duvar, hayat\u0131m\u0131zdaki, aram\u0131zdaki ve y\u00f6remizdeki onlarca \u00e7izgiye inat, duvarlar\u0131 y\u0131kmaya ant i\u00e7mi\u015f ufakl\u0131klar\u0131n umut tazeleyen hik\u00e2yesini anlat\u0131yor.Ba\u015fkalar\u0131n\u0131n dayatt\u0131\u011f\u0131 kurallara, \u00e7izdi\u011fi s\u0131n\u0131rlara boyun e\u011fmeden ya\u015famak isteyen y\u00fcreklere su serpen bu birle\u015ftirici kitap, herkesi kar\u015f\u0131s\u0131na \u00e7\u0131kan duvarlar\u0131 y\u0131kmaya \u00e7a\u011f\u0131r\u0131yor.<\/p>\n","protected":false},"excerpt":{"rendered":"<p>Fr\u00e9d\u00e9ric Maupom\u00e9&#8217;un yaz\u0131p St\u00e9phane S\u00e9n\u00e9gas&#8217;n\u0131n resimledi\u011fi Duvar, oyun oynama haklar\u0131 ve \u00f6zg\u00fcrl\u00fckleri k\u0131s\u0131tlanan bir grup ufakl\u0131\u011f\u0131n sergiledi\u011fi ilham verici m\u00fccadeleyi ve dayan\u0131\u015fmay\u0131 konu edinen, ya\u015fs\u0131z bir<span class=\"excerpt-hellip\"> [\u2026]<\/span><\/p>\n","protected":false},"featured_media":0,"template":"","meta":{"_monsterinsights_skip_tracking":false,"_monsterinsights_sitenote_active":false,"_monsterinsights_sitenote_note":"","_monsterinsights_sitenote_category":0},"product_brand":[],"product_cat":[12274,12284],"product_tag":[],"class_list":{"0":"post-722836","1":"product","2":"type-product","3":"status-publish","5":"product_cat-cocuk-ve-genclik-kitaplari","6":"product_cat-hikayeler","7":"pa_cilt-ciltsiz","8":"pa_tur-kitap","9":"pa_yayinevi-ucanbalik-yayincilik","10":"pa_yazar-frederic-maupome","12":"first","13":"instock","14":"sale","15":"shipping-taxable","16":"purchasable","17":"product-type-simple"},"_links":{"self":[{"href":"https:\/\/roveyayinevi.com.tr\/index.php\/wp-json\/wp\/v2\/product\/722836","targetHints":{"allow":["GET"]}}],"collection":[{"href":"https:\/\/roveyayinevi.com.tr\/index.php\/wp-json\/wp\/v2\/product"}],"about":[{"href":"https:\/\/roveyayinevi.com.tr\/index.php\/wp-json\/wp\/v2\/types\/product"}],"wp:attachment":[{"href":"https:\/\/roveyayinevi.com.tr\/index.php\/wp-json\/wp\/v2\/media?parent=722836"}],"wp:term":[{"taxonomy":"product_brand","embeddable":true,"href":"https:\/\/roveyayinevi.com.tr\/index.php\/wp-json\/wp\/v2\/product_brand?post=722836"},{"taxonomy":"product_cat","embeddable":true,"href":"https:\/\/roveyayinevi.com.tr\/index.php\/wp-json\/wp\/v2\/product_cat?post=722836"},{"taxonomy":"product_tag","embeddable":true,"href":"https:\/\/roveyayinevi.com.tr\/index.php\/wp-json\/wp\/v2\/product_tag?post=722836"}],"curies":[{"name":"wp","href":"https:\/\/api.w.org\/{rel}","templated":true}]}}