{"id":722828,"date":"2025-08-27T19:09:30","date_gmt":"2025-08-27T16:09:30","guid":{"rendered":"https:\/\/roveyayinevi.com.tr\/index.php\/urun\/dogunun-ve-batinin-buyuk-sultani-alparslan\/"},"modified":"2026-04-16T02:30:39","modified_gmt":"2026-04-15T23:30:39","slug":"dogunun-ve-batinin-buyuk-sultani-alparslan","status":"publish","type":"product","link":"https:\/\/roveyayinevi.com.tr\/index.php\/urun\/dogunun-ve-batinin-buyuk-sultani-alparslan\/","title":{"rendered":"Do\u011fu&#8217;nun ve Bat\u0131&#8217;n\u0131n B\u00fcy\u00fck Sultan\u0131 Alparslan"},"content":{"rendered":"<p>\u0130sl\u00e2m \u00e2leminin t\u0131kanm\u0131\u015fl\u0131k hali ya\u015fad\u0131\u011f\u0131 bir d\u00f6nemde ortaya \u00e7\u0131kan Sel\u00e7uklularla birlikte \u0130sl\u00e2m d\u00fcnyas\u0131 siyas\u00ee birli\u011fini temin etmi\u015f, S\u00fcnn\u00ee \u0130sl\u00e2m anlay\u0131\u015f\u0131 toplumsal hayat\u0131n merkezini olu\u015fturmaya ba\u015flam\u0131\u015f ve bir sonraki a\u015famada T\u00fcrklerin kudretli eliyle Hristiyan d\u00fcnyas\u0131na galebe \u00e7alm\u0131\u015ft\u0131r.Sel\u00e7uklular\u0131n tarih\u00ee rol\u00fc, Malazgirt\u2019te kazand\u0131klar\u0131 zaferle zirve noktas\u0131na eri\u015fmi\u015f, T\u00fcrk-\u0130sl\u00e2m tarihindeki belirleyici konumlar\u0131 bir anlamda m\u00fch\u00fcr gibi tarihe kaz\u0131nm\u0131\u015ft\u0131r. Bu noktada, Stefan Zweig\u2019\u0131n ifadesiyle \u201cinsanl\u0131\u011f\u0131n y\u0131ld\u0131z\u0131n\u0131n parlad\u0131\u011f\u0131 an\u201dda tarih sahnesine \u00e7\u0131kan Sultan Alparslan\u2019a m\u00fcstakil bir parantez a\u00e7\u0131lmal\u0131d\u0131r. Bizans\u2019\u0131 dize getirip Anadolu\u2019nun kap\u0131lar\u0131n\u0131 T\u00fcrklere a\u00e7an Sultan Alparslan, ayn\u0131 zamanda \u0130sl\u00e2m tarihindeki t\u0131kanman\u0131n \u00f6n\u00fcn\u00fc de a\u00e7an isimdir. Dokuz y\u0131ll\u0131k k\u0131sa saltanat d\u00f6neminde, izlerini dokuz y\u00fczy\u0131l boyunca takip edebildi\u011fimiz muazzam bir eser ortaya koyan Sultan Alparslan, tarihin kilidini a\u00e7m\u0131\u015f, \u201cGordion\u2019un D\u00fc\u011f\u00fcm\u00fc\u201dn\u00fc kesmi\u015ftir.Sel\u00e7uklu tarihi alan\u0131nda yapt\u0131\u011f\u0131 dikkat \u00e7ekici \u00e7al\u0131\u015fmalarla bilinen Mustafa Alican, Do\u011fu\u2019nun ve Bat\u0131\u2019n\u0131n B\u00fcy\u00fck Sultan\u0131 Alparslan ad\u0131n\u0131 verdi\u011fi \u00e7al\u0131\u015fmas\u0131nda, akademik bir altyap\u0131ya dayanarak tarihin g\u00f6rd\u00fc\u011f\u00fc en b\u00fcy\u00fck h\u00fck\u00fcmdarlardan birinin ba\u015f d\u00f6nd\u00fcr\u00fcc\u00fc hayat hik\u00e2yesini tek solukta okunacak roman tad\u0131nda bir \u00fcslupla anlat\u0131yor.<\/p>\n","protected":false},"excerpt":{"rendered":"<p>\u0130sl\u00e2m \u00e2leminin t\u0131kanm\u0131\u015fl\u0131k hali ya\u015fad\u0131\u011f\u0131 bir d\u00f6nemde ortaya \u00e7\u0131kan Sel\u00e7uklularla birlikte \u0130sl\u00e2m d\u00fcnyas\u0131 siyas\u00ee birli\u011fini temin etmi\u015f, S\u00fcnn\u00ee \u0130sl\u00e2m anlay\u0131\u015f\u0131 toplumsal hayat\u0131n merkezini olu\u015fturmaya ba\u015flam\u0131\u015f ve<span class=\"excerpt-hellip\"> [\u2026]<\/span><\/p>\n","protected":false},"featured_media":0,"template":"","meta":{"_monsterinsights_skip_tracking":false,"_monsterinsights_sitenote_active":false,"_monsterinsights_sitenote_note":"","_monsterinsights_sitenote_category":0},"product_brand":[],"product_cat":[12370,12304],"product_tag":[],"class_list":{"0":"post-722828","1":"product","2":"type-product","3":"status-publish","5":"product_cat-arastirma-inceleme","6":"product_cat-tarih","7":"pa_cilt-ciltsiz","8":"pa_tur-kitap","9":"pa_yayinevi-timas-yayinlari","10":"pa_yazar-mustafa-alican","12":"first","13":"instock","14":"sale","15":"shipping-taxable","16":"purchasable","17":"product-type-simple"},"_links":{"self":[{"href":"https:\/\/roveyayinevi.com.tr\/index.php\/wp-json\/wp\/v2\/product\/722828","targetHints":{"allow":["GET"]}}],"collection":[{"href":"https:\/\/roveyayinevi.com.tr\/index.php\/wp-json\/wp\/v2\/product"}],"about":[{"href":"https:\/\/roveyayinevi.com.tr\/index.php\/wp-json\/wp\/v2\/types\/product"}],"wp:attachment":[{"href":"https:\/\/roveyayinevi.com.tr\/index.php\/wp-json\/wp\/v2\/media?parent=722828"}],"wp:term":[{"taxonomy":"product_brand","embeddable":true,"href":"https:\/\/roveyayinevi.com.tr\/index.php\/wp-json\/wp\/v2\/product_brand?post=722828"},{"taxonomy":"product_cat","embeddable":true,"href":"https:\/\/roveyayinevi.com.tr\/index.php\/wp-json\/wp\/v2\/product_cat?post=722828"},{"taxonomy":"product_tag","embeddable":true,"href":"https:\/\/roveyayinevi.com.tr\/index.php\/wp-json\/wp\/v2\/product_tag?post=722828"}],"curies":[{"name":"wp","href":"https:\/\/api.w.org\/{rel}","templated":true}]}}