{"id":722825,"date":"2025-08-27T19:09:28","date_gmt":"2025-08-27T16:09:28","guid":{"rendered":"https:\/\/roveyayinevi.com.tr\/index.php\/urun\/sur-pullugunu-olulerin-kemikleri-uzerinde\/"},"modified":"2026-04-16T02:30:39","modified_gmt":"2026-04-15T23:30:39","slug":"sur-pullugunu-olulerin-kemikleri-uzerinde","status":"publish","type":"product","link":"https:\/\/roveyayinevi.com.tr\/index.php\/urun\/sur-pullugunu-olulerin-kemikleri-uzerinde\/","title":{"rendered":"S\u00fcr Pullu\u011funu \u00d6l\u00fclerin Kemikleri \u00dczerinde"},"content":{"rendered":"<p>Janina, uzak bir Polonya k\u00f6y\u00fcnde, karanl\u0131k k\u0131\u015f g\u00fcnlerini astroloji \u00e7al\u0131\u015farak, y\u0131ld\u0131z haritalar\u0131n\u0131 inceleyerek, William Blake\u2019in \u015fiirlerini terc\u00fcme ederek ve varl\u0131kl\u0131 Var\u015fova sakinlerinin yazl\u0131k evlerine g\u00f6z kulak olarak ge\u00e7irir. \u0130nsanlar yerine hayvanlarla vakit ge\u00e7irmeyi tercih eder, fazlas\u0131yla tuhaf ve m\u00fcnzevi tav\u0131rlar\u0131 kimilerine g\u00f6re \u201cka\u00e7\u0131k\u201dl\u0131kt\u0131r. Bir g\u00fcn kom\u015fusu Koca Ayak gizemli bir \u015fekilde \u00f6l\u00fc bulunur. Gelecek g\u00fcnler daha da tuhaf \u00f6l\u00fcmleri beraberinde getirir. \u015e\u00fcpheler ve soru i\u015faretleri y\u00fckselirken Janina, tuhaf teorileriyle kendini soru\u015fturman\u0131n g\u00f6be\u011fine yerle\u015ftirir. Birileri ona kulak verseydi her \u015fey b\u00f6yle mi olurdu oysa\u2026S\u00fcr Pullu\u011funu \u00d6l\u00fclerin Kemikleri \u00dczerinde tuhaf bir gerilim masal\u0131, bir kara komedi, her \u015feyiyle kendine \u00f6zg\u00fc bir hik\u00e2ye. Ak\u0131l sa\u011fl\u0131\u011f\u0131 ve \u00e7\u0131lg\u0131nl\u0131k, su\u00e7 ve adalet, do\u011fa ve insan aras\u0131ndaki karanl\u0131k s\u0131n\u0131rlar\u0131n k\u0131\u015fk\u0131rt\u0131c\u0131 bir ke\u015ffi. \u00c7a\u011fda\u015f Polonya edebiyat\u0131n\u0131n en g\u00fc\u00e7l\u00fc sesi, Nobel Edebiyat \u00d6d\u00fcl\u00fc sahibi Olga Tokarczuk\u2019tan ba\u015f d\u00f6nd\u00fcr\u00fcc\u00fc bir roman.\u201cMuhte\u015fem bir yazar.\u201d\u2013 Svetlana Alexievich\u201cBu kitap yaln\u0131zca bir \u2018katil kim\u2019 roman\u0131 de\u011fil: Ya\u015fam ve \u00f6l\u00fcm hakk\u0131nda, s\u0131rlarla dolu, felsefi bir masal. Kula\u011f\u0131n\u0131z\u0131 yere yakla\u015ft\u0131r\u0131rsan\u0131z, iliklerinizde hissedece\u011finiz s\u0131rlar.\u201d \u2013 New York Times Book Review\u201cBa\u015f d\u00f6nd\u00fcr\u00fcc\u00fc, yarat\u0131c\u0131, t\u00fcr\u00fcne meydan okuyan bir hik\u00e2ye. K\u0131smen bir polisiye, k\u0131smen bir masal, \u2013S\u00fcr Pullu\u011funu \u00d6l\u00fclerin Kemikleri \u00dczerinde, baz\u0131 canl\u0131lar\u0131n di\u011ferlerinden \u00fcst\u00fcn olma bi\u00e7imleri \u00fczerine heyecan verici bir felsefi sorgulama.\u201d \u2013 Time\u201cY\u0131l\u0131n en keyifli romanlar\u0131ndan biri.\u201d \u2013 The Guardian\u201cOlga Tokarczuk ge\u00e7en \u00e7eyrek y\u00fczy\u0131l\u0131n say\u0131l\u0131 Avrupal\u0131 romanc\u0131s\u0131ndan biri. Bu romansa alayc\u0131 mizah\u0131 ve karanl\u0131k s\u00fcrprizleriyle pastoral bir kara komedi.\u201d \u2013 The Economist\u201c\u2018Kontroll\u00fc psikoz\u2019un tart\u0131\u015f\u0131lmaz ba\u015fyap\u0131t\u0131\u2026 Eninde sonunda ola\u011fan\u00fcst\u00fc bir kurguyla bir araya gelen ipu\u00e7lar\u0131 etkileyici bir ba\u015far\u0131ya d\u00f6n\u00fc\u015f\u00fcyor.\u201d \u2013 Publishers Weekly\u201cDo\u011fa i\u00e7in bir co\u015fkulu bir \u015fark\u0131\u2026 William Blake\u2019e bir methiye\u2026 [ve] bir t\u00fcr a\u011f\u0131t. Tokarczuk Blake\u2019i a\u015far m\u0131? Tart\u0131\u015f\u0131labilir \u2013belki.\u201d \u2013 NPR\u201cBir cinayet roman\u0131 yap\u0131s\u0131n\u0131 a\u00e7\u0131k\u00e7a benimsese de, S\u00fcr Pullu\u011funu \u00d6l\u00fclerin Kemikleri \u00dczerinde \u00fcrk\u00fct\u00fcc\u00fc mizah\u0131 ve marazi felsefi m\u00fcdahaleleriyle \u00f6zg\u00fcn bir roman\u2026 Ve m\u00fckemmel bir final. Tokarczuk, \u015f\u00fcphesiz \u00fcst\u00fcn yetenekli, orijinal bir yazar.\u201d \u2013 The Wall Street Journal\u201cS\u00fcr Pullu\u011funu \u00d6l\u00fclerin Kemikleri \u00dczerinde, \u015fiddetli, heyecan verici ve \u00f6zel, neredeyse tarifsiz; uzun zamand\u0131r okudu\u011fum varolu\u015f\u00e7u romanlardan en yenilik\u00e7isi.\u201d \u2013 The New Yorker\u201cBazen bir birinci \u015fah\u0131s anlat\u0131s\u0131n\u0131n a\u00e7\u0131l\u0131\u015f c\u00fcmlesi, anlat\u0131c\u0131n\u0131n ki\u015fili\u011fini \u00f6yle iyi yans\u0131t\u0131r ki, t\u00fcm zaman\u0131n\u0131z\u0131 onunla ge\u00e7irmek istersiniz. Bu roman i\u00e7in de bu b\u00f6yle\u2026 Hoyrat g\u00fcce meydan okumak i\u00e7in ne gerekti\u011fine dair dikenli ve y\u0131k\u0131c\u0131 bir hik\u00e2ye.\u201d \u2013 Boston Globe\u201cOlga Tokarczuk ola\u011fan\u00fcst\u00fc yetene\u011fi, zek\u00e2s\u0131, \u2018derin romanlar\u0131\u2019yla ekolojik ve politik meselelere odaklan\u0131yor, m\u00fccadeleyi b\u0131rakm\u0131yor. Bahisler daima y\u00fcksek, Tokarczuk tekrar tekrar anlat\u0131yor ve cepheyi terk etmiyor.\u201d \u2013 HuffPost<\/p>\n","protected":false},"excerpt":{"rendered":"<p>Janina, uzak bir Polonya k\u00f6y\u00fcnde, karanl\u0131k k\u0131\u015f g\u00fcnlerini astroloji \u00e7al\u0131\u015farak, y\u0131ld\u0131z haritalar\u0131n\u0131 inceleyerek, William Blake\u2019in \u015fiirlerini terc\u00fcme ederek ve varl\u0131kl\u0131 Var\u015fova sakinlerinin yazl\u0131k evlerine g\u00f6z kulak<span class=\"excerpt-hellip\"> [\u2026]<\/span><\/p>\n","protected":false},"featured_media":0,"template":"","meta":{"_monsterinsights_skip_tracking":false,"_monsterinsights_sitenote_active":false,"_monsterinsights_sitenote_note":"","_monsterinsights_sitenote_category":0},"product_brand":[],"product_cat":[13661,12291],"product_tag":[],"class_list":{"0":"post-722825","1":"product","2":"type-product","3":"status-publish","5":"product_cat-diger-ulke-edebiyatlari","6":"product_cat-edebiyat","7":"pa_cilt-ciltsiz","8":"pa_tur-kitap","9":"pa_yayinevi-timas-yayinlari","10":"pa_yazar-olga-tokarczuk","12":"first","13":"instock","14":"sale","15":"shipping-taxable","16":"purchasable","17":"product-type-simple"},"_links":{"self":[{"href":"https:\/\/roveyayinevi.com.tr\/index.php\/wp-json\/wp\/v2\/product\/722825","targetHints":{"allow":["GET"]}}],"collection":[{"href":"https:\/\/roveyayinevi.com.tr\/index.php\/wp-json\/wp\/v2\/product"}],"about":[{"href":"https:\/\/roveyayinevi.com.tr\/index.php\/wp-json\/wp\/v2\/types\/product"}],"wp:attachment":[{"href":"https:\/\/roveyayinevi.com.tr\/index.php\/wp-json\/wp\/v2\/media?parent=722825"}],"wp:term":[{"taxonomy":"product_brand","embeddable":true,"href":"https:\/\/roveyayinevi.com.tr\/index.php\/wp-json\/wp\/v2\/product_brand?post=722825"},{"taxonomy":"product_cat","embeddable":true,"href":"https:\/\/roveyayinevi.com.tr\/index.php\/wp-json\/wp\/v2\/product_cat?post=722825"},{"taxonomy":"product_tag","embeddable":true,"href":"https:\/\/roveyayinevi.com.tr\/index.php\/wp-json\/wp\/v2\/product_tag?post=722825"}],"curies":[{"name":"wp","href":"https:\/\/api.w.org\/{rel}","templated":true}]}}