{"id":722824,"date":"2025-08-27T19:09:27","date_gmt":"2025-08-27T16:09:27","guid":{"rendered":"https:\/\/roveyayinevi.com.tr\/index.php\/urun\/evet-demeden-once\/"},"modified":"2026-04-16T02:30:39","modified_gmt":"2026-04-15T23:30:39","slug":"evet-demeden-once","status":"publish","type":"product","link":"https:\/\/roveyayinevi.com.tr\/index.php\/urun\/evet-demeden-once\/","title":{"rendered":"Evet Demeden \u00d6nce"},"content":{"rendered":"<p>Toplum olarak pek ciddiye alm\u0131yoruz gibi g\u00f6r\u00fcnsek de birinci y\u0131l\u0131 i\u00e7inde biten evlilik oranlar\u0131 hi\u00e7 de az de\u011fil. Hatta tatl\u0131 hayallerle ba\u015flayan pek \u00e7ok beraberli\u011fin e\u015fyalar eskimeden, \u00e7ekilen foto\u011fraflar tabettirilmeden, tencerelerde bir kez olsun yemek pi\u015firilmeden bitti\u011fini s\u00f6ylersek abartm\u0131\u015f olmay\u0131z. Bu \u00fclkede d\u00fc\u011f\u00fcnlerini yapt\u0131\u011f\u0131m\u0131z her \u00fc\u00e7 \u00e7iftten birisi ilk bir y\u0131l i\u00e7inde sorun ya\u015f\u0131yor ve ilk be\u015f y\u0131l i\u00e7inde bo\u015fanmaya gidiyor. En basit bir aletin kullan\u0131m k\u0131lavuzu varken, bir \u015fehrin tan\u0131t\u0131m haritas\u0131 varken, bir kitab\u0131n \u00f6n s\u00f6z\u00fc varken ve i\u00e7inde ne oldu\u011fu \u00f6nceden anlat\u0131l\u0131rken s\u0131ra evlili\u011fe geldi\u011finde sadece evlilik c\u00fczdanlar\u0131n\u0131n yeterli oldu\u011funu d\u00fc\u015f\u00fcnmek olduk\u00e7a \u00fcz\u00fcnt\u00fc verici. Evlenmeyi d\u00fc\u015f\u00fcnen, evlilik hayat\u0131na fark\u0131ndal\u0131kla ad\u0131m atmak isteyen, evlili\u011fin en g\u00fczel aylar\u0131n\u0131 ve ilk zamanlar\u0131n\u0131 g\u00f6zya\u015flar\u0131 i\u00e7inde de\u011fil de mutlulukla ya\u015famak isteyen herkese evlilik rehberli\u011fi niyetine yaz\u0131ld\u0131 bu kitap. \u201cEvet\u201d demeden \u00f6nce en az bir kere, \u201cevet\u201d dedikten sonra tekrar tekrar okuman\u0131z dile\u011fiyle\u2026<\/p>\n","protected":false},"excerpt":{"rendered":"<p>Toplum olarak pek ciddiye alm\u0131yoruz gibi g\u00f6r\u00fcnsek de birinci y\u0131l\u0131 i\u00e7inde biten evlilik oranlar\u0131 hi\u00e7 de az de\u011fil. Hatta tatl\u0131 hayallerle ba\u015flayan pek \u00e7ok beraberli\u011fin e\u015fyalar<span class=\"excerpt-hellip\"> [\u2026]<\/span><\/p>\n","protected":false},"featured_media":0,"template":"","meta":{"_monsterinsights_skip_tracking":false,"_monsterinsights_sitenote_active":false,"_monsterinsights_sitenote_note":"","_monsterinsights_sitenote_category":0},"product_brand":[],"product_cat":[17996,12364],"product_tag":[],"class_list":{"0":"post-722824","1":"product","2":"type-product","3":"status-publish","5":"product_cat-ebeveyn-kitaplari","6":"product_cat-genel-konular","7":"pa_cilt-ciltsiz","8":"pa_tur-kitap","9":"pa_yayinevi-yediveren-yayinlari","10":"pa_yazar-nazli-ozburun","12":"first","13":"instock","14":"sale","15":"shipping-taxable","16":"purchasable","17":"product-type-simple"},"_links":{"self":[{"href":"https:\/\/roveyayinevi.com.tr\/index.php\/wp-json\/wp\/v2\/product\/722824","targetHints":{"allow":["GET"]}}],"collection":[{"href":"https:\/\/roveyayinevi.com.tr\/index.php\/wp-json\/wp\/v2\/product"}],"about":[{"href":"https:\/\/roveyayinevi.com.tr\/index.php\/wp-json\/wp\/v2\/types\/product"}],"wp:attachment":[{"href":"https:\/\/roveyayinevi.com.tr\/index.php\/wp-json\/wp\/v2\/media?parent=722824"}],"wp:term":[{"taxonomy":"product_brand","embeddable":true,"href":"https:\/\/roveyayinevi.com.tr\/index.php\/wp-json\/wp\/v2\/product_brand?post=722824"},{"taxonomy":"product_cat","embeddable":true,"href":"https:\/\/roveyayinevi.com.tr\/index.php\/wp-json\/wp\/v2\/product_cat?post=722824"},{"taxonomy":"product_tag","embeddable":true,"href":"https:\/\/roveyayinevi.com.tr\/index.php\/wp-json\/wp\/v2\/product_tag?post=722824"}],"curies":[{"name":"wp","href":"https:\/\/api.w.org\/{rel}","templated":true}]}}