{"id":722823,"date":"2025-08-27T19:09:27","date_gmt":"2025-08-27T16:09:27","guid":{"rendered":"https:\/\/roveyayinevi.com.tr\/index.php\/urun\/kalbin-aynasi-pozitif-iletisim\/"},"modified":"2026-04-11T02:37:49","modified_gmt":"2026-04-10T23:37:49","slug":"kalbin-aynasi-pozitif-iletisim","status":"publish","type":"product","link":"https:\/\/roveyayinevi.com.tr\/index.php\/urun\/kalbin-aynasi-pozitif-iletisim\/","title":{"rendered":"Kalbin Aynas\u0131 Pozitif \u0130leti\u015fim"},"content":{"rendered":"<p>Martin Luther King\u2019in \u201c\u0130nsanlar genellikle birbirlerinden nefret ederler, \u00e7\u00fcnk\u00fc birbirlerinden korkarlar; birbirlerinden korkarlar, \u00e7\u00fcnk\u00fc birbirlerini tan\u0131mazlar; birbirlerini tan\u0131mazlar, \u00e7\u00fcnk\u00fc ileti\u015fim kurmazlar; ileti\u015fim kurmazlar, \u00e7\u00fcnk\u00fc s\u0131n\u0131flara ayr\u0131lm\u0131\u015flard\u0131r.\u201d diyerek vurgulad\u0131\u011f\u0131 gibi ileti\u015fim asl\u0131nda bireysel ve toplumsal ili\u015fkiler a\u00e7\u0131s\u0131ndan en \u00f6nemli olgudur.Y\u0131llard\u0131r yapt\u0131\u011f\u0131 radyo programlar\u0131 ile hat\u0131r\u0131 say\u0131l\u0131r bir dinleyici kitlesine ula\u015fan Umut \u00d6zt\u00fcrk, mesleki tecr\u00fcbesi ile akademik birikimini harmanlayarak ileti\u015fim kavram\u0131n\u0131 t\u00fcm y\u00f6nleriyle sizlere sunuyor.<\/p>\n","protected":false},"excerpt":{"rendered":"<p>Martin Luther King\u2019in \u201c\u0130nsanlar genellikle birbirlerinden nefret ederler, \u00e7\u00fcnk\u00fc birbirlerinden korkarlar; birbirlerinden korkarlar, \u00e7\u00fcnk\u00fc birbirlerini tan\u0131mazlar; birbirlerini tan\u0131mazlar, \u00e7\u00fcnk\u00fc ileti\u015fim kurmazlar; ileti\u015fim kurmazlar, \u00e7\u00fcnk\u00fc s\u0131n\u0131flara ayr\u0131lm\u0131\u015flard\u0131r.\u201d<span class=\"excerpt-hellip\"> [\u2026]<\/span><\/p>\n","protected":false},"featured_media":0,"template":"","meta":{"_monsterinsights_skip_tracking":false,"_monsterinsights_sitenote_active":false,"_monsterinsights_sitenote_note":"","_monsterinsights_sitenote_category":0},"product_brand":[],"product_cat":[12364,12376],"product_tag":[],"class_list":{"0":"post-722823","1":"product","2":"type-product","3":"status-publish","5":"product_cat-genel-konular","6":"product_cat-kisisel-gelisim","7":"pa_cilt-ciltsiz","8":"pa_tur-kitap","9":"pa_yayinevi-yediveren-yayinlari","10":"pa_yazar-umut-ozturk","12":"first","13":"instock","14":"sale","15":"shipping-taxable","16":"purchasable","17":"product-type-simple"},"_links":{"self":[{"href":"https:\/\/roveyayinevi.com.tr\/index.php\/wp-json\/wp\/v2\/product\/722823","targetHints":{"allow":["GET"]}}],"collection":[{"href":"https:\/\/roveyayinevi.com.tr\/index.php\/wp-json\/wp\/v2\/product"}],"about":[{"href":"https:\/\/roveyayinevi.com.tr\/index.php\/wp-json\/wp\/v2\/types\/product"}],"wp:attachment":[{"href":"https:\/\/roveyayinevi.com.tr\/index.php\/wp-json\/wp\/v2\/media?parent=722823"}],"wp:term":[{"taxonomy":"product_brand","embeddable":true,"href":"https:\/\/roveyayinevi.com.tr\/index.php\/wp-json\/wp\/v2\/product_brand?post=722823"},{"taxonomy":"product_cat","embeddable":true,"href":"https:\/\/roveyayinevi.com.tr\/index.php\/wp-json\/wp\/v2\/product_cat?post=722823"},{"taxonomy":"product_tag","embeddable":true,"href":"https:\/\/roveyayinevi.com.tr\/index.php\/wp-json\/wp\/v2\/product_tag?post=722823"}],"curies":[{"name":"wp","href":"https:\/\/api.w.org\/{rel}","templated":true}]}}