{"id":722821,"date":"2025-08-27T19:09:25","date_gmt":"2025-08-27T16:09:25","guid":{"rendered":"https:\/\/roveyayinevi.com.tr\/index.php\/urun\/azerbaycan-turklerinin-onderleri\/"},"modified":"2026-04-16T02:30:39","modified_gmt":"2026-04-15T23:30:39","slug":"azerbaycan-turklerinin-onderleri","status":"publish","type":"product","link":"https:\/\/roveyayinevi.com.tr\/index.php\/urun\/azerbaycan-turklerinin-onderleri\/","title":{"rendered":"Azerbaycan T\u00fcrklerinin \u00d6nderleri"},"content":{"rendered":"<p>Bu kitapta on dokuz b\u00fcy\u00fck \u015fahsiyetimizin portresine yer verilmi\u015ftir. Bu konuda ba\u015fl\u0131ca parametremiz, fikir ve faaliyetleriyle devle\u015fmi\u015f b\u00fcy\u00fcklerimizin \u00f6rnek \u015fahsiyet olmalar\u0131, siyasi ve toplumsal a\u00e7\u0131dan ilerici g\u00f6r\u00fc\u015fler \u00f6ne s\u00fcrmeleri, milli devlet olu\u015fumu s\u00fcrecine etkin katk\u0131da bulunmalar\u0131d\u0131r. Bu listeden farkl\u0131 olan portreler galerisi \u00f6nerenler de olabilir. Onlar\u0131n kriterleri de tart\u0131\u015f\u0131labilir. Bu makaleler toplusu, millet-devlet kuruculu\u011fu davas\u0131nda b\u00fcy\u00fck rol oynam\u0131\u015f abide \u015fahsiyetlerimize \u015f\u00fckran borcumuzun ifadesidir. <\/p>\n","protected":false},"excerpt":{"rendered":"<p>Bu kitapta on dokuz b\u00fcy\u00fck \u015fahsiyetimizin portresine yer verilmi\u015ftir. Bu konuda ba\u015fl\u0131ca parametremiz, fikir ve faaliyetleriyle devle\u015fmi\u015f b\u00fcy\u00fcklerimizin \u00f6rnek \u015fahsiyet olmalar\u0131, siyasi ve toplumsal a\u00e7\u0131dan ilerici<span class=\"excerpt-hellip\"> [\u2026]<\/span><\/p>\n","protected":false},"featured_media":0,"template":"","meta":{"_monsterinsights_skip_tracking":false,"_monsterinsights_sitenote_active":false,"_monsterinsights_sitenote_note":"","_monsterinsights_sitenote_category":0},"product_brand":[],"product_cat":[12312,12304],"product_tag":[],"class_list":{"0":"post-722821","1":"product","2":"type-product","3":"status-publish","5":"product_cat-diger","6":"product_cat-tarih","7":"pa_cilt-ciltsiz","8":"pa_tur-kitap","9":"pa_yayinevi-altinordu-yayinlari","10":"pa_yazar-nesib-l-nesibli","12":"first","13":"instock","14":"sale","15":"shipping-taxable","16":"purchasable","17":"product-type-simple"},"_links":{"self":[{"href":"https:\/\/roveyayinevi.com.tr\/index.php\/wp-json\/wp\/v2\/product\/722821","targetHints":{"allow":["GET"]}}],"collection":[{"href":"https:\/\/roveyayinevi.com.tr\/index.php\/wp-json\/wp\/v2\/product"}],"about":[{"href":"https:\/\/roveyayinevi.com.tr\/index.php\/wp-json\/wp\/v2\/types\/product"}],"wp:attachment":[{"href":"https:\/\/roveyayinevi.com.tr\/index.php\/wp-json\/wp\/v2\/media?parent=722821"}],"wp:term":[{"taxonomy":"product_brand","embeddable":true,"href":"https:\/\/roveyayinevi.com.tr\/index.php\/wp-json\/wp\/v2\/product_brand?post=722821"},{"taxonomy":"product_cat","embeddable":true,"href":"https:\/\/roveyayinevi.com.tr\/index.php\/wp-json\/wp\/v2\/product_cat?post=722821"},{"taxonomy":"product_tag","embeddable":true,"href":"https:\/\/roveyayinevi.com.tr\/index.php\/wp-json\/wp\/v2\/product_tag?post=722821"}],"curies":[{"name":"wp","href":"https:\/\/api.w.org\/{rel}","templated":true}]}}