{"id":722820,"date":"2025-08-27T19:09:25","date_gmt":"2025-08-27T16:09:25","guid":{"rendered":"https:\/\/roveyayinevi.com.tr\/index.php\/urun\/einsteinin-canavarlari\/"},"modified":"2026-04-16T02:30:39","modified_gmt":"2026-04-15T23:30:39","slug":"einsteinin-canavarlari","status":"publish","type":"product","link":"https:\/\/roveyayinevi.com.tr\/index.php\/urun\/einsteinin-canavarlari\/","title":{"rendered":"Einstein&#8217;\u0131n Canavarlar\u0131"},"content":{"rendered":"<p>Kara delikler bilinen evrendeki en a\u015f\u0131r\u0131 niteliklere sahip ama teleskoplara \u00e7ok s\u0131k tak\u0131lan cisimlerdir. Her bu\u0308yu\u0308k y\u0131ld\u0131z \u00f6lu\u0308nce bir kara deli\u011fe d\u00f6nu\u0308\u015fu\u0308r ve her galaksinin merkezinde devasa bir kara delik bulunur. \u015eayet kara deliklere yakla\u015fabilseydiniz zaman yava\u015flard\u0131; \u201colay ufkunu\u201d ge\u00e7meniz halinde bir daha geri d\u00f6nemezdiniz; \u201cfoton ku\u0308resine\u201d geldi\u011finizde ileri do\u011fru bak\u0131p ensenizi g\u00f6rme \u015fans\u0131n\u0131 yakalard\u0131n\u0131z ve \u201ctekilli\u011fe\u201d ula\u015ft\u0131\u011f\u0131n\u0131zda belki \u00f6lu\u0308mden daha tuhaf bir deneyim ya\u015fayabilirdiniz. Einstein\u2019\u0131n Canavarlar\u0131 \u015fa\u015f\u0131rt\u0131c\u0131 kara delik bilimini ve bu tuhaf cisimlerin evrendeki rollerini ele al\u0131yor. \u201cKara delikler eskiden fantezi konusu, meslekten fizik\u00e7iler i\u00e7in bile ak\u0131l erdirilmesi zor \u015feylerdi. Einstein\u2019\u0131n Canavarlar\u0131\u2019nda Chris Impey modern astronominin onlar\u0131 nas\u0131l mercek alt\u0131na ald\u0131\u011f\u0131n\u0131 ve bu canavarlar hakk\u0131nda her ge\u00e7en y\u0131l gitgide artarak edinilen bilgileri bize aktar\u0131yor.\u201d\u2014 SEAN CARROLL<\/p>\n","protected":false},"excerpt":{"rendered":"<p>Kara delikler bilinen evrendeki en a\u015f\u0131r\u0131 niteliklere sahip ama teleskoplara \u00e7ok s\u0131k tak\u0131lan cisimlerdir. Her bu\u0308yu\u0308k y\u0131ld\u0131z \u00f6lu\u0308nce bir kara deli\u011fe d\u00f6nu\u0308\u015fu\u0308r ve her galaksinin merkezinde<span class=\"excerpt-hellip\"> [\u2026]<\/span><\/p>\n","protected":false},"featured_media":0,"template":"","meta":{"_monsterinsights_skip_tracking":false,"_monsterinsights_sitenote_active":false,"_monsterinsights_sitenote_note":"","_monsterinsights_sitenote_category":0},"product_brand":[],"product_cat":[13005,13006],"product_tag":[],"class_list":{"0":"post-722820","1":"product","2":"type-product","3":"status-publish","5":"product_cat-bilim-muhendislik","6":"product_cat-populer-bilim","7":"pa_cilt-ciltsiz","8":"pa_tur-kitap","9":"pa_yayinevi-say-yayinlari","10":"pa_yazar-chris-impey","12":"first","13":"instock","14":"sale","15":"shipping-taxable","16":"purchasable","17":"product-type-simple"},"_links":{"self":[{"href":"https:\/\/roveyayinevi.com.tr\/index.php\/wp-json\/wp\/v2\/product\/722820","targetHints":{"allow":["GET"]}}],"collection":[{"href":"https:\/\/roveyayinevi.com.tr\/index.php\/wp-json\/wp\/v2\/product"}],"about":[{"href":"https:\/\/roveyayinevi.com.tr\/index.php\/wp-json\/wp\/v2\/types\/product"}],"wp:attachment":[{"href":"https:\/\/roveyayinevi.com.tr\/index.php\/wp-json\/wp\/v2\/media?parent=722820"}],"wp:term":[{"taxonomy":"product_brand","embeddable":true,"href":"https:\/\/roveyayinevi.com.tr\/index.php\/wp-json\/wp\/v2\/product_brand?post=722820"},{"taxonomy":"product_cat","embeddable":true,"href":"https:\/\/roveyayinevi.com.tr\/index.php\/wp-json\/wp\/v2\/product_cat?post=722820"},{"taxonomy":"product_tag","embeddable":true,"href":"https:\/\/roveyayinevi.com.tr\/index.php\/wp-json\/wp\/v2\/product_tag?post=722820"}],"curies":[{"name":"wp","href":"https:\/\/api.w.org\/{rel}","templated":true}]}}