{"id":722818,"date":"2025-08-27T19:09:23","date_gmt":"2025-08-27T16:09:23","guid":{"rendered":"https:\/\/roveyayinevi.com.tr\/index.php\/urun\/gazi-kitabevi-donusum-kpss-hukuk-cilt-i-ozel-hukuk-calisma-kitabi\/"},"modified":"2026-04-16T02:30:39","modified_gmt":"2026-04-15T23:30:39","slug":"gazi-kitabevi-donusum-kpss-hukuk-cilt-i-ozel-hukuk-calisma-kitabi","status":"publish","type":"product","link":"https:\/\/roveyayinevi.com.tr\/index.php\/urun\/gazi-kitabevi-donusum-kpss-hukuk-cilt-i-ozel-hukuk-calisma-kitabi\/","title":{"rendered":"Gazi Kitabevi D\u00f6n\u00fc\u015f\u00fcm Kpss Hukuk Cilt I \u00d6zel Hukuk \u00c7al\u0131\u015fma Kitab\u0131"},"content":{"rendered":"<p>KPSS A grubu s\u0131navlar\u0131na haz\u0131rlanan sevgili adaylar;10 y\u0131ld\u0131r binlerce \u00f6\u011frencisini meslek hayallerine ula\u015ft\u0131ran &#8220;D\u00f6n\u00fc\u015f\u00fcm KPSSHukuk\u201dkitaplar\u0131m\u0131z\u0131 yo\u011fun istek ve \u00f6neriler do\u011frultusunda tamamen yenilemi\u015fbulunuyoruz.KPSS Hukuk oturumunda ba\u015far\u0131l\u0131 olmak i\u00e7in \u00e7\u0131km\u0131\u015f s\u0131nav sorular\u0131n\u0131 \u00e7\u00f6zmeninde\u011fi\u015fen mevzuat ve s\u0131nav sistemi kar\u015f\u0131s\u0131nda art\u0131k eskisi kadar etkiliolmad\u0131\u011f\u0131n\u0131 g\u00f6ren ekibimiz, \u00e7\u0131km\u0131\u015f s\u0131nav sorular\u0131 yerine adaylara en ger\u00e7ek\u00e7i&#8221;\u00e7\u0131kacak sorular\u0131\u201d haz\u0131rlama hedefiyle uzun bir s\u00fcredir \u00e7al\u0131\u015fmaktad\u0131r. Bu\u00e7al\u0131\u015fmalar sonucunda, \u00e7\u0131km\u0131\u015f s\u0131nav sorular\u0131n\u0131n en geni\u015f veritaban\u0131na sahipolan &#8220;D\u00f6n\u00fc\u015f\u00fcm-KPSS\u201d ekibi, 3000\u2019nin \u00fczerinde \u00e7\u0131km\u0131\u015f soruyu analiz etmi\u015fve hangi derste hangi konular\u0131n daha a\u011f\u0131rl\u0131kl\u0131 soruya d\u00f6n\u00fc\u015ft\u00fc\u011f\u00fcn\u00fc tespitetmi\u015ftir.Elinizde tuttu\u011funuz bu kitap &#8220;nev\u2019i \u015fahs\u0131na m\u00fcnhas\u0131r\u201d sorular\u0131 i\u00e7inde bar\u0131nd\u0131ran, 2020 KPSS-Hukuk oturumunda kar\u015f\u0131la\u015faca\u011f\u0131n\u0131z en ger\u00e7ek\u00e7i sorular\u0131ihtiva eden &#8220;\u00f6zel bir \u00e7al\u0131\u015fma kitab\u0131d\u0131r\u201d.Kitab\u0131n okuyucusuna faydal\u0131 olmas\u0131 dile\u011fimizle.(\u00d6n S\u00f6zden)S. Mehmet YILDIRIM<\/p>\n","protected":false},"excerpt":{"rendered":"<p>KPSS A grubu s\u0131navlar\u0131na haz\u0131rlanan sevgili adaylar;10 y\u0131ld\u0131r binlerce \u00f6\u011frencisini meslek hayallerine ula\u015ft\u0131ran &#8220;D\u00f6n\u00fc\u015f\u00fcm KPSSHukuk\u201dkitaplar\u0131m\u0131z\u0131 yo\u011fun istek ve \u00f6neriler do\u011frultusunda tamamen yenilemi\u015fbulunuyoruz.KPSS Hukuk oturumunda ba\u015far\u0131l\u0131 olmak<span class=\"excerpt-hellip\"> [\u2026]<\/span><\/p>\n","protected":false},"featured_media":0,"template":"","meta":{"_monsterinsights_skip_tracking":false,"_monsterinsights_sitenote_active":false,"_monsterinsights_sitenote_note":"","_monsterinsights_sitenote_category":0},"product_brand":[],"product_cat":[12566,25157,13473],"product_tag":[],"class_list":{"0":"post-722818","1":"product","2":"type-product","3":"status-publish","5":"product_cat-egitim","6":"product_cat-kpss-kitaplari","7":"product_cat-sinavlara-hazirlik-okula-yardimci-kaynaklar","8":"pa_cilt-ciltsiz","9":"pa_tur-kitap","10":"pa_yayinevi-gazi-kitabevi-sinav-kitaplari","11":"pa_yazar-kolektif","13":"first","14":"instock","15":"sale","16":"shipping-taxable","17":"purchasable","18":"product-type-simple"},"_links":{"self":[{"href":"https:\/\/roveyayinevi.com.tr\/index.php\/wp-json\/wp\/v2\/product\/722818","targetHints":{"allow":["GET"]}}],"collection":[{"href":"https:\/\/roveyayinevi.com.tr\/index.php\/wp-json\/wp\/v2\/product"}],"about":[{"href":"https:\/\/roveyayinevi.com.tr\/index.php\/wp-json\/wp\/v2\/types\/product"}],"wp:attachment":[{"href":"https:\/\/roveyayinevi.com.tr\/index.php\/wp-json\/wp\/v2\/media?parent=722818"}],"wp:term":[{"taxonomy":"product_brand","embeddable":true,"href":"https:\/\/roveyayinevi.com.tr\/index.php\/wp-json\/wp\/v2\/product_brand?post=722818"},{"taxonomy":"product_cat","embeddable":true,"href":"https:\/\/roveyayinevi.com.tr\/index.php\/wp-json\/wp\/v2\/product_cat?post=722818"},{"taxonomy":"product_tag","embeddable":true,"href":"https:\/\/roveyayinevi.com.tr\/index.php\/wp-json\/wp\/v2\/product_tag?post=722818"}],"curies":[{"name":"wp","href":"https:\/\/api.w.org\/{rel}","templated":true}]}}