{"id":722817,"date":"2025-08-27T19:09:22","date_gmt":"2025-08-27T16:09:22","guid":{"rendered":"https:\/\/roveyayinevi.com.tr\/index.php\/urun\/cirpinip-icinde-dondugum-dunya\/"},"modified":"2026-04-16T02:30:39","modified_gmt":"2026-04-15T23:30:39","slug":"cirpinip-icinde-dondugum-dunya","status":"publish","type":"product","link":"https:\/\/roveyayinevi.com.tr\/index.php\/urun\/cirpinip-icinde-dondugum-dunya\/","title":{"rendered":"\u00c7\u0131rp\u0131n\u0131p \u0130\u00e7inde D\u00f6nd\u00fc\u011f\u00fcm D\u00fcnya"},"content":{"rendered":"<p>\u201cD\u00f6n\u00fcp elli y\u0131la varan zamana bak\u0131yorum. \u0130\u00e7imde g\u00f6llenen g\u00fczel ac\u0131lara, \u0131sl\u0131k \u00e7alan sokaklara, sa\u00e7lar\u0131n\u0131 duvarlarda tarayan arkada\u015flar\u0131ma. Derinlerde bir \u00e7ocuk sessizce f\u0131s\u0131ld\u0131yor: \u0130yi ki \u015fiir yazm\u0131\u015fs\u0131n. \u0130yi ki yazm\u0131\u015f\u0131m diyorum ben de. \u0130yi ki kalbim, d\u00fcnyan\u0131n b\u00fct\u00fcn mazlumlar\u0131n\u0131n kederiyle ve sevinciyle \u00e7arpm\u0131\u015f. \u0130yi ki gaz lambas\u0131n\u0131n duvarlara \u00e7izdi\u011fi o b\u00fcy\u00fcl\u00fc resimlerin zaman\u0131nda b\u00fcy\u00fcm\u00fc\u015f\u00fcm. \u0130yi ki devrim d\u00fc\u015f\u00fcncesi beni insanlar\u0131n ac\u0131lar\u0131na ve r\u00fcyalar\u0131na getirmi\u015f. \u0130yi ki \u00d6m\u00fcr Han\u0131m, o b\u00fcy\u00fck yaln\u0131zl\u0131kta elimden tutmu\u015f. \u0130yi ki elma bah\u00e7elerinin, \u00fcz\u00fcm ba\u011flar\u0131n\u0131n, m\u0131s\u0131r p\u00fcsk\u00fcllerinin kokular\u0131yla sabahlara \u00e7\u0131km\u0131\u015f\u0131m. \u0130yi ki\u2026\u201c \u00c7\u0131rp\u0131n\u0131p \u0130\u00e7inde D\u00f6nd\u00fc\u011f\u00fcm D\u00fcnya, \u015e\u00fckr\u00fc Erba\u015f\u2019\u0131n 2015-2019 y\u0131llar\u0131 aras\u0131nda, \u00e7e\u015fitli dergilerde ve gazetelerde yay\u0131mlanm\u0131\u015f yaz\u0131lar\u0131ndan ve \u00fc\u00e7 \u015fiirinden olu\u015fuyor. Erba\u015f, insan\u0131 b\u00fct\u00fcn tutkular\u0131, iyilikleri ve k\u00f6t\u00fcl\u00fckleriyle, toplumun b\u00fcy\u00fck yaln\u0131zl\u0131\u011f\u0131, zaman\u0131n bo\u011funtusu ve a\u011f\u0131rla\u015fan bir yabanc\u0131la\u015fma i\u00e7inden okumay\u0131 s\u00fcrd\u00fcr\u00fcyor. Gittik\u00e7e kararan bir d\u00fcnyaya kar\u015f\u0131, insan\u0131 insan eden b\u00fcy\u00fck bir anlama ve sevme \u00e7abas\u0131.<\/p>\n","protected":false},"excerpt":{"rendered":"<p>\u201cD\u00f6n\u00fcp elli y\u0131la varan zamana bak\u0131yorum. \u0130\u00e7imde g\u00f6llenen g\u00fczel ac\u0131lara, \u0131sl\u0131k \u00e7alan sokaklara, sa\u00e7lar\u0131n\u0131 duvarlarda tarayan arkada\u015flar\u0131ma. Derinlerde bir \u00e7ocuk sessizce f\u0131s\u0131ld\u0131yor: \u0130yi ki \u015fiir yazm\u0131\u015fs\u0131n.<span class=\"excerpt-hellip\"> [\u2026]<\/span><\/p>\n","protected":false},"featured_media":0,"template":"","meta":{"_monsterinsights_skip_tracking":false,"_monsterinsights_sitenote_active":false,"_monsterinsights_sitenote_note":"","_monsterinsights_sitenote_category":0},"product_brand":[],"product_cat":[12777,12291],"product_tag":[],"class_list":{"0":"post-722817","1":"product","2":"type-product","3":"status-publish","5":"product_cat-deneme","6":"product_cat-edebiyat","7":"pa_cilt-ciltsiz","8":"pa_tur-kitap","9":"pa_yayinevi-kirmizi-kedi-yayinevi","10":"pa_yazar-sukru-erbas","12":"first","13":"instock","14":"sale","15":"shipping-taxable","16":"purchasable","17":"product-type-simple"},"_links":{"self":[{"href":"https:\/\/roveyayinevi.com.tr\/index.php\/wp-json\/wp\/v2\/product\/722817","targetHints":{"allow":["GET"]}}],"collection":[{"href":"https:\/\/roveyayinevi.com.tr\/index.php\/wp-json\/wp\/v2\/product"}],"about":[{"href":"https:\/\/roveyayinevi.com.tr\/index.php\/wp-json\/wp\/v2\/types\/product"}],"wp:attachment":[{"href":"https:\/\/roveyayinevi.com.tr\/index.php\/wp-json\/wp\/v2\/media?parent=722817"}],"wp:term":[{"taxonomy":"product_brand","embeddable":true,"href":"https:\/\/roveyayinevi.com.tr\/index.php\/wp-json\/wp\/v2\/product_brand?post=722817"},{"taxonomy":"product_cat","embeddable":true,"href":"https:\/\/roveyayinevi.com.tr\/index.php\/wp-json\/wp\/v2\/product_cat?post=722817"},{"taxonomy":"product_tag","embeddable":true,"href":"https:\/\/roveyayinevi.com.tr\/index.php\/wp-json\/wp\/v2\/product_tag?post=722817"}],"curies":[{"name":"wp","href":"https:\/\/api.w.org\/{rel}","templated":true}]}}