{"id":722816,"date":"2025-08-27T19:09:21","date_gmt":"2025-08-27T16:09:21","guid":{"rendered":"https:\/\/roveyayinevi.com.tr\/index.php\/urun\/golun-hanimi-the-witcher-serisi-7\/"},"modified":"2025-11-21T05:52:26","modified_gmt":"2025-11-21T02:52:26","slug":"golun-hanimi-the-witcher-serisi-7","status":"publish","type":"product","link":"https:\/\/roveyayinevi.com.tr\/index.php\/urun\/golun-hanimi-the-witcher-serisi-7\/","title":{"rendered":"G\u00f6l\u00fcn Han\u0131m\u0131 &#8211; The Witcher Serisi 7"},"content":{"rendered":"<p>\u201cBu hik\u00e2yenin,\u201d dedi bir s\u00fcre sonra Ciri, ekose pelerine iyice sar\u0131narak, \u201cgitgide bir ba\u015flang\u0131c\u0131 yokmu\u015f gibi geliyor. Ger\u00e7ekten bitip bitmedi\u011finden ben de h\u00e2l\u00e2 ku\u015fkuluyum. Ge\u00e7mi\u015f ve gelecek korkun\u00e7 bi\u00e7imde i\u00e7 i\u00e7e ge\u00e7ti. Bir elf, durumumun \u015fu kendi kuyru\u011funu \u0131s\u0131ran y\u0131lana d\u00f6nd\u00fc\u011f\u00fcn\u00fc s\u00f6ylemi\u015fti. Ouroboros y\u0131lan\u0131. Kuyru\u011funu \u0131s\u0131rmas\u0131, \u00e7emberin tamamland\u0131\u011f\u0131 anlam\u0131na gelir. Zaman\u0131n her an\u0131nda ge\u00e7mi\u015f, bug\u00fcn ve gelecek bir aradad\u0131r. Her an\u0131n i\u00e7inde sonsuzluk vard\u0131r. Anl\u0131yor musun?\u201d \u00d6l\u00fcmden k\u0131l pay\u0131 kurtulup K\u0131rlang\u0131\u00e7 Kulesi\u2019ndeki ge\u00e7ide giren Ciri, kendini tamamen farkl\u0131 bir d\u00fcnyada bulur\u2026 Elflerin d\u00fcnyas\u0131nda. Kapana k\u0131s\u0131lan Ciri bir \u00e7\u0131k\u0131\u015f yolu bulamaz. Bu d\u00fcnyada zaman yok gibidir ve kendi d\u00fcnyas\u0131na geri d\u00f6nebilece\u011fi bir ge\u00e7it veya yol da yoktur.Ancak kehanetin \u00e7ocu\u011fu Ciri yenilgiyi kolayca kabul edecek de\u011fildir. Ka\u00e7\u0131p Geralt\u2019a ve onun yol arkada\u015flar\u0131na kavu\u015fmas\u0131 gerekti\u011fini, bu u\u011furda en k\u00f6t\u00fc k\u00e2busuyla y\u00fczle\u015fece\u011fini de \u00e7ok iyi bilmektedir. Onu yakalayan, yaralayan ve ona i\u015fkence eden Leo Bonhart onun pe\u015findedir. B\u00fct\u00fcn d\u00fcnya da h\u00e2l\u00e2 sava\u015f\u0131n girdab\u0131nda bo\u011fulmaya devam etmektedir. <\/p>\n","protected":false},"excerpt":{"rendered":"<p>\u201cBu hik\u00e2yenin,\u201d dedi bir s\u00fcre sonra Ciri, ekose pelerine iyice sar\u0131narak, \u201cgitgide bir ba\u015flang\u0131c\u0131 yokmu\u015f gibi geliyor. Ger\u00e7ekten bitip bitmedi\u011finden ben de h\u00e2l\u00e2 ku\u015fkuluyum. Ge\u00e7mi\u015f ve<span class=\"excerpt-hellip\"> [\u2026]<\/span><\/p>\n","protected":false},"featured_media":0,"template":"","meta":{"_monsterinsights_skip_tracking":false,"_monsterinsights_sitenote_active":false,"_monsterinsights_sitenote_note":"","_monsterinsights_sitenote_category":0},"product_brand":[],"product_cat":[12291,14777],"product_tag":[],"class_list":{"0":"post-722816","1":"product","2":"type-product","3":"status-publish","5":"product_cat-edebiyat","6":"product_cat-fantastik","7":"pa_cilt-ciltsiz","8":"pa_tur-kitap","9":"pa_yayinevi-pegasus-yayinlari","10":"pa_yazar-andrzej-sapkowski","12":"first","13":"instock","14":"sale","15":"shipping-taxable","16":"purchasable","17":"product-type-simple"},"_links":{"self":[{"href":"https:\/\/roveyayinevi.com.tr\/index.php\/wp-json\/wp\/v2\/product\/722816","targetHints":{"allow":["GET"]}}],"collection":[{"href":"https:\/\/roveyayinevi.com.tr\/index.php\/wp-json\/wp\/v2\/product"}],"about":[{"href":"https:\/\/roveyayinevi.com.tr\/index.php\/wp-json\/wp\/v2\/types\/product"}],"wp:attachment":[{"href":"https:\/\/roveyayinevi.com.tr\/index.php\/wp-json\/wp\/v2\/media?parent=722816"}],"wp:term":[{"taxonomy":"product_brand","embeddable":true,"href":"https:\/\/roveyayinevi.com.tr\/index.php\/wp-json\/wp\/v2\/product_brand?post=722816"},{"taxonomy":"product_cat","embeddable":true,"href":"https:\/\/roveyayinevi.com.tr\/index.php\/wp-json\/wp\/v2\/product_cat?post=722816"},{"taxonomy":"product_tag","embeddable":true,"href":"https:\/\/roveyayinevi.com.tr\/index.php\/wp-json\/wp\/v2\/product_tag?post=722816"}],"curies":[{"name":"wp","href":"https:\/\/api.w.org\/{rel}","templated":true}]}}