{"id":722815,"date":"2025-08-27T19:09:21","date_gmt":"2025-08-27T16:09:21","guid":{"rendered":"https:\/\/roveyayinevi.com.tr\/index.php\/urun\/gencler-icin-hayat-bilgisi\/"},"modified":"2026-04-16T02:30:39","modified_gmt":"2026-04-15T23:30:39","slug":"gencler-icin-hayat-bilgisi","status":"publish","type":"product","link":"https:\/\/roveyayinevi.com.tr\/index.php\/urun\/gencler-icin-hayat-bilgisi\/","title":{"rendered":"Gen\u00e7ler \u0130\u00e7in Hayat Bilgisi"},"content":{"rendered":"<p>Sit\u00fcasyonist hareketin \u00f6nc\u00fc teorisyenlerinden Bel\u00e7ikal\u0131 filozof Raoul Vaneigem&#8217;den k\u0131\u015fk\u0131rt\u0131c\u0131 bir manifesto!Gen\u00e7ler \u0130\u00e7in Hayat Bilgisi, yaln\u0131zca modern kapitalizmin ve \u00e7\u00f6kmeye y\u00fcz tutmu\u015f bir d\u00fcnyan\u0131n analizi de\u011fil; nihilist t\u00fcketimcili\u011fe kar\u015f\u0131 bir ayaklanma \u00e7a\u011fr\u0131s\u0131, g\u00f6steri toplumuna sokulan bir nifak tohumu, duvarlara kaz\u0131nan yarat\u0131c\u0131 slogan, meta diktat\u00f6rl\u00fc\u011f\u00fcn\u00fcn reddi ve devrimci ne\u015fenin savunusudur ayn\u0131 zamanda&#8230;Vaneigem&#8217;e g\u00f6re, g\u00fcndelik hayat g\u00fcn\u00fcm\u00fczde bir sava\u015f meydan\u0131d\u0131r; tarihsel bunal\u0131m, onun yabanc\u0131la\u015ft\u0131r\u0131c\u0131 pratikleriyle i\u00e7 i\u00e7e ge\u00e7mi\u015f haldedir. Dolay\u0131s\u0131yla g\u00fcndelik hayata a\u00e7\u0131k\u00e7a de\u011finmeden, a\u015fktaki y\u0131k\u0131c\u0131l\u0131\u011f\u0131 ve zorunluluklar\u0131n reddindeki m\u00fcspe tli\u011fi kavramadan, toplumsal rolleri reddetmeden ne devrimden ne \u00f6zg\u00fcrl\u00fckten s\u00f6z edilebilecektir.Gen\u00e7ler \u0130\u00e7in Hayat Bilgisi&#8217;nde, 68&#8217;de Paris barikatlar\u0131n\u0131 tutu\u015fturan yarat\u0131c\u0131 ate\u015fin ilk k\u0131v\u0131lc\u0131mlar\u0131n\u0131 bulacaks\u0131n\u0131z.<\/p>\n","protected":false},"excerpt":{"rendered":"<p>Sit\u00fcasyonist hareketin \u00f6nc\u00fc teorisyenlerinden Bel\u00e7ikal\u0131 filozof Raoul Vaneigem&#8217;den k\u0131\u015fk\u0131rt\u0131c\u0131 bir manifesto!Gen\u00e7ler \u0130\u00e7in Hayat Bilgisi, yaln\u0131zca modern kapitalizmin ve \u00e7\u00f6kmeye y\u00fcz tutmu\u015f bir d\u00fcnyan\u0131n analizi de\u011fil; nihilist<span class=\"excerpt-hellip\"> [\u2026]<\/span><\/p>\n","protected":false},"featured_media":0,"template":"","meta":{"_monsterinsights_skip_tracking":false,"_monsterinsights_sitenote_active":false,"_monsterinsights_sitenote_note":"","_monsterinsights_sitenote_category":0},"product_brand":[],"product_cat":[12291,12711],"product_tag":[],"class_list":{"0":"post-722815","1":"product","2":"type-product","3":"status-publish","5":"product_cat-edebiyat","6":"product_cat-roman-oyku","7":"pa_cilt-ciltsiz","8":"pa_tur-kitap","9":"pa_yayinevi-sel-yayincilik","10":"pa_yazar-raoul-vaneigem","12":"first","13":"instock","14":"sale","15":"shipping-taxable","16":"purchasable","17":"product-type-simple"},"_links":{"self":[{"href":"https:\/\/roveyayinevi.com.tr\/index.php\/wp-json\/wp\/v2\/product\/722815","targetHints":{"allow":["GET"]}}],"collection":[{"href":"https:\/\/roveyayinevi.com.tr\/index.php\/wp-json\/wp\/v2\/product"}],"about":[{"href":"https:\/\/roveyayinevi.com.tr\/index.php\/wp-json\/wp\/v2\/types\/product"}],"wp:attachment":[{"href":"https:\/\/roveyayinevi.com.tr\/index.php\/wp-json\/wp\/v2\/media?parent=722815"}],"wp:term":[{"taxonomy":"product_brand","embeddable":true,"href":"https:\/\/roveyayinevi.com.tr\/index.php\/wp-json\/wp\/v2\/product_brand?post=722815"},{"taxonomy":"product_cat","embeddable":true,"href":"https:\/\/roveyayinevi.com.tr\/index.php\/wp-json\/wp\/v2\/product_cat?post=722815"},{"taxonomy":"product_tag","embeddable":true,"href":"https:\/\/roveyayinevi.com.tr\/index.php\/wp-json\/wp\/v2\/product_tag?post=722815"}],"curies":[{"name":"wp","href":"https:\/\/api.w.org\/{rel}","templated":true}]}}