{"id":722814,"date":"2025-08-27T19:09:20","date_gmt":"2025-08-27T16:09:20","guid":{"rendered":"https:\/\/roveyayinevi.com.tr\/index.php\/urun\/yabancilasma-ve-ozgurluk-uzerine-yazilar\/"},"modified":"2026-04-16T02:30:39","modified_gmt":"2026-04-15T23:30:39","slug":"yabancilasma-ve-ozgurluk-uzerine-yazilar","status":"publish","type":"product","link":"https:\/\/roveyayinevi.com.tr\/index.php\/urun\/yabancilasma-ve-ozgurluk-uzerine-yazilar\/","title":{"rendered":"Yabanc\u0131la\u015fma ve \u00d6zg\u00fcrl\u00fck \u00dczerine Yaz\u0131lar"},"content":{"rendered":"<p>\u00dc\u00e7\u00fcnc\u00fc D\u00fcnya&#8217;n\u0131n geli\u015ftirdi\u011fi kayg\u0131lardan ba\u015fkald\u0131r\u0131y\u0131, korkulardansa isyan\u0131 \u00f6rg\u00fctleyen devrimci psikiyatrist Frantz Fanon&#8217;un daha \u00f6nce yay\u0131mlanmam\u0131\u015f metinlerinin bir araya getirildi\u011fi bu \u00f6nemli derlemede, s\u00f6m\u00fcrgeci tahakk\u00fcm ve onun payandas\u0131 olan bilimsel yakla\u015f\u0131mlar hedef tahtas\u0131na oturtuluyor.Yabanc\u0131la\u015fma ve \u00d6zg\u00fcrl\u00fck \u00dczerine Yaz\u0131lar&#8217;\u0131n ilk b\u00f6l\u00fcm\u00fc olan Psikiyatri Yaz\u0131lar\u0131&#8217;nda Fanon, s\u00f6m\u00fcrgeci unsurlar\u0131n tetikledi\u011fi yabanc\u0131la\u015fma ve bu yabanc\u0131la\u015fman\u0131n ak\u0131l hastal\u0131klar\u0131yla ili\u015fkisi \u00fczerine yeni ve \u00e7arp\u0131c\u0131 bir bak\u0131\u015f a\u00e7\u0131s\u0131 geli\u015ftirip, Avrupa ger\u00e7ekli\u011fini esas alan tedavilerin s\u00f6m\u00fcrgeci kodlar\u0131n\u0131 te\u015fhir etmeye giri\u015fiyor. Cezayir Ba\u011f\u0131ms\u0131zl\u0131k Sava\u015f\u0131&#8217;yla birlikte Ulusal Kurt ulu\u015f Cephesi saflar\u0131na kat\u0131lan ve El Moudjahid gazetesinde yazmaya ba\u015flayan Fanon&#8217;un Siyasi Yaz\u0131lar&#8217;\u0131ndan m\u00fcte\u015fekkil ikinci b\u00f6l\u00fcmdeyse, hem sava\u015f\u0131n ge\u00e7irdi\u011fi evrim ve art\u0131k \u00f6nlenemez bir g\u00fc\u00e7 olarak sokaklara ta\u015fan \u00f6zg\u00fcrl\u00fck istenci hem de bu devrimci m\u00fccadele u\u011frunda kaybedilenlerin hik\u00e2yeleri g\u00f6zler \u00f6n\u00fcne seriliyor.Fanon, emperyalist ablukan\u0131n hem fiziksel hem de zihinsel duvarlar\u0131na sava\u015f a\u00e7\u0131yor; s\u00f6m\u00fcrgeci gelenek ala\u015fa\u011f\u0131 edilene dek meydanlara, sokaklara, hayata kar\u0131\u015fan yeni direni\u015f mekanizmalar\u0131n\u0131n canland\u0131r\u0131lmas\u0131 ad\u0131na kalemini silaha d\u00f6n\u00fc\u015ft\u00fcr\u00fcyor.<\/p>\n","protected":false},"excerpt":{"rendered":"<p>\u00dc\u00e7\u00fcnc\u00fc D\u00fcnya&#8217;n\u0131n geli\u015ftirdi\u011fi kayg\u0131lardan ba\u015fkald\u0131r\u0131y\u0131, korkulardansa isyan\u0131 \u00f6rg\u00fctleyen devrimci psikiyatrist Frantz Fanon&#8217;un daha \u00f6nce yay\u0131mlanmam\u0131\u015f metinlerinin bir araya getirildi\u011fi bu \u00f6nemli derlemede, s\u00f6m\u00fcrgeci tahakk\u00fcm ve onun<span class=\"excerpt-hellip\"> [\u2026]<\/span><\/p>\n","protected":false},"featured_media":0,"template":"","meta":{"_monsterinsights_skip_tracking":false,"_monsterinsights_sitenote_active":false,"_monsterinsights_sitenote_note":"","_monsterinsights_sitenote_category":0},"product_brand":[],"product_cat":[13059,12337],"product_tag":[],"class_list":{"0":"post-722814","1":"product","2":"type-product","3":"status-publish","5":"product_cat-diger-politika-siyaset","6":"product_cat-politika-siyaset","7":"pa_cilt-ciltsiz","8":"pa_tur-kitap","9":"pa_yayinevi-sel-yayincilik","10":"pa_yazar-frantz-fanon","12":"first","13":"instock","14":"sale","15":"shipping-taxable","16":"purchasable","17":"product-type-simple"},"_links":{"self":[{"href":"https:\/\/roveyayinevi.com.tr\/index.php\/wp-json\/wp\/v2\/product\/722814","targetHints":{"allow":["GET"]}}],"collection":[{"href":"https:\/\/roveyayinevi.com.tr\/index.php\/wp-json\/wp\/v2\/product"}],"about":[{"href":"https:\/\/roveyayinevi.com.tr\/index.php\/wp-json\/wp\/v2\/types\/product"}],"wp:attachment":[{"href":"https:\/\/roveyayinevi.com.tr\/index.php\/wp-json\/wp\/v2\/media?parent=722814"}],"wp:term":[{"taxonomy":"product_brand","embeddable":true,"href":"https:\/\/roveyayinevi.com.tr\/index.php\/wp-json\/wp\/v2\/product_brand?post=722814"},{"taxonomy":"product_cat","embeddable":true,"href":"https:\/\/roveyayinevi.com.tr\/index.php\/wp-json\/wp\/v2\/product_cat?post=722814"},{"taxonomy":"product_tag","embeddable":true,"href":"https:\/\/roveyayinevi.com.tr\/index.php\/wp-json\/wp\/v2\/product_tag?post=722814"}],"curies":[{"name":"wp","href":"https:\/\/api.w.org\/{rel}","templated":true}]}}