{"id":722813,"date":"2025-08-27T19:09:19","date_gmt":"2025-08-27T16:09:19","guid":{"rendered":"https:\/\/roveyayinevi.com.tr\/index.php\/urun\/kemikler\/"},"modified":"2026-04-16T02:30:39","modified_gmt":"2026-04-15T23:30:39","slug":"kemikler","status":"publish","type":"product","link":"https:\/\/roveyayinevi.com.tr\/index.php\/urun\/kemikler\/","title":{"rendered":"Kemikler"},"content":{"rendered":"<p>Y\u0131l 1993. Dersim&#8217;in bir k\u00f6y\u00fcnde, \u00fclkenin bo\u011fucu atmosferinde akan hayat, topraktan \u00e7\u0131kan sahipsiz kemiklerle ve art\u0131k radyo haberlerinden ibaret olmayan sava\u015f\u0131n evlerin \u00f6n\u00fcne kadar gelmesiyle sars\u0131l\u0131r. Bo\u015falt\u0131lan k\u00f6ylerin, g\u00f6zalt\u0131lar\u0131n, kay\u0131plar\u0131n ve zorunlu g\u00f6\u00e7\u00fcn y\u0131k\u0131c\u0131 etkilerine maruz kalan herkesin hayat\u0131 k\u00f6k\u00fcnden de\u011fi\u015fir.Y\u0131l 2014. &#8220;\u015eimdi \u0130tiraf Zaman\u0131&#8221; ba\u015fl\u0131kl\u0131 bir gazete haberinin d\u00f6rt ki\u015finin hayat\u0131nda yaratt\u0131\u011f\u0131 etki \u00e7ocuklu\u011fun, b\u00fcy\u00fcmenin ve savrulman\u0131n oldu\u011fu kadar bir d\u00f6nemin karanl\u0131klar\u0131na da \u0131\u015f\u0131k tutar. Tutulamayan bir yas\u0131n nas\u0131l ta\u015fla\u015f\u0131p a\u011f\u0131rla\u015ft\u0131\u011f\u0131, hayat\u0131 nas\u0131l zehirledi\u011fi d\u00f6rt karakterin a\u011fz\u0131ndan somutla\u015f\u0131rken, belki biraz uza\u011f\u0131m\u0131zdaki &#8220;faili me\u00e7hul&#8221; kavram\u0131 ayn\u0131 \u015fekilde canlan\u0131p yan\u0131m\u0131za sokulur. Sahipsiz kemikler ise bulunacaklar\u0131 g\u00fcne kadar bu topraklar\u0131n her daim karn\u0131nda ve ezberindedir.Bu sat\u0131rlar yaz\u0131l\u0131rken de okunurken de kay\u0131plar\u0131n\u0131n ak\u0131betini ve hesab\u0131n\u0131 soranlar\u0131n eylemleri devam ediyor. Hayat da&#8230;<\/p>\n","protected":false},"excerpt":{"rendered":"<p>Y\u0131l 1993. Dersim&#8217;in bir k\u00f6y\u00fcnde, \u00fclkenin bo\u011fucu atmosferinde akan hayat, topraktan \u00e7\u0131kan sahipsiz kemiklerle ve art\u0131k radyo haberlerinden ibaret olmayan sava\u015f\u0131n evlerin \u00f6n\u00fcne kadar gelmesiyle sars\u0131l\u0131r.<span class=\"excerpt-hellip\"> [\u2026]<\/span><\/p>\n","protected":false},"featured_media":0,"template":"","meta":{"_monsterinsights_skip_tracking":false,"_monsterinsights_sitenote_active":false,"_monsterinsights_sitenote_note":"","_monsterinsights_sitenote_category":0},"product_brand":[],"product_cat":[12291,12711],"product_tag":[],"class_list":{"0":"post-722813","1":"product","2":"type-product","3":"status-publish","5":"product_cat-edebiyat","6":"product_cat-roman-oyku","7":"pa_cilt-ciltsiz","8":"pa_tur-kitap","9":"pa_yayinevi-sel-yayincilik","10":"pa_yazar-cem-ugur","12":"first","13":"instock","14":"sale","15":"shipping-taxable","16":"purchasable","17":"product-type-simple"},"_links":{"self":[{"href":"https:\/\/roveyayinevi.com.tr\/index.php\/wp-json\/wp\/v2\/product\/722813","targetHints":{"allow":["GET"]}}],"collection":[{"href":"https:\/\/roveyayinevi.com.tr\/index.php\/wp-json\/wp\/v2\/product"}],"about":[{"href":"https:\/\/roveyayinevi.com.tr\/index.php\/wp-json\/wp\/v2\/types\/product"}],"wp:attachment":[{"href":"https:\/\/roveyayinevi.com.tr\/index.php\/wp-json\/wp\/v2\/media?parent=722813"}],"wp:term":[{"taxonomy":"product_brand","embeddable":true,"href":"https:\/\/roveyayinevi.com.tr\/index.php\/wp-json\/wp\/v2\/product_brand?post=722813"},{"taxonomy":"product_cat","embeddable":true,"href":"https:\/\/roveyayinevi.com.tr\/index.php\/wp-json\/wp\/v2\/product_cat?post=722813"},{"taxonomy":"product_tag","embeddable":true,"href":"https:\/\/roveyayinevi.com.tr\/index.php\/wp-json\/wp\/v2\/product_tag?post=722813"}],"curies":[{"name":"wp","href":"https:\/\/api.w.org\/{rel}","templated":true}]}}