{"id":722811,"date":"2025-08-27T19:09:18","date_gmt":"2025-08-27T16:09:18","guid":{"rendered":"https:\/\/roveyayinevi.com.tr\/index.php\/urun\/insanligimi-yitirirken\/"},"modified":"2026-04-16T02:30:39","modified_gmt":"2026-04-15T23:30:39","slug":"insanligimi-yitirirken","status":"publish","type":"product","link":"https:\/\/roveyayinevi.com.tr\/index.php\/urun\/insanligimi-yitirirken\/","title":{"rendered":"\u0130nsanl\u0131\u011f\u0131m\u0131 Yitirirken"},"content":{"rendered":"<p>Japonya&#8217;n\u0131n en \u00e7ok okunan romanlar\u0131ndan \u0130nsanl\u0131\u011f\u0131m\u0131 Yitirirken&#8217;de Osamu Dazai, sava\u015f sonras\u0131 Japonya&#8217;s\u0131n\u0131n bo\u011fucu atmosferinin toplumdaki izd\u00fc\u015f\u00fcm\u00fcn\u00fc ve bireyin kalabal\u0131klar kar\u015f\u0131s\u0131nda giderek yabanc\u0131la\u015farak insani de\u011ferlerini yitiri\u015fini aktarmak i\u00e7in te\u015frih masas\u0131na kendini yat\u0131r\u0131yor.G\u00fcndelik ya\u015fam\u0131n ac\u0131 veren detaylar\u0131n\u0131 ve y\u0131k\u0131c\u0131 anlar\u0131n u\u011fultusunu t\u00fcm yal\u0131nl\u0131\u011f\u0131yla k\u00e2\u011f\u0131da d\u00f6kerek yaratt\u0131\u011f\u0131 bu anti-kahramanla, Japonya&#8217;n\u0131n gen\u00e7 ayd\u0131nlar\u0131n\u0131n Bat\u0131 ile geleneksel k\u00fclt\u00fcr aras\u0131ndaki s\u0131k\u0131\u015fm\u0131\u015fl\u0131\u011f\u0131n\u0131 resmederek, bireycili\u011fin ve toplum kar\u015f\u0131tl\u0131\u011f\u0131n\u0131n &#8220;salg\u0131n&#8221; gibi yay\u0131ld\u0131\u011f\u0131 bir co\u011frafyada varolu\u015f\u00e7uluk tohumlar\u0131 serpiyor.Duygular h\u0131rpalanarak silikle\u015firken, d\u00fcnyan\u0131n ger\u00e7ekli\u011fini yitiri\u015fini aktaran Dazai, d\u00fcnyevi hazlar pe\u015finde iyile\u015fmeye \u00e7al\u0131\u015f\u0131rken daha da par\u00e7alanan Yozo karakterinde cisimle\u015fen evrensel sanc\u0131n\u0131n yans\u0131d\u0131\u011f\u0131 sat\u0131rlarla yaz\u0131n d\u00fcnyas\u0131nda \u00f6l\u00fcms\u00fczle\u015fiyor.Ya\u015fam\u0131 intihar giri\u015fimleriyle \u015fekillenmi\u015f bir yazardan, \u00f6l\u00fcm\u00fcn s\u0131n\u0131r \u00e7izgilerine misilleme yapan bir metin.<\/p>\n","protected":false},"excerpt":{"rendered":"<p>Japonya&#8217;n\u0131n en \u00e7ok okunan romanlar\u0131ndan \u0130nsanl\u0131\u011f\u0131m\u0131 Yitirirken&#8217;de Osamu Dazai, sava\u015f sonras\u0131 Japonya&#8217;s\u0131n\u0131n bo\u011fucu atmosferinin toplumdaki izd\u00fc\u015f\u00fcm\u00fcn\u00fc ve bireyin kalabal\u0131klar kar\u015f\u0131s\u0131nda giderek yabanc\u0131la\u015farak insani de\u011ferlerini yitiri\u015fini aktarmak<span class=\"excerpt-hellip\"> [\u2026]<\/span><\/p>\n","protected":false},"featured_media":0,"template":"","meta":{"_monsterinsights_skip_tracking":false,"_monsterinsights_sitenote_active":false,"_monsterinsights_sitenote_note":"","_monsterinsights_sitenote_category":0},"product_brand":[],"product_cat":[12291,12711],"product_tag":[],"class_list":{"0":"post-722811","1":"product","2":"type-product","3":"status-publish","5":"product_cat-edebiyat","6":"product_cat-roman-oyku","7":"pa_cilt-ciltsiz","8":"pa_tur-kitap","9":"pa_yayinevi-sel-yayincilik","10":"pa_yazar-osamu-dazai","12":"first","13":"instock","14":"sale","15":"shipping-taxable","16":"purchasable","17":"product-type-simple"},"_links":{"self":[{"href":"https:\/\/roveyayinevi.com.tr\/index.php\/wp-json\/wp\/v2\/product\/722811","targetHints":{"allow":["GET"]}}],"collection":[{"href":"https:\/\/roveyayinevi.com.tr\/index.php\/wp-json\/wp\/v2\/product"}],"about":[{"href":"https:\/\/roveyayinevi.com.tr\/index.php\/wp-json\/wp\/v2\/types\/product"}],"wp:attachment":[{"href":"https:\/\/roveyayinevi.com.tr\/index.php\/wp-json\/wp\/v2\/media?parent=722811"}],"wp:term":[{"taxonomy":"product_brand","embeddable":true,"href":"https:\/\/roveyayinevi.com.tr\/index.php\/wp-json\/wp\/v2\/product_brand?post=722811"},{"taxonomy":"product_cat","embeddable":true,"href":"https:\/\/roveyayinevi.com.tr\/index.php\/wp-json\/wp\/v2\/product_cat?post=722811"},{"taxonomy":"product_tag","embeddable":true,"href":"https:\/\/roveyayinevi.com.tr\/index.php\/wp-json\/wp\/v2\/product_tag?post=722811"}],"curies":[{"name":"wp","href":"https:\/\/api.w.org\/{rel}","templated":true}]}}