{"id":722808,"date":"2025-08-27T19:09:15","date_gmt":"2025-08-27T16:09:15","guid":{"rendered":"https:\/\/roveyayinevi.com.tr\/index.php\/urun\/gel-zaman-git-zaman-piri-reisin-pesinde\/"},"modified":"2026-04-16T02:30:39","modified_gmt":"2026-04-15T23:30:39","slug":"gel-zaman-git-zaman-piri-reisin-pesinde","status":"publish","type":"product","link":"https:\/\/roveyayinevi.com.tr\/index.php\/urun\/gel-zaman-git-zaman-piri-reisin-pesinde\/","title":{"rendered":"Gel Zaman Git Zaman &#8211; Piri Reis&#8217;in Pe\u015finde"},"content":{"rendered":"<p>Timur\u2019un ya\u015fad\u0131\u011f\u0131 mahallede heyecan hi\u00e7 dinmiyor! Merakl\u0131 Leyla Teyze, Mucit Muzo\u2019nun icatlar yapt\u0131\u011f\u0131 garajda zaman kumandas\u0131n\u0131 bulup da kar\u0131\u015ft\u0131r\u0131nca kendini bir anda Piri Reis\u2019in d\u00fcnyas\u0131nda buluyor. Mucit Muzo ile Timur onu kurtarmak i\u00e7in zamanda bir yolculu\u011fa \u00e7\u0131k\u0131yorlar. Piri Reis\u2019i \u00e7ok merak eden Timur bu yolculuk sayesinde onu yak\u0131ndan tan\u0131ma f\u0131rsat\u0131 bulacak; b\u00fcy\u00fck denizcinin denizlerde edindi\u011fi deneyimlere \u015fahit olup \u00fcnl\u00fc haritas\u0131n\u0131 \u00e7izerken ya\u015fad\u0131\u011f\u0131 maceralarda ona e\u015flik edecek!<\/p>\n","protected":false},"excerpt":{"rendered":"<p>Timur\u2019un ya\u015fad\u0131\u011f\u0131 mahallede heyecan hi\u00e7 dinmiyor! Merakl\u0131 Leyla Teyze, Mucit Muzo\u2019nun icatlar yapt\u0131\u011f\u0131 garajda zaman kumandas\u0131n\u0131 bulup da kar\u0131\u015ft\u0131r\u0131nca kendini bir anda Piri Reis\u2019in d\u00fcnyas\u0131nda buluyor.<span class=\"excerpt-hellip\"> [\u2026]<\/span><\/p>\n","protected":false},"featured_media":0,"template":"","meta":{"_monsterinsights_skip_tracking":false,"_monsterinsights_sitenote_active":false,"_monsterinsights_sitenote_note":"","_monsterinsights_sitenote_category":0},"product_brand":[],"product_cat":[12274],"product_tag":[],"class_list":{"0":"post-722808","1":"product","2":"type-product","3":"status-publish","5":"product_cat-cocuk-ve-genclik-kitaplari","6":"pa_cilt-ciltsiz","7":"pa_tur-kitap","8":"pa_yayinevi-dogan-egmont-yayincilik","9":"pa_yazar-koray-avci-cakman","11":"first","12":"instock","13":"sale","14":"shipping-taxable","15":"purchasable","16":"product-type-simple"},"_links":{"self":[{"href":"https:\/\/roveyayinevi.com.tr\/index.php\/wp-json\/wp\/v2\/product\/722808","targetHints":{"allow":["GET"]}}],"collection":[{"href":"https:\/\/roveyayinevi.com.tr\/index.php\/wp-json\/wp\/v2\/product"}],"about":[{"href":"https:\/\/roveyayinevi.com.tr\/index.php\/wp-json\/wp\/v2\/types\/product"}],"wp:attachment":[{"href":"https:\/\/roveyayinevi.com.tr\/index.php\/wp-json\/wp\/v2\/media?parent=722808"}],"wp:term":[{"taxonomy":"product_brand","embeddable":true,"href":"https:\/\/roveyayinevi.com.tr\/index.php\/wp-json\/wp\/v2\/product_brand?post=722808"},{"taxonomy":"product_cat","embeddable":true,"href":"https:\/\/roveyayinevi.com.tr\/index.php\/wp-json\/wp\/v2\/product_cat?post=722808"},{"taxonomy":"product_tag","embeddable":true,"href":"https:\/\/roveyayinevi.com.tr\/index.php\/wp-json\/wp\/v2\/product_tag?post=722808"}],"curies":[{"name":"wp","href":"https:\/\/api.w.org\/{rel}","templated":true}]}}