{"id":722807,"date":"2025-08-27T19:09:14","date_gmt":"2025-08-27T16:09:14","guid":{"rendered":"https:\/\/roveyayinevi.com.tr\/index.php\/urun\/asil-3-asil-duygular\/"},"modified":"2026-04-16T02:30:39","modified_gmt":"2026-04-15T23:30:39","slug":"asil-3-asil-duygular","status":"publish","type":"product","link":"https:\/\/roveyayinevi.com.tr\/index.php\/urun\/asil-3-asil-duygular\/","title":{"rendered":"Asil 3 &#8211; Asil Duygular"},"content":{"rendered":"<p>Logan St. James&#8230;Hat\u0131rlamak istemedi\u011fi ge\u00e7mi\u015fini ard\u0131nda b\u0131rakmak ve b\u00fcy\u00fck bir asaletin par\u00e7as\u0131 olabilmek i\u00e7in y\u0131llar\u0131n\u0131 vermi\u015f bir yak\u0131n koruma&#8230; G\u00f6revi, sadakat yemini etti\u011fi kraliyet ailesinden bir ismi, Prenses Olivia\u2019n\u0131n karde\u015fi Ellie Hammond\u2019\u0131 korumak. Asla oda\u011f\u0131n\u0131 kaybedemez, korumakla y\u00fck\u00fcml\u00fc olduklar\u0131n\u0131 g\u00f6z\u00fcn\u00fcn \u00f6n\u00fcnden ay\u0131ramaz ve asla, asla \u00e2\u015f\u0131k olamaz. Ellie Hammond&#8230; Ak\u0131ll\u0131, \u00e7ekici, g\u00fczelli\u011fiyle ba\u015f d\u00f6nd\u00fcren bir gen\u00e7 k\u0131z\u2026 Ablas\u0131 Prenses Olivia masals\u0131 bir d\u00fcnyaya ad\u0131m atarken, o kendi yolunu bulmaya \u00e7al\u0131\u015f\u0131yor ve umutsuz bir a\u015fka d\u00fc\u015f\u00fcyor. Peki Logan, Ellie\u2019yi yaln\u0131zca i\u015finin bir par\u00e7as\u0131 olarak g\u00f6rebilecek mi? Yoksa, y\u0131llarca korudu\u011fu o g\u00fczel gen\u00e7 k\u0131z ad\u0131m ad\u0131m \u00e7ekici bir kad\u0131na d\u00f6n\u00fc\u015f\u00fcrken, kar\u015f\u0131 konulmaz arzular\u0131na teslim mi olacak? Logan bir se\u00e7im yapmak zorunda: Ge\u00e7mi\u015fin an\u0131lar\u0131n\u0131 kapatan kraliyet ailesi ya da a\u015fk\u0131n asaleti&#8230;<\/p>\n","protected":false},"excerpt":{"rendered":"<p>Logan St. James&#8230;Hat\u0131rlamak istemedi\u011fi ge\u00e7mi\u015fini ard\u0131nda b\u0131rakmak ve b\u00fcy\u00fck bir asaletin par\u00e7as\u0131 olabilmek i\u00e7in y\u0131llar\u0131n\u0131 vermi\u015f bir yak\u0131n koruma&#8230; G\u00f6revi, sadakat yemini etti\u011fi kraliyet ailesinden bir<span class=\"excerpt-hellip\"> [\u2026]<\/span><\/p>\n","protected":false},"featured_media":0,"template":"","meta":{"_monsterinsights_skip_tracking":false,"_monsterinsights_sitenote_active":false,"_monsterinsights_sitenote_note":"","_monsterinsights_sitenote_category":0},"product_brand":[],"product_cat":[14643,12291],"product_tag":[],"class_list":{"0":"post-722807","1":"product","2":"type-product","3":"status-publish","5":"product_cat-ask","6":"product_cat-edebiyat","7":"pa_cilt-ciltsiz","8":"pa_tur-kitap","9":"pa_yayinevi-dex-yayinevi","10":"pa_yazar-emma-chase","12":"first","13":"instock","14":"sale","15":"shipping-taxable","16":"purchasable","17":"product-type-simple"},"_links":{"self":[{"href":"https:\/\/roveyayinevi.com.tr\/index.php\/wp-json\/wp\/v2\/product\/722807","targetHints":{"allow":["GET"]}}],"collection":[{"href":"https:\/\/roveyayinevi.com.tr\/index.php\/wp-json\/wp\/v2\/product"}],"about":[{"href":"https:\/\/roveyayinevi.com.tr\/index.php\/wp-json\/wp\/v2\/types\/product"}],"wp:attachment":[{"href":"https:\/\/roveyayinevi.com.tr\/index.php\/wp-json\/wp\/v2\/media?parent=722807"}],"wp:term":[{"taxonomy":"product_brand","embeddable":true,"href":"https:\/\/roveyayinevi.com.tr\/index.php\/wp-json\/wp\/v2\/product_brand?post=722807"},{"taxonomy":"product_cat","embeddable":true,"href":"https:\/\/roveyayinevi.com.tr\/index.php\/wp-json\/wp\/v2\/product_cat?post=722807"},{"taxonomy":"product_tag","embeddable":true,"href":"https:\/\/roveyayinevi.com.tr\/index.php\/wp-json\/wp\/v2\/product_tag?post=722807"}],"curies":[{"name":"wp","href":"https:\/\/api.w.org\/{rel}","templated":true}]}}