{"id":722806,"date":"2025-08-27T19:09:14","date_gmt":"2025-08-27T16:09:14","guid":{"rendered":"https:\/\/roveyayinevi.com.tr\/index.php\/urun\/meraklisina-bilim\/"},"modified":"2025-11-21T05:52:21","modified_gmt":"2025-11-21T02:52:21","slug":"meraklisina-bilim","status":"publish","type":"product","link":"https:\/\/roveyayinevi.com.tr\/index.php\/urun\/meraklisina-bilim\/","title":{"rendered":"Merakl\u0131s\u0131na Bilim"},"content":{"rendered":"<p>Bilim Akademisi akademik liyakat, d\u00fcr\u00fcstl\u00fck ve \u00f6zg\u00fcrl\u00fck ilkeleri \u00fczerine kurulmu\u015f, T\u00fcrkiye\u2019nin ba\u015far\u0131l\u0131 bilim insanlar\u0131n\u0131, bilime katk\u0131lar\u0131na g\u00f6re \u00fcyeli\u011fe davet eden ba\u011f\u0131ms\u0131z bir akademi. Bu kitap, Bilim Akademisi\u2019nin pop\u00fcler bilim yay\u0131n\u0131 sarkac.org\u2019da 2019 y\u0131l\u0131nda yay\u0131nlanm\u0131\u015f yaz\u0131lardan bir se\u00e7ki. Yediden yetmi\u015fe herkes i\u00e7in vazge\u00e7ilmez bir bilgi kayna\u011f\u0131 olacak se\u00e7kide periyodik tablonun tarihinden, asal say\u0131lara; Amerikan ba\u015fkanl\u0131k sisteminden, yapay zek\u00e2ya; Osmanl\u0131\u2019da enflasyondan kanser tedavilerine geni\u015f bir yelpazede bilim insanlar\u0131 taraf\u0131ndan kaleme al\u0131nm\u0131\u015f, keyifle okuyaca\u011f\u0131n\u0131z yaz\u0131lar var.Pop\u00fcler bilim neden \u00f6nemli? Osmanl\u0131&#8217;da enflasyon. \u0130brahim Tatl\u0131ses\u2019in haf\u0131zas\u0131. En b\u00fcy\u00fck Asal Say\u0131. Matemati\u011fin en \u015f\u0131k ikinci denklemi Otonom arabalar ve ahlak I\u015f\u0131k kirlili\u011fi nedir? Silikon Vadisi ne kadar ye\u015fil? S\u00fcrd\u00fcr\u00fclebilir g\u0131da: Yosun Antibiyotik direncinden neden korkmal\u0131y\u0131z? K\u00f6k h\u00fccre nakli: Ya onun ihtiyac\u0131 olan k\u00f6k h\u00fccre sizdeyse? Neymi\u015f bu kanser imm\u00fcnoterapisi? Yaz saati nedir? Kuantum fizi\u011finin do\u011fu\u015fu.<\/p>\n","protected":false},"excerpt":{"rendered":"<p>Bilim Akademisi akademik liyakat, d\u00fcr\u00fcstl\u00fck ve \u00f6zg\u00fcrl\u00fck ilkeleri \u00fczerine kurulmu\u015f, T\u00fcrkiye\u2019nin ba\u015far\u0131l\u0131 bilim insanlar\u0131n\u0131, bilime katk\u0131lar\u0131na g\u00f6re \u00fcyeli\u011fe davet eden ba\u011f\u0131ms\u0131z bir akademi. Bu kitap, Bilim<span class=\"excerpt-hellip\"> [\u2026]<\/span><\/p>\n","protected":false},"featured_media":0,"template":"","meta":{"_monsterinsights_skip_tracking":false,"_monsterinsights_sitenote_active":false,"_monsterinsights_sitenote_note":"","_monsterinsights_sitenote_category":0},"product_brand":[],"product_cat":[13005,13006],"product_tag":[],"class_list":{"0":"post-722806","1":"product","2":"type-product","3":"status-publish","5":"product_cat-bilim-muhendislik","6":"product_cat-populer-bilim","7":"pa_cilt-ciltsiz","8":"pa_tur-kitap","9":"pa_yayinevi-dogan-kitap","10":"pa_yazar-defne-ucer-saylan","12":"first","13":"instock","14":"sale","15":"shipping-taxable","16":"purchasable","17":"product-type-simple"},"_links":{"self":[{"href":"https:\/\/roveyayinevi.com.tr\/index.php\/wp-json\/wp\/v2\/product\/722806","targetHints":{"allow":["GET"]}}],"collection":[{"href":"https:\/\/roveyayinevi.com.tr\/index.php\/wp-json\/wp\/v2\/product"}],"about":[{"href":"https:\/\/roveyayinevi.com.tr\/index.php\/wp-json\/wp\/v2\/types\/product"}],"wp:attachment":[{"href":"https:\/\/roveyayinevi.com.tr\/index.php\/wp-json\/wp\/v2\/media?parent=722806"}],"wp:term":[{"taxonomy":"product_brand","embeddable":true,"href":"https:\/\/roveyayinevi.com.tr\/index.php\/wp-json\/wp\/v2\/product_brand?post=722806"},{"taxonomy":"product_cat","embeddable":true,"href":"https:\/\/roveyayinevi.com.tr\/index.php\/wp-json\/wp\/v2\/product_cat?post=722806"},{"taxonomy":"product_tag","embeddable":true,"href":"https:\/\/roveyayinevi.com.tr\/index.php\/wp-json\/wp\/v2\/product_tag?post=722806"}],"curies":[{"name":"wp","href":"https:\/\/api.w.org\/{rel}","templated":true}]}}