{"id":722805,"date":"2025-08-27T19:09:13","date_gmt":"2025-08-27T16:09:13","guid":{"rendered":"https:\/\/roveyayinevi.com.tr\/index.php\/urun\/baba-bak-deniz\/"},"modified":"2026-04-16T02:30:39","modified_gmt":"2026-04-15T23:30:39","slug":"baba-bak-deniz","status":"publish","type":"product","link":"https:\/\/roveyayinevi.com.tr\/index.php\/urun\/baba-bak-deniz\/","title":{"rendered":"Baba Bak Deniz"},"content":{"rendered":"<p>\u201cK\u0131z\u0131m kayd\u0131raktan kayarken yine sevin\u00e7 \u00e7\u0131\u011fl\u0131klar\u0131 atacak. Ama babas\u0131na d\u00f6n\u00fcp o yumu\u015fac\u0131k eliyle k\u0131y\u0131y\u0131 g\u00f6stererek \u2018Bak deniz!\u2019 demeyecek. Diyemeyecek. Bir h\u00fcz\u00fcn inecek g\u00fczel, \u0131\u015f\u0131lt\u0131l\u0131 g\u00f6zlerine. Eliyle denizi de\u011fil babas\u0131n\u0131 arayacak, karanl\u0131kta el yordam\u0131yla bu durumdan, bu yaln\u0131zl\u0131ktan, bu kahrolas\u0131 ayr\u0131l\u0131ktan bir \u00e7\u0131k\u0131\u015f yolu arar gibi. \u201d\u201cDilay\u2019a daha g\u00fczel, daha \u00f6zg\u00fcr, insana ve do\u011faya daha sayg\u0131l\u0131 bir \u00fclke b\u0131rakaca\u011f\u0131m\u0131zdan ku\u015fkuluyum. Yine de karamsarl\u0131\u011f\u0131 atmaya \u00e7al\u0131\u015f\u0131yorum \u00fczerimden. K\u0131z\u0131m bug\u00fcnk\u00fcnden farkl\u0131 bir \u00fclkede b\u00fcy\u00fcyecek. Gazetecilerin casusluk, akademisyenlerin hainlik, yazarlar\u0131n ter\u00f6ristlik su\u00e7lamalar\u0131yla hapsedilmedi\u011fi, demokratik de\u011ferlerin umutla ye\u015ferip dere boylar\u0131nda h\u0131\u015f\u0131rdayan kavaklar gibi sal\u0131nd\u0131\u011f\u0131 bir T\u00fcrkiye\u2019de.\u201dNedim G\u00fcrsel otobiyografik anlat\u0131 unsurlar\u0131yla kurmacay\u0131 ustal\u0131kla harmanlad\u0131\u011f\u0131 bu kitab\u0131nda k\u00fc\u00e7\u00fck k\u0131z\u0131 Dilay\u2019\u0131n sevin\u00e7li, kimi zaman da buruk d\u00fcnyas\u0131n\u0131 anlatmakla kalm\u0131yor, baba olman\u0131n anlam\u0131 \u00fczerine de d\u00fc\u015f\u00fcn\u00fcyor. Edebiyattan yolculuklara, \u015fehirlerin ruhuna, yine keyifli bir okuma ser\u00fcvenine davet ediyor okuru.<\/p>\n","protected":false},"excerpt":{"rendered":"<p>\u201cK\u0131z\u0131m kayd\u0131raktan kayarken yine sevin\u00e7 \u00e7\u0131\u011fl\u0131klar\u0131 atacak. Ama babas\u0131na d\u00f6n\u00fcp o yumu\u015fac\u0131k eliyle k\u0131y\u0131y\u0131 g\u00f6stererek \u2018Bak deniz!\u2019 demeyecek. Diyemeyecek. Bir h\u00fcz\u00fcn inecek g\u00fczel, \u0131\u015f\u0131lt\u0131l\u0131 g\u00f6zlerine. Eliyle<span class=\"excerpt-hellip\"> [\u2026]<\/span><\/p>\n","protected":false},"featured_media":0,"template":"","meta":{"_monsterinsights_skip_tracking":false,"_monsterinsights_sitenote_active":false,"_monsterinsights_sitenote_note":"","_monsterinsights_sitenote_category":0},"product_brand":[],"product_cat":[18545,12291],"product_tag":[],"class_list":{"0":"post-722805","1":"product","2":"type-product","3":"status-publish","5":"product_cat-anlati","6":"product_cat-edebiyat","7":"pa_cilt-ciltsiz","8":"pa_tur-kitap","9":"pa_yayinevi-dogan-kitap","10":"pa_yazar-nedim-gursel","12":"first","13":"instock","14":"sale","15":"shipping-taxable","16":"purchasable","17":"product-type-simple"},"_links":{"self":[{"href":"https:\/\/roveyayinevi.com.tr\/index.php\/wp-json\/wp\/v2\/product\/722805","targetHints":{"allow":["GET"]}}],"collection":[{"href":"https:\/\/roveyayinevi.com.tr\/index.php\/wp-json\/wp\/v2\/product"}],"about":[{"href":"https:\/\/roveyayinevi.com.tr\/index.php\/wp-json\/wp\/v2\/types\/product"}],"wp:attachment":[{"href":"https:\/\/roveyayinevi.com.tr\/index.php\/wp-json\/wp\/v2\/media?parent=722805"}],"wp:term":[{"taxonomy":"product_brand","embeddable":true,"href":"https:\/\/roveyayinevi.com.tr\/index.php\/wp-json\/wp\/v2\/product_brand?post=722805"},{"taxonomy":"product_cat","embeddable":true,"href":"https:\/\/roveyayinevi.com.tr\/index.php\/wp-json\/wp\/v2\/product_cat?post=722805"},{"taxonomy":"product_tag","embeddable":true,"href":"https:\/\/roveyayinevi.com.tr\/index.php\/wp-json\/wp\/v2\/product_tag?post=722805"}],"curies":[{"name":"wp","href":"https:\/\/api.w.org\/{rel}","templated":true}]}}