{"id":722803,"date":"2025-08-27T19:09:11","date_gmt":"2025-08-27T16:09:11","guid":{"rendered":"https:\/\/roveyayinevi.com.tr\/index.php\/urun\/yeni-uzerine-gecmisle-gelecek-arasinda-kulturel-ekonomi\/"},"modified":"2026-04-16T02:30:39","modified_gmt":"2026-04-15T23:30:39","slug":"yeni-uzerine-gecmisle-gelecek-arasinda-kulturel-ekonomi","status":"publish","type":"product","link":"https:\/\/roveyayinevi.com.tr\/index.php\/urun\/yeni-uzerine-gecmisle-gelecek-arasinda-kulturel-ekonomi\/","title":{"rendered":"Yeni \u00dczerine: Ge\u00e7mi\u015fle Gelecek Aras\u0131nda K\u00fclt\u00fcrel Ekonomi"},"content":{"rendered":"<p>D\u00fc\u015f\u00fcnceler bir ba\u011flamdan di\u011ferine g\u00f6\u00e7erken \u201cyenilik\u201d yarat\u0131l\u0131r ve s\u0131n\u0131rlar yeni ba\u015ftan \u00e7izilir. Boris Groys, de\u011ferliyi de\u011fersizden, k\u00fclt\u00fcr\u00fc d\u00fcnyeviden ay\u0131ran bu s\u0131n\u0131rdaki s\u00fcrekli kaymalar\u0131n izini s\u00fcrerken sanatta yenili\u011fin ve bunun alg\u0131lanmas\u0131 ve tan\u0131nmas\u0131n\u0131n ard\u0131ndaki s\u00fcre\u00e7lerin haritas\u0131n\u0131 \u00e7\u0131kar\u0131yor.Modern k\u00fclt\u00fcr\u00fcn ba\u015fl\u0131ca y\u00f6nlendiricileri olan entelekt\u00fcel piyasay\u0131 ve ar\u015fivi harekete ge\u00e7iren de\u011fi\u015f toku\u015f ve de\u011ferleme ekonomilerini de mercek alt\u0131na al\u0131yor. Yeni \u00dczerine, \u00f6ncelikle g\u00fcn\u00fcm\u00fczde sanat\u0131n nas\u0131l sanat oldu\u011funu ara\u015ft\u0131r\u0131yor. Groys, zaman\u0131m\u0131z\u0131n k\u00fclt\u00fcrel yap\u0131tlar\u0131n\u0131n kendilerine \u00f6zg\u00fc niteliklerinin analizini yaparak okuru bir yandan da bu yap\u0131tlar hakk\u0131nda d\u00fc\u015f\u00fcnmeye sevk ediyor. Derinlemesine analizleri felsefi sorularla birle\u015ftirerek modern d\u00fcnyada k\u00fclt\u00fcr \u00fcretiminin kilit meselelerini ke\u015ffe \u00e7\u0131k\u0131yor.Boris Groys, sanat ele\u015ftirmeni, medya kuramc\u0131s\u0131 ve felsefeci. New York \u00dcniversitesi\u2019nde Rus ve Slav Ara\u015ft\u0131rmalar\u0131 profes\u00f6r\u00fc ve Karlsruhe Sanat ve Tasar\u0131m \u00dcniversitesi\u2019nde k\u0131demli ara\u015ft\u0131rmac\u0131.<\/p>\n","protected":false},"excerpt":{"rendered":"<p>D\u00fc\u015f\u00fcnceler bir ba\u011flamdan di\u011ferine g\u00f6\u00e7erken \u201cyenilik\u201d yarat\u0131l\u0131r ve s\u0131n\u0131rlar yeni ba\u015ftan \u00e7izilir. Boris Groys, de\u011ferliyi de\u011fersizden, k\u00fclt\u00fcr\u00fc d\u00fcnyeviden ay\u0131ran bu s\u0131n\u0131rdaki s\u00fcrekli kaymalar\u0131n izini s\u00fcrerken sanatta<span class=\"excerpt-hellip\"> [\u2026]<\/span><\/p>\n","protected":false},"featured_media":0,"template":"","meta":{"_monsterinsights_skip_tracking":false,"_monsterinsights_sitenote_active":false,"_monsterinsights_sitenote_note":"","_monsterinsights_sitenote_category":0},"product_brand":[],"product_cat":[20333,13043],"product_tag":[],"class_list":{"0":"post-722803","1":"product","2":"type-product","3":"status-publish","5":"product_cat-diger-ekonomi","6":"product_cat-ekonomi","7":"pa_cilt-ciltsiz","8":"pa_tur-kitap","9":"pa_yayinevi-koc-universitesi-yayinlari","10":"pa_yazar-boris-groys","12":"first","13":"instock","14":"sale","15":"shipping-taxable","16":"purchasable","17":"product-type-simple"},"_links":{"self":[{"href":"https:\/\/roveyayinevi.com.tr\/index.php\/wp-json\/wp\/v2\/product\/722803","targetHints":{"allow":["GET"]}}],"collection":[{"href":"https:\/\/roveyayinevi.com.tr\/index.php\/wp-json\/wp\/v2\/product"}],"about":[{"href":"https:\/\/roveyayinevi.com.tr\/index.php\/wp-json\/wp\/v2\/types\/product"}],"wp:attachment":[{"href":"https:\/\/roveyayinevi.com.tr\/index.php\/wp-json\/wp\/v2\/media?parent=722803"}],"wp:term":[{"taxonomy":"product_brand","embeddable":true,"href":"https:\/\/roveyayinevi.com.tr\/index.php\/wp-json\/wp\/v2\/product_brand?post=722803"},{"taxonomy":"product_cat","embeddable":true,"href":"https:\/\/roveyayinevi.com.tr\/index.php\/wp-json\/wp\/v2\/product_cat?post=722803"},{"taxonomy":"product_tag","embeddable":true,"href":"https:\/\/roveyayinevi.com.tr\/index.php\/wp-json\/wp\/v2\/product_tag?post=722803"}],"curies":[{"name":"wp","href":"https:\/\/api.w.org\/{rel}","templated":true}]}}