{"id":722798,"date":"2025-08-27T19:09:07","date_gmt":"2025-08-27T16:09:07","guid":{"rendered":"https:\/\/roveyayinevi.com.tr\/index.php\/urun\/kantolar\/"},"modified":"2026-04-16T02:30:38","modified_gmt":"2026-04-15T23:30:38","slug":"kantolar","status":"publish","type":"product","link":"https:\/\/roveyayinevi.com.tr\/index.php\/urun\/kantolar\/","title":{"rendered":"Kantolar"},"content":{"rendered":"<p>Pound, a\u011f\u0131rl\u0131kl\u0131 olarak 1915-1962 y\u0131llar\u0131 aras\u0131nda kaleme ald\u0131\u011f\u0131, 116 b\u00f6l\u00fcmden olu\u015fan Kantolar\u2019\u0131 d\u00fcnya k\u00fclt\u00fcr\u00fcne ait kolajlardan olu\u015fan g\u00f6rkemli bir epik olarak kurgulam\u0131\u015ft\u0131. Bu dev \u015fiir tamamlanamam\u0131\u015f olmas\u0131na ve \u015fairin, \u00f6zellikle \u0130kinci D\u00fcnya Sava\u015f\u0131 s\u0131ras\u0131ndaki tart\u0131\u015fmal\u0131 politik tutumuna ve kulland\u0131\u011f\u0131 deneysel tekni\u011fe ra\u011fmen modernist \u015fiirin yap\u0131ta\u015flar\u0131ndan biri olarak kabul edilir.Metindeki ani ge\u00e7i\u015fler, kopukluklar, tarih, siyaset, ekonomi ve co\u011frafyaya yap\u0131lan say\u0131s\u0131z g\u00f6nderme, tarih kitaplar\u0131ndan ve mektuplardan do\u011frudan aktar\u0131lan par\u00e7alar Kantolar\u2019\u0131 okumay\u0131, zorlu ama bir o kadar da ilgin\u00e7 ve zevkli bir deneyime d\u00f6n\u00fc\u015ft\u00fcrmektedir.<\/p>\n","protected":false},"excerpt":{"rendered":"<p>Pound, a\u011f\u0131rl\u0131kl\u0131 olarak 1915-1962 y\u0131llar\u0131 aras\u0131nda kaleme ald\u0131\u011f\u0131, 116 b\u00f6l\u00fcmden olu\u015fan Kantolar\u2019\u0131 d\u00fcnya k\u00fclt\u00fcr\u00fcne ait kolajlardan olu\u015fan g\u00f6rkemli bir epik olarak kurgulam\u0131\u015ft\u0131. Bu dev \u015fiir tamamlanamam\u0131\u015f<span class=\"excerpt-hellip\"> [\u2026]<\/span><\/p>\n","protected":false},"featured_media":0,"template":"","meta":{"_monsterinsights_skip_tracking":false,"_monsterinsights_sitenote_active":false,"_monsterinsights_sitenote_note":"","_monsterinsights_sitenote_category":0},"product_brand":[],"product_cat":[12291,12711],"product_tag":[],"class_list":{"0":"post-722798","1":"product","2":"type-product","3":"status-publish","5":"product_cat-edebiyat","6":"product_cat-roman-oyku","7":"pa_cilt-ciltsiz","8":"pa_tur-kitap","9":"pa_yayinevi-yapi-kredi-yayinlari","10":"pa_yazar-ezra-pound","12":"first","13":"instock","14":"sale","15":"shipping-taxable","16":"purchasable","17":"product-type-simple"},"_links":{"self":[{"href":"https:\/\/roveyayinevi.com.tr\/index.php\/wp-json\/wp\/v2\/product\/722798","targetHints":{"allow":["GET"]}}],"collection":[{"href":"https:\/\/roveyayinevi.com.tr\/index.php\/wp-json\/wp\/v2\/product"}],"about":[{"href":"https:\/\/roveyayinevi.com.tr\/index.php\/wp-json\/wp\/v2\/types\/product"}],"wp:attachment":[{"href":"https:\/\/roveyayinevi.com.tr\/index.php\/wp-json\/wp\/v2\/media?parent=722798"}],"wp:term":[{"taxonomy":"product_brand","embeddable":true,"href":"https:\/\/roveyayinevi.com.tr\/index.php\/wp-json\/wp\/v2\/product_brand?post=722798"},{"taxonomy":"product_cat","embeddable":true,"href":"https:\/\/roveyayinevi.com.tr\/index.php\/wp-json\/wp\/v2\/product_cat?post=722798"},{"taxonomy":"product_tag","embeddable":true,"href":"https:\/\/roveyayinevi.com.tr\/index.php\/wp-json\/wp\/v2\/product_tag?post=722798"}],"curies":[{"name":"wp","href":"https:\/\/api.w.org\/{rel}","templated":true}]}}