{"id":722793,"date":"2025-08-27T19:09:03","date_gmt":"2025-08-27T16:09:03","guid":{"rendered":"https:\/\/roveyayinevi.com.tr\/index.php\/urun\/cok-kucugum-ciltli\/"},"modified":"2026-04-16T02:30:38","modified_gmt":"2026-04-15T23:30:38","slug":"cok-kucugum-ciltli","status":"publish","type":"product","link":"https:\/\/roveyayinevi.com.tr\/index.php\/urun\/cok-kucugum-ciltli\/","title":{"rendered":"\u00c7ok K\u00fc\u00e7\u00fc\u011f\u00fcm (Ciltli)"},"content":{"rendered":"<p>Benim ad\u0131m Mimi.Ben \u00e7ok k\u00fc\u00e7\u00fc\u011f\u00fcm, minici\u011fim.Uzamak ve d\u00fcnyay\u0131 b\u00fcy\u00fckler gibi g\u00f6rmek i\u00e7in sab\u0131rs\u0131zlan\u0131yorum.Asl\u0131nda biraz d\u00fc\u015f\u00fcn\u00fcnce, belki k\u00fc\u00e7\u00fck olman\u0131n da baz\u0131 avantajlar\u0131 vard\u0131r&#8230;<\/p>\n","protected":false},"excerpt":{"rendered":"<p>Benim ad\u0131m Mimi.Ben \u00e7ok k\u00fc\u00e7\u00fc\u011f\u00fcm, minici\u011fim.Uzamak ve d\u00fcnyay\u0131 b\u00fcy\u00fckler gibi g\u00f6rmek i\u00e7in sab\u0131rs\u0131zlan\u0131yorum.Asl\u0131nda biraz d\u00fc\u015f\u00fcn\u00fcnce, belki k\u00fc\u00e7\u00fck olman\u0131n da baz\u0131 avantajlar\u0131 vard\u0131r&#8230;<\/p>\n","protected":false},"featured_media":0,"template":"","meta":{"_monsterinsights_skip_tracking":false,"_monsterinsights_sitenote_active":false,"_monsterinsights_sitenote_note":"","_monsterinsights_sitenote_category":0},"product_brand":[],"product_cat":[12274,12284],"product_tag":[],"class_list":{"0":"post-722793","1":"product","2":"type-product","3":"status-publish","5":"product_cat-cocuk-ve-genclik-kitaplari","6":"product_cat-hikayeler","7":"pa_cilt-ciltli","8":"pa_tur-kitap","9":"pa_yayinevi-abm-yayinevi","10":"pa_yazar-qin-leng","12":"first","13":"instock","14":"sale","15":"shipping-taxable","16":"purchasable","17":"product-type-simple"},"_links":{"self":[{"href":"https:\/\/roveyayinevi.com.tr\/index.php\/wp-json\/wp\/v2\/product\/722793","targetHints":{"allow":["GET"]}}],"collection":[{"href":"https:\/\/roveyayinevi.com.tr\/index.php\/wp-json\/wp\/v2\/product"}],"about":[{"href":"https:\/\/roveyayinevi.com.tr\/index.php\/wp-json\/wp\/v2\/types\/product"}],"wp:attachment":[{"href":"https:\/\/roveyayinevi.com.tr\/index.php\/wp-json\/wp\/v2\/media?parent=722793"}],"wp:term":[{"taxonomy":"product_brand","embeddable":true,"href":"https:\/\/roveyayinevi.com.tr\/index.php\/wp-json\/wp\/v2\/product_brand?post=722793"},{"taxonomy":"product_cat","embeddable":true,"href":"https:\/\/roveyayinevi.com.tr\/index.php\/wp-json\/wp\/v2\/product_cat?post=722793"},{"taxonomy":"product_tag","embeddable":true,"href":"https:\/\/roveyayinevi.com.tr\/index.php\/wp-json\/wp\/v2\/product_tag?post=722793"}],"curies":[{"name":"wp","href":"https:\/\/api.w.org\/{rel}","templated":true}]}}