{"id":722792,"date":"2025-08-27T19:09:02","date_gmt":"2025-08-27T16:09:02","guid":{"rendered":"https:\/\/roveyayinevi.com.tr\/index.php\/urun\/saglik-ve-bilinc-topraktan-baslar\/"},"modified":"2026-04-16T02:30:38","modified_gmt":"2026-04-15T23:30:38","slug":"saglik-ve-bilinc-topraktan-baslar","status":"publish","type":"product","link":"https:\/\/roveyayinevi.com.tr\/index.php\/urun\/saglik-ve-bilinc-topraktan-baslar\/","title":{"rendered":"Sa\u011fl\u0131k ve Bilin\u00e7 Topraktan Ba\u015flar"},"content":{"rendered":"<p>\u0130nsan, do\u011fadaki en tahrip edici canl\u0131d\u0131r; hep ihtiyac\u0131ndan fazlas\u0131n\u0131 t\u00fcketir, talepleri bitmez. Her zaman s\u0131n\u0131rlar\u0131n\u0131n \u00f6tesine ge\u00e7me aray\u0131\u015f\u0131 i\u00e7indedir; ge\u00e7er de, fakat bu geli\u015fmenin do\u011fada ve kendisinde yaratacak olumsuz etkilerini hesap etmez, do\u011fan\u0131n k\u0131ymetini bilmez.Ya\u015fam g\u00fcvencemiz do\u011fay\u0131 a\u015f\u0131r\u0131 h\u0131rslar\u0131m\u0131zdan dolay\u0131 yok ederken bir yandan da do\u011fa taraf\u0131ndan cezaland\u0131r\u0131l\u0131yoruz; a\u015f\u0131r\u0131 s\u0131cakl\u0131kla, orman yang\u0131nlar\u0131yla, sular\u0131n azalmas\u0131yla\u2026 Fakat insanl\u0131k h\u00e2l\u00e2 bunun fark\u0131nda de\u011fil. H\u00e2lbuki bug\u00fcn geldi\u011fimiz nokta insan eylemlerinin bir sonucu. Tar\u0131m ve \u00c7evre Bakanl\u0131\u011f\u0131\u2019n\u0131n verilerine g\u00f6re, T\u00fcrkiye\u2019de zararl\u0131 b\u00f6cek \u00f6ld\u00fcr\u00fcc\u00fc (pestisit) tar\u0131m ilac\u0131 kullan\u0131m\u0131 2014 y\u0131l\u0131ndan itibaren 2018 y\u0131l\u0131na kadar ki be\u015f y\u0131l i\u00e7inde y\u00fczde elli artt\u0131. Bu g\u00f6remedi\u011fimiz ac\u0131 ger\u00e7ek bize elimizle kendimizi, topra\u011f\u0131m\u0131z\u0131, canl\u0131lar\u0131 her ge\u00e7en g\u00fcn daha \u00e7ok zehirledi\u011fimizi g\u00f6steriyor. S\u00fcrd\u00fcr\u00fclebilir bir ya\u015fam i\u00e7in toplumun her kesimin \u00e7evre konusunda bilin\u00e7lenmesi yeni bir \u00e7evre ve tar\u0131m politikalar\u0131 olu\u015fturulmas\u0131 gerekmektedir. Bu kitap, toprak ba\u015fta olmak \u00fczere do\u011fan\u0131n daha iyi tan\u0131nmas\u0131 ve korunmas\u0131na yard\u0131mc\u0131 olmaya \u00e7al\u0131\u015f\u0131rken belli bir bilince eri\u015fip ekolojik okur yazarl\u0131\u011f\u0131m\u0131z\u0131 artt\u0131rarak ya\u015fanabilir bir gelecek in\u015fa edilebilme \u015fans\u0131m\u0131z\u0131n h\u00e2l\u00e2 var oldu\u011funu anlatmaya \u00e7al\u0131\u015f\u0131yor. E\u011fer bal\u00e7\u0131ktan yap\u0131lm\u0131\u015fsamB\u00fct\u00fcn d\u00fcnya yurdumdur benimB\u00fct\u00fcn mahluklar da (canl\u0131lar) yak\u0131nlar\u0131m XI. y\u00fczy\u0131lda \u0130spanya&#8217;da ya\u015fam\u0131\u015f Arap k\u00f6kenli kad\u0131, tarih\u00e7i, matematik\u00e7i ve astronomi bilgini Said \u00dcmeyye el-Endel\u00fcsi (1029-1070)<\/p>\n","protected":false},"excerpt":{"rendered":"<p>\u0130nsan, do\u011fadaki en tahrip edici canl\u0131d\u0131r; hep ihtiyac\u0131ndan fazlas\u0131n\u0131 t\u00fcketir, talepleri bitmez. Her zaman s\u0131n\u0131rlar\u0131n\u0131n \u00f6tesine ge\u00e7me aray\u0131\u015f\u0131 i\u00e7indedir; ge\u00e7er de, fakat bu geli\u015fmenin do\u011fada ve<span class=\"excerpt-hellip\"> [\u2026]<\/span><\/p>\n","protected":false},"featured_media":0,"template":"","meta":{"_monsterinsights_skip_tracking":false,"_monsterinsights_sitenote_active":false,"_monsterinsights_sitenote_note":"","_monsterinsights_sitenote_category":0},"product_brand":[],"product_cat":[13366,13365],"product_tag":[],"class_list":{"0":"post-722792","1":"product","2":"type-product","3":"status-publish","5":"product_cat-diger-saglik","6":"product_cat-saglik","7":"pa_cilt-ciltsiz","8":"pa_tur-kitap","9":"pa_yayinevi-atac-yayinlari","10":"pa_yazar-ismail-tokalak","12":"first","13":"instock","14":"sale","15":"shipping-taxable","16":"purchasable","17":"product-type-simple"},"_links":{"self":[{"href":"https:\/\/roveyayinevi.com.tr\/index.php\/wp-json\/wp\/v2\/product\/722792","targetHints":{"allow":["GET"]}}],"collection":[{"href":"https:\/\/roveyayinevi.com.tr\/index.php\/wp-json\/wp\/v2\/product"}],"about":[{"href":"https:\/\/roveyayinevi.com.tr\/index.php\/wp-json\/wp\/v2\/types\/product"}],"wp:attachment":[{"href":"https:\/\/roveyayinevi.com.tr\/index.php\/wp-json\/wp\/v2\/media?parent=722792"}],"wp:term":[{"taxonomy":"product_brand","embeddable":true,"href":"https:\/\/roveyayinevi.com.tr\/index.php\/wp-json\/wp\/v2\/product_brand?post=722792"},{"taxonomy":"product_cat","embeddable":true,"href":"https:\/\/roveyayinevi.com.tr\/index.php\/wp-json\/wp\/v2\/product_cat?post=722792"},{"taxonomy":"product_tag","embeddable":true,"href":"https:\/\/roveyayinevi.com.tr\/index.php\/wp-json\/wp\/v2\/product_tag?post=722792"}],"curies":[{"name":"wp","href":"https:\/\/api.w.org\/{rel}","templated":true}]}}