{"id":722791,"date":"2025-08-27T19:09:02","date_gmt":"2025-08-27T16:09:02","guid":{"rendered":"https:\/\/roveyayinevi.com.tr\/index.php\/urun\/kilden-ayaklar\/"},"modified":"2026-04-16T02:30:38","modified_gmt":"2026-04-15T23:30:38","slug":"kilden-ayaklar","status":"publish","type":"product","link":"https:\/\/roveyayinevi.com.tr\/index.php\/urun\/kilden-ayaklar\/","title":{"rendered":"Kilden Ayaklar"},"content":{"rendered":"<p>\u0130pucu kelimesi be\u015f harflidir fakat harfler kimbilir nerededir!K\u00fclt yazar S\u00f6r Terry Pratchett&#8217;\u0131n kaleme ald\u0131\u011f\u0131 &#8221;Diskd\u00fcnya&#8221; serisinin ilk kez T\u00fcrk\u00e7eye \u00e7evrilen yeni kitab\u0131 Kilden Ayaklar, ba\u015ftan sona macera, kovalamaca, gizem ve elbette mizah dolu; o pek zeki, \u00e7okbilmi\u015f \u00fcnl\u00fc dedektifin ser\u00fcvenlerine biraz selam biraz hiciv ekleyen, kusursuz bir &#8221;katil kim&#8221; roman\u0131.D\u00fcnya \u00e7ap\u0131nda 85 milyonun \u00fczerinde satan k\u00fclliyat\u0131n on dokuzuncu halkas\u0131 olan bu polisiye kitap, &#8221;Bek\u00e7iler&#8221; alt serisinin de \u00fc\u00e7\u00fcnc\u00fc ser\u00fcveni.&#8221;Diskd\u00fcnya&#8221; evreninin en sevilen karakterlerinden \u015eehir Bek\u00e7ileri Kumandan\u0131 S\u00f6r Samuel Vimes ve ekibinin yeni maceralar\u0131n\u0131 sayfalar\u0131na ta\u015f\u0131yan Kilden Ayaklar, kusursuz olay \u00f6rg\u00fcs\u00fc ve son \u00e2na kadar gizemini koruyan s\u00fcr\u00fckleyici hik\u00e2yesi ile Pratchett&#8217;\u0131n deh\u00e2s\u0131na bir kez daha hayran b\u0131rak\u0131yor.Diskd\u00fcnya, Ankh-Morpork, kalabal\u0131k mahalleler, kirli sokaklar; tepi\u015fen zenginlerin ayaklar\u0131 alt\u0131nda ezilen fakir ama gururlu insanlar&#8230; Ve sonbahar\u0131n son g\u00fcnlerinde \u015fehrin \u00fczerine \u00e7\u00f6ken a\u011f\u0131r sisin, bu kez hakiki bir sebebi var&#8230;Lord Vetinari g\u00f6zlerini \u00e7ok yava\u015f\u00e7a k\u0131rpt\u0131.&#8221;Ah, S\u00f6r Samuel,&#8221; dedi, &#8221;ama kime g\u00fcvenebilirsin ki?..&#8221;Kimseye. Hi\u00e7 kimseye. \u015eehrin tart\u0131\u015fmas\u0131z h\u00fck\u00fcmdar\u0131 Havelock Vetinari, ani ve ka\u00e7\u0131n\u0131lmaz \u015fekilde \u00f6l\u00fcmle y\u00fcz y\u00fcze geliyor; zira biri ya da birileri, can\u0131n\u0131 almak i\u00e7in bu kez zehir yolunu se\u00e7iyor. Elbette t\u00fcm g\u00f6zler derh\u00e2l Kumandan Sam Vimes ve ekibine kay\u0131yor, \u00e7\u00fcnk\u00fc onlar uzun zamand\u0131r, kanunu ellerinde s\u0131k\u0131 s\u0131k\u0131ya tutuyor&#8230;Fakat bu kez i\u015fleri hepten zor, \u00e7\u00fcnk\u00fc i\u015fin i\u00e7inde onlarca numune, y\u00fczlerce \u0130pucu, binlerce soru i\u015fareti var&#8230; Bir de golemler. \u00c7\u00fcnk\u00fc Diskd\u00fcnya&#8217;n\u0131n bu -nispeten- yeni sakinleri, fantastik edebiyatla bilimkurguyu bir araya getirircesine &#8221;robotik&#8221; bir duru\u015f sergiliyor!E\u015fitlik, adalet, hak ve \u00f6zg\u00fcrl\u00fckler gibi, toplumsal d\u00fczen ve yarg\u0131y\u0131 temsil eden kavramlara e\u011filirken bile alabildi\u011fine komik olmay\u0131 ba\u015farabilen Kilden Ayaklar, Terry Pratchett&#8217;\u0131n ola\u011fan\u00fcst\u00fc mizahi dehas\u0131ndan beslenen esprili anlat\u0131m\u0131yla, okurlar\u0131n\u0131 Ankh-Morpork sokaklar\u0131nda amans\u0131z bir kovalamacaya d\u00fc\u015f\u00fcr\u00fcyor.Niran El\u00e7i&#8217;nin p\u00fcr\u00fczs\u00fcz T\u00fcrk\u00e7esi ve Delidolu&#8217;nun \u00f6zenli bask\u0131s\u0131yla T\u00fcrkiye&#8217;deki okurlar\u0131n\u0131n kar\u015f\u0131s\u0131na ilk kez \u00e7\u0131kan bu esrarengiz roman; havada asl\u0131 kalan sorular\u0131, en \u00e7etrefilli polisiye filmleri aratmayan y\u00f6ntemlerle \u00e7\u00f6z\u00fcyor, Diskd\u00fcnya&#8217;n\u0131n fantastik evrenine \u00e2deta adalet da\u011f\u0131t\u0131yor.Vimes ne\u015fesizce s\u0131r\u0131tt\u0131. Durum ger\u00e7ekten gizemliydi ve o, gizemlerden ho\u015flanmazd\u0131. Gizemlerin, bir an \u00f6nce \u00e7\u00f6zmezseniz b\u00fcy\u00fcmek gibi bir al\u0131\u015fkanl\u0131\u011f\u0131 vard\u0131. Gizemler b\u00f6l\u00fcnerek \u00e7o\u011fal\u0131rd\u0131&#8230;<\/p>\n","protected":false},"excerpt":{"rendered":"<p>\u0130pucu kelimesi be\u015f harflidir fakat harfler kimbilir nerededir!K\u00fclt yazar S\u00f6r Terry Pratchett&#8217;\u0131n kaleme ald\u0131\u011f\u0131 &#8221;Diskd\u00fcnya&#8221; serisinin ilk kez T\u00fcrk\u00e7eye \u00e7evrilen yeni kitab\u0131 Kilden Ayaklar, ba\u015ftan sona<span class=\"excerpt-hellip\"> [\u2026]<\/span><\/p>\n","protected":false},"featured_media":0,"template":"","meta":{"_monsterinsights_skip_tracking":false,"_monsterinsights_sitenote_active":false,"_monsterinsights_sitenote_note":"","_monsterinsights_sitenote_category":0},"product_brand":[],"product_cat":[12291,12711],"product_tag":[],"class_list":{"0":"post-722791","1":"product","2":"type-product","3":"status-publish","5":"product_cat-edebiyat","6":"product_cat-roman-oyku","7":"pa_cilt-ciltsiz","8":"pa_tur-kitap","9":"pa_yayinevi-delidolu","10":"pa_yazar-terry-pratchett","12":"first","13":"instock","14":"sale","15":"shipping-taxable","16":"purchasable","17":"product-type-simple"},"_links":{"self":[{"href":"https:\/\/roveyayinevi.com.tr\/index.php\/wp-json\/wp\/v2\/product\/722791","targetHints":{"allow":["GET"]}}],"collection":[{"href":"https:\/\/roveyayinevi.com.tr\/index.php\/wp-json\/wp\/v2\/product"}],"about":[{"href":"https:\/\/roveyayinevi.com.tr\/index.php\/wp-json\/wp\/v2\/types\/product"}],"wp:attachment":[{"href":"https:\/\/roveyayinevi.com.tr\/index.php\/wp-json\/wp\/v2\/media?parent=722791"}],"wp:term":[{"taxonomy":"product_brand","embeddable":true,"href":"https:\/\/roveyayinevi.com.tr\/index.php\/wp-json\/wp\/v2\/product_brand?post=722791"},{"taxonomy":"product_cat","embeddable":true,"href":"https:\/\/roveyayinevi.com.tr\/index.php\/wp-json\/wp\/v2\/product_cat?post=722791"},{"taxonomy":"product_tag","embeddable":true,"href":"https:\/\/roveyayinevi.com.tr\/index.php\/wp-json\/wp\/v2\/product_tag?post=722791"}],"curies":[{"name":"wp","href":"https:\/\/api.w.org\/{rel}","templated":true}]}}