{"id":722785,"date":"2025-08-27T19:08:57","date_gmt":"2025-08-27T16:08:57","guid":{"rendered":"https:\/\/roveyayinevi.com.tr\/index.php\/urun\/uyuyana-kar-yagar\/"},"modified":"2026-04-16T02:30:38","modified_gmt":"2026-04-15T23:30:38","slug":"uyuyana-kar-yagar","status":"publish","type":"product","link":"https:\/\/roveyayinevi.com.tr\/index.php\/urun\/uyuyana-kar-yagar\/","title":{"rendered":"Uyuyana Kar Ya\u011far"},"content":{"rendered":"<p>B\u00f6yle etimle ilgili bir derdim vard\u0131 diyemedim oturdum t\u0131rna\u011f\u0131m\u0131n kenarlar\u0131n\u0131 soydum s\u0131k\u0131nt\u0131dan s\u0131k\u0131nt\u0131dan sa\u00e7\u0131mda sa\u00e7 olmayan yerler olmu\u015ftu bir zaman s\u0131k\u0131ld\u0131\u011f\u0131m\u0131 bile anlayamayacak ya\u015ftayd\u0131m hal\u0131lara bakt\u0131m, desenleri \u00e7\u00f6zd\u00fcm, k\u00fcl\u00fc yedirdim bunu herkes b\u00f6yle yapard\u0131.<\/p>\n","protected":false},"excerpt":{"rendered":"<p>B\u00f6yle etimle ilgili bir derdim vard\u0131 diyemedim oturdum t\u0131rna\u011f\u0131m\u0131n kenarlar\u0131n\u0131 soydum s\u0131k\u0131nt\u0131dan s\u0131k\u0131nt\u0131dan sa\u00e7\u0131mda sa\u00e7 olmayan yerler olmu\u015ftu bir zaman s\u0131k\u0131ld\u0131\u011f\u0131m\u0131 bile anlayamayacak ya\u015ftayd\u0131m hal\u0131lara bakt\u0131m,<span class=\"excerpt-hellip\"> [\u2026]<\/span><\/p>\n","protected":false},"featured_media":0,"template":"","meta":{"_monsterinsights_skip_tracking":false,"_monsterinsights_sitenote_active":false,"_monsterinsights_sitenote_note":"","_monsterinsights_sitenote_category":0},"product_brand":[],"product_cat":[12291,12509],"product_tag":[],"class_list":{"0":"post-722785","1":"product","2":"type-product","3":"status-publish","5":"product_cat-edebiyat","6":"product_cat-siir","7":"pa_cilt-ciltsiz","8":"pa_tur-kitap","9":"pa_yayinevi-ketebe-yayinlari","10":"pa_yazar-mehmet-emin-kucuker","12":"first","13":"instock","14":"sale","15":"shipping-taxable","16":"purchasable","17":"product-type-simple"},"_links":{"self":[{"href":"https:\/\/roveyayinevi.com.tr\/index.php\/wp-json\/wp\/v2\/product\/722785","targetHints":{"allow":["GET"]}}],"collection":[{"href":"https:\/\/roveyayinevi.com.tr\/index.php\/wp-json\/wp\/v2\/product"}],"about":[{"href":"https:\/\/roveyayinevi.com.tr\/index.php\/wp-json\/wp\/v2\/types\/product"}],"wp:attachment":[{"href":"https:\/\/roveyayinevi.com.tr\/index.php\/wp-json\/wp\/v2\/media?parent=722785"}],"wp:term":[{"taxonomy":"product_brand","embeddable":true,"href":"https:\/\/roveyayinevi.com.tr\/index.php\/wp-json\/wp\/v2\/product_brand?post=722785"},{"taxonomy":"product_cat","embeddable":true,"href":"https:\/\/roveyayinevi.com.tr\/index.php\/wp-json\/wp\/v2\/product_cat?post=722785"},{"taxonomy":"product_tag","embeddable":true,"href":"https:\/\/roveyayinevi.com.tr\/index.php\/wp-json\/wp\/v2\/product_tag?post=722785"}],"curies":[{"name":"wp","href":"https:\/\/api.w.org\/{rel}","templated":true}]}}