{"id":722784,"date":"2025-08-27T19:08:56","date_gmt":"2025-08-27T16:08:56","guid":{"rendered":"https:\/\/roveyayinevi.com.tr\/index.php\/urun\/topraktan-ayrilali\/"},"modified":"2026-04-16T02:30:38","modified_gmt":"2026-04-15T23:30:38","slug":"topraktan-ayrilali","status":"publish","type":"product","link":"https:\/\/roveyayinevi.com.tr\/index.php\/urun\/topraktan-ayrilali\/","title":{"rendered":"Topraktan Ayr\u0131lal\u0131"},"content":{"rendered":"<p>\u015eimdi oturup k\u00f6yl\u00fcn bir a\u011fac\u0131n alt\u0131naKar\u015f\u0131 da\u011flara do\u011fru bakmak vard\u0131Suyunu yeni i\u00e7mi\u015fsin ye\u015fillikler i\u00e7inde\u0130\u00e7inde ye\u015fillikler \u00fcst\u00fcnde bir hafiflik\u00c7al\u0131\u015f\u0131p yorulman\u0131n hafifli\u011fiYedi\u011finin i\u00e7ti\u011finin hakk\u0131n\u0131 daha bi vermenin\u0130kindi ezan\u0131 okunuyorKul oldu\u011funu bilmenin hafifli\u011fi<\/p>\n","protected":false},"excerpt":{"rendered":"<p>\u015eimdi oturup k\u00f6yl\u00fcn bir a\u011fac\u0131n alt\u0131naKar\u015f\u0131 da\u011flara do\u011fru bakmak vard\u0131Suyunu yeni i\u00e7mi\u015fsin ye\u015fillikler i\u00e7inde\u0130\u00e7inde ye\u015fillikler \u00fcst\u00fcnde bir hafiflik\u00c7al\u0131\u015f\u0131p yorulman\u0131n hafifli\u011fiYedi\u011finin i\u00e7ti\u011finin hakk\u0131n\u0131 daha bi vermenin\u0130kindi ezan\u0131<span class=\"excerpt-hellip\"> [\u2026]<\/span><\/p>\n","protected":false},"featured_media":0,"template":"","meta":{"_monsterinsights_skip_tracking":false,"_monsterinsights_sitenote_active":false,"_monsterinsights_sitenote_note":"","_monsterinsights_sitenote_category":0},"product_brand":[],"product_cat":[12291,12509],"product_tag":[],"class_list":{"0":"post-722784","1":"product","2":"type-product","3":"status-publish","5":"product_cat-edebiyat","6":"product_cat-siir","7":"pa_cilt-ciltsiz","8":"pa_tur-kitap","9":"pa_yayinevi-ketebe-yayinlari","10":"pa_yazar-sadik-koc","12":"first","13":"instock","14":"sale","15":"shipping-taxable","16":"purchasable","17":"product-type-simple"},"_links":{"self":[{"href":"https:\/\/roveyayinevi.com.tr\/index.php\/wp-json\/wp\/v2\/product\/722784","targetHints":{"allow":["GET"]}}],"collection":[{"href":"https:\/\/roveyayinevi.com.tr\/index.php\/wp-json\/wp\/v2\/product"}],"about":[{"href":"https:\/\/roveyayinevi.com.tr\/index.php\/wp-json\/wp\/v2\/types\/product"}],"wp:attachment":[{"href":"https:\/\/roveyayinevi.com.tr\/index.php\/wp-json\/wp\/v2\/media?parent=722784"}],"wp:term":[{"taxonomy":"product_brand","embeddable":true,"href":"https:\/\/roveyayinevi.com.tr\/index.php\/wp-json\/wp\/v2\/product_brand?post=722784"},{"taxonomy":"product_cat","embeddable":true,"href":"https:\/\/roveyayinevi.com.tr\/index.php\/wp-json\/wp\/v2\/product_cat?post=722784"},{"taxonomy":"product_tag","embeddable":true,"href":"https:\/\/roveyayinevi.com.tr\/index.php\/wp-json\/wp\/v2\/product_tag?post=722784"}],"curies":[{"name":"wp","href":"https:\/\/api.w.org\/{rel}","templated":true}]}}