{"id":722783,"date":"2025-08-27T19:08:56","date_gmt":"2025-08-27T16:08:56","guid":{"rendered":"https:\/\/roveyayinevi.com.tr\/index.php\/urun\/acar-suvari-tutuk-arbalet\/"},"modified":"2026-04-16T02:30:38","modified_gmt":"2026-04-15T23:30:38","slug":"acar-suvari-tutuk-arbalet","status":"publish","type":"product","link":"https:\/\/roveyayinevi.com.tr\/index.php\/urun\/acar-suvari-tutuk-arbalet\/","title":{"rendered":"Acar S\u00fcvari Tutuk Arbalet"},"content":{"rendered":"<p>Acar S\u00fcvari Tutuk Arbalet, \u015fiirdeki hik\u00e2yenin izinin s\u00fcr\u00fcld\u00fc\u011f\u00fc yaz\u0131lardan olu\u015fuyor. Birer \u015fiir \u00e7\u00f6z\u00fcmlemesi olarak da okunabilecek incelemelerde Mehmed \u00c2kif, Kemalettin Kamu, N\u00e2z\u0131m Hikmet, Melih Cevdet Anday, Attil\u00e2 \u0130lhan, Turgut Uyar, Sezai Karako\u00e7, Edip Cansever, Refik Durba\u015f ve \u0130brahim Tenekeci\u2019den hareketle \u015fiirimizin son y\u00fczy\u0131l\u0131na dair genel bir foto\u011frafa da ula\u015f\u0131l\u0131yor.Ali Emre, hik\u00e2yenin temel \u00f6gelerini g\u00f6zeterek derinle\u015ftirdi\u011fi bu incelemelerde, \u015fiirlerin yaz\u0131ld\u0131klara d\u00f6neme, \u015fairin ki\u015fisel hik\u00e2yesine ve poetikas\u0131na at\u0131flar yapmay\u0131 da ihmal etmiyor. Yeri geldi\u011finde ba\u015fka \u015fiirlere ve \u015fairlere de de\u011finerek yol al\u0131yor. Yoksulluk, ac\u0131ma, isyan, i\u015fkence, bunalma, direni\u015f, gurbet, \u00f6l\u00fcm gibi merkez\u00ee bir kavram yahut teman\u0131n \u00f6ne \u00e7\u0131kt\u0131\u011f\u0131 yaz\u0131lar \u201cbir \u015fiirden, bir \u015faire\u201d uzanan tespit ve yorumlarla zenginlik kazan\u0131yor.<\/p>\n","protected":false},"excerpt":{"rendered":"<p>Acar S\u00fcvari Tutuk Arbalet, \u015fiirdeki hik\u00e2yenin izinin s\u00fcr\u00fcld\u00fc\u011f\u00fc yaz\u0131lardan olu\u015fuyor. Birer \u015fiir \u00e7\u00f6z\u00fcmlemesi olarak da okunabilecek incelemelerde Mehmed \u00c2kif, Kemalettin Kamu, N\u00e2z\u0131m Hikmet, Melih Cevdet Anday,<span class=\"excerpt-hellip\"> [\u2026]<\/span><\/p>\n","protected":false},"featured_media":0,"template":"","meta":{"_monsterinsights_skip_tracking":false,"_monsterinsights_sitenote_active":false,"_monsterinsights_sitenote_note":"","_monsterinsights_sitenote_category":0},"product_brand":[],"product_cat":[13072,12291],"product_tag":[],"class_list":{"0":"post-722783","1":"product","2":"type-product","3":"status-publish","5":"product_cat-arastirma-inceleme-referans","6":"product_cat-edebiyat","7":"pa_cilt-ciltsiz","8":"pa_tur-kitap","9":"pa_yayinevi-ketebe-yayinlari","10":"pa_yazar-ali-emre","12":"first","13":"instock","14":"sale","15":"shipping-taxable","16":"purchasable","17":"product-type-simple"},"_links":{"self":[{"href":"https:\/\/roveyayinevi.com.tr\/index.php\/wp-json\/wp\/v2\/product\/722783","targetHints":{"allow":["GET"]}}],"collection":[{"href":"https:\/\/roveyayinevi.com.tr\/index.php\/wp-json\/wp\/v2\/product"}],"about":[{"href":"https:\/\/roveyayinevi.com.tr\/index.php\/wp-json\/wp\/v2\/types\/product"}],"wp:attachment":[{"href":"https:\/\/roveyayinevi.com.tr\/index.php\/wp-json\/wp\/v2\/media?parent=722783"}],"wp:term":[{"taxonomy":"product_brand","embeddable":true,"href":"https:\/\/roveyayinevi.com.tr\/index.php\/wp-json\/wp\/v2\/product_brand?post=722783"},{"taxonomy":"product_cat","embeddable":true,"href":"https:\/\/roveyayinevi.com.tr\/index.php\/wp-json\/wp\/v2\/product_cat?post=722783"},{"taxonomy":"product_tag","embeddable":true,"href":"https:\/\/roveyayinevi.com.tr\/index.php\/wp-json\/wp\/v2\/product_tag?post=722783"}],"curies":[{"name":"wp","href":"https:\/\/api.w.org\/{rel}","templated":true}]}}