{"id":722782,"date":"2025-08-27T19:08:55","date_gmt":"2025-08-27T16:08:55","guid":{"rendered":"https:\/\/roveyayinevi.com.tr\/index.php\/urun\/aded-ile-mikdar\/"},"modified":"2026-04-16T02:30:38","modified_gmt":"2026-04-15T23:30:38","slug":"aded-ile-mikdar","status":"publish","type":"product","link":"https:\/\/roveyayinevi.com.tr\/index.php\/urun\/aded-ile-mikdar\/","title":{"rendered":"Aded ile Mikdar"},"content":{"rendered":"<p>Tal\u00eem\u00ee felsefenin s\u00fbret\/form ara\u015ft\u0131rmas\u0131n\u0131n en temel iki kavram\u0131 olarak aded ve mikd\u00e2r\u0131n \u0130slam felsefe-bilim gelene\u011finde m\u00e2-cer\u00e2s\u0131 nedir? Tal\u00eem\u00ee felsefe, Harizm\u00ee taraf\u0131ndan his\u00e2b\u00ee y\u00f6ntemin in\u015fas\u0131yla hem h\u00e2ric\u00ee hem de zihn\u00ee say\u0131labilirlerin (mahd\u00fbd), \u00f6l\u00e7\u00fclebilirlerin (mems\u00fbh) ve bilinmeyenlerin (mecb\u00fbr) ili\u015fkilerini ara\u015ft\u0131ran, his\u00e2b el-hind\u00ee\/ zihn\u00ee\/sitt\u00een\u00ee, his\u00e2b el-mis\u00e2ha ve his\u00e2b el-cebr ve el-muk\u00e2bele y\u00f6ntemlerine nas\u0131l d\u00f6n\u00fc\u015fm\u00fc\u015ft\u00fcr? \u00dc\u00e7 ciltlik bu \u00e7al\u0131\u015fma, t\u00fcm bu d\u00f6n\u00fc\u015f\u00fcmlerin, \u0130slam felsefe-bilim tarihinde his\u00e2b el-ma&#8217;l\u00fbm ve his\u00e2b el-mech\u00fbl olarak ortaya \u00e7\u0131kan b\u00fct\u00fcnc\u00fcl hik\u00e2yesini k\u00fc\u00e7\u00fck anlat\u0131lar e\u015fli\u011finde incelemeye \u00e7al\u0131\u015fan bir giri\u015f olarak g\u00f6r\u00fclebilir.<\/p>\n","protected":false},"excerpt":{"rendered":"<p>Tal\u00eem\u00ee felsefenin s\u00fbret\/form ara\u015ft\u0131rmas\u0131n\u0131n en temel iki kavram\u0131 olarak aded ve mikd\u00e2r\u0131n \u0130slam felsefe-bilim gelene\u011finde m\u00e2-cer\u00e2s\u0131 nedir? Tal\u00eem\u00ee felsefe, Harizm\u00ee taraf\u0131ndan his\u00e2b\u00ee y\u00f6ntemin in\u015fas\u0131yla hem h\u00e2ric\u00ee<span class=\"excerpt-hellip\"> [\u2026]<\/span><\/p>\n","protected":false},"featured_media":0,"template":"","meta":{"_monsterinsights_skip_tracking":false,"_monsterinsights_sitenote_active":false,"_monsterinsights_sitenote_note":"","_monsterinsights_sitenote_category":0},"product_brand":[],"product_cat":[13005,37328],"product_tag":[],"class_list":{"0":"post-722782","1":"product","2":"type-product","3":"status-publish","5":"product_cat-bilim-muhendislik","6":"product_cat-diger-bilim-muhendislik","7":"pa_cilt-ciltsiz","8":"pa_tur-kitap","9":"pa_yayinevi-ketebe-yayinlari","10":"pa_yazar-ihsan-fazlioglu","12":"first","13":"instock","14":"sale","15":"shipping-taxable","16":"purchasable","17":"product-type-simple"},"_links":{"self":[{"href":"https:\/\/roveyayinevi.com.tr\/index.php\/wp-json\/wp\/v2\/product\/722782","targetHints":{"allow":["GET"]}}],"collection":[{"href":"https:\/\/roveyayinevi.com.tr\/index.php\/wp-json\/wp\/v2\/product"}],"about":[{"href":"https:\/\/roveyayinevi.com.tr\/index.php\/wp-json\/wp\/v2\/types\/product"}],"wp:attachment":[{"href":"https:\/\/roveyayinevi.com.tr\/index.php\/wp-json\/wp\/v2\/media?parent=722782"}],"wp:term":[{"taxonomy":"product_brand","embeddable":true,"href":"https:\/\/roveyayinevi.com.tr\/index.php\/wp-json\/wp\/v2\/product_brand?post=722782"},{"taxonomy":"product_cat","embeddable":true,"href":"https:\/\/roveyayinevi.com.tr\/index.php\/wp-json\/wp\/v2\/product_cat?post=722782"},{"taxonomy":"product_tag","embeddable":true,"href":"https:\/\/roveyayinevi.com.tr\/index.php\/wp-json\/wp\/v2\/product_tag?post=722782"}],"curies":[{"name":"wp","href":"https:\/\/api.w.org\/{rel}","templated":true}]}}