{"id":722779,"date":"2025-08-27T19:08:53","date_gmt":"2025-08-27T16:08:53","guid":{"rendered":"https:\/\/roveyayinevi.com.tr\/index.php\/urun\/har-name-ciltli\/"},"modified":"2026-04-16T02:30:38","modified_gmt":"2026-04-15T23:30:38","slug":"har-name-ciltli","status":"publish","type":"product","link":"https:\/\/roveyayinevi.com.tr\/index.php\/urun\/har-name-ciltli\/","title":{"rendered":"Har-Name (Ciltli)"},"content":{"rendered":"<p>Kanuni Sultan S\u00fcleyman\u2019a sunulmak \u00fczere kaleme al\u0131nan Har-n\u00e2me, ad\u0131ndan da anla\u015f\u0131laca\u011f\u0131 \u00fczere e\u015fek hik\u00e2yelerinden olu\u015fan bir latifeler b\u00fct\u00fcn\u00fcd\u00fcr. Eserin en \u00f6nemli ve \u00f6zg\u00fcn taraf\u0131 \u00c7ingene k\u00fclt\u00fcr\u00fcne ili\u015fkin ayr\u0131nt\u0131l\u0131 bilgiler vermesinin yan\u0131 s\u0131ra \u00f6zellikle 16. y\u00fczy\u0131lda \u0130stanbul\u2019daki \u00c7ingenelerin g\u00fcndelik hayat\u0131n\u0131 b\u00fct\u00fcn detaylar\u0131yla ele almas\u0131d\u0131r. Edebiyat\u0131m\u0131z\u0131n, g\u00fcld\u00fcren ama incitmeden ili\u015fen, ac\u0131 duyurmadan i\u011fneleyen let\u00e2if t\u00fcr\u00fcndeki belki de en de\u011ferli eseriyle kar\u015f\u0131 kar\u015f\u0131yay\u0131z. 16. y\u00fczy\u0131lda, \u0130stanbul\u2019un bug\u00fcn art\u0131k olmayan bir y\u00f6resinde, Kavakl\u0131\u2019da ya\u015fayan \u00c7ingene Karaca katunas\u0131na ba\u011fl\u0131 \u00c7ingenelerin g\u00fcnl\u00fck ya\u015famlar\u0131 ile k\u00fclt\u00fcrlerini konu alan eser, ger\u00e7ek kimli\u011fini saklam\u0131\u015f bir yazar\u0131n, kendisinin de farkl\u0131 kimliklerle yer ald\u0131\u011f\u0131, insan ve hayvan oyuncular\u0131n kat\u0131ld\u0131\u011f\u0131 sembolik anlat\u0131ml\u0131 bir oyundur.Yazar\u0131n, \u201carkada\u015flar\u0131m\u201d diye tan\u0131tt\u0131\u011f\u0131 e\u015feklerle temsil edilen, \u00fcst\u00fc kapal\u0131 bir dille cehaletle su\u00e7lad\u0131\u011f\u0131 devrinin ilim adamlar\u0131ndan ba\u015fkas\u0131 de\u011fildir. Har-n\u00e2me, edebiyat tarihimiz a\u00e7\u0131s\u0131ndan, i\u00e7inde yer bulan be\u015f hik\u00e2yeyle Nasreddin Hoca hik\u00e2yelerinin en eski \u00fc\u00e7\u00fcnc\u00fc yaz\u0131l\u0131 kayna\u011f\u0131 olmas\u0131n\u0131n yan\u0131 s\u0131ra i\u00e7erdi\u011fi g\u00f6zlemlerle sosyal tarih ara\u015ft\u0131rmalar\u0131 i\u00e7in de ola\u011fan\u00fcst\u00fc zengin bir kaynakt\u0131r. Ba\u015fta d\u00f6nem \u00c7ingeneleri olmak \u00fczere \u00e7e\u015fitli y\u00f6re insanlar\u0131n\u0131n konu\u015fma dillerindeki farkl\u0131l\u0131klara dair bar\u0131nd\u0131rd\u0131\u011f\u0131 zengin malzemeyle dil alan\u0131 \u00e7al\u0131\u015fmalar\u0131na sa\u011flad\u0131\u011f\u0131 katk\u0131 a\u00e7\u0131s\u0131ndan Harn\u00e2me, bilinen tek yazma n\u00fcshas\u0131yla benzeri olmayan bir eserdir.<\/p>\n","protected":false},"excerpt":{"rendered":"<p>Kanuni Sultan S\u00fcleyman\u2019a sunulmak \u00fczere kaleme al\u0131nan Har-n\u00e2me, ad\u0131ndan da anla\u015f\u0131laca\u011f\u0131 \u00fczere e\u015fek hik\u00e2yelerinden olu\u015fan bir latifeler b\u00fct\u00fcn\u00fcd\u00fcr. Eserin en \u00f6nemli ve \u00f6zg\u00fcn taraf\u0131 \u00c7ingene k\u00fclt\u00fcr\u00fcne<span class=\"excerpt-hellip\"> [\u2026]<\/span><\/p>\n","protected":false},"featured_media":0,"template":"","meta":{"_monsterinsights_skip_tracking":false,"_monsterinsights_sitenote_active":false,"_monsterinsights_sitenote_note":"","_monsterinsights_sitenote_category":0},"product_brand":[],"product_cat":[12370,12304],"product_tag":[],"class_list":{"0":"post-722779","1":"product","2":"type-product","3":"status-publish","5":"product_cat-arastirma-inceleme","6":"product_cat-tarih","7":"pa_cilt-ciltli","8":"pa_tur-kitap","9":"pa_yayinevi-ketebe-yayinlari","10":"pa_yazar-husam-i-sahravi","12":"first","13":"instock","14":"sale","15":"shipping-taxable","16":"purchasable","17":"product-type-simple"},"_links":{"self":[{"href":"https:\/\/roveyayinevi.com.tr\/index.php\/wp-json\/wp\/v2\/product\/722779","targetHints":{"allow":["GET"]}}],"collection":[{"href":"https:\/\/roveyayinevi.com.tr\/index.php\/wp-json\/wp\/v2\/product"}],"about":[{"href":"https:\/\/roveyayinevi.com.tr\/index.php\/wp-json\/wp\/v2\/types\/product"}],"wp:attachment":[{"href":"https:\/\/roveyayinevi.com.tr\/index.php\/wp-json\/wp\/v2\/media?parent=722779"}],"wp:term":[{"taxonomy":"product_brand","embeddable":true,"href":"https:\/\/roveyayinevi.com.tr\/index.php\/wp-json\/wp\/v2\/product_brand?post=722779"},{"taxonomy":"product_cat","embeddable":true,"href":"https:\/\/roveyayinevi.com.tr\/index.php\/wp-json\/wp\/v2\/product_cat?post=722779"},{"taxonomy":"product_tag","embeddable":true,"href":"https:\/\/roveyayinevi.com.tr\/index.php\/wp-json\/wp\/v2\/product_tag?post=722779"}],"curies":[{"name":"wp","href":"https:\/\/api.w.org\/{rel}","templated":true}]}}