{"id":722778,"date":"2025-08-27T19:08:52","date_gmt":"2025-08-27T16:08:52","guid":{"rendered":"https:\/\/roveyayinevi.com.tr\/index.php\/urun\/immanuel-kantin-son-gunleri\/"},"modified":"2026-04-16T02:30:38","modified_gmt":"2026-04-15T23:30:38","slug":"immanuel-kantin-son-gunleri","status":"publish","type":"product","link":"https:\/\/roveyayinevi.com.tr\/index.php\/urun\/immanuel-kantin-son-gunleri\/","title":{"rendered":"Immanuel Kant\u2019\u0131n Son G\u00fcnleri"},"content":{"rendered":"<p>Immanuel Kant 1804 y\u0131l\u0131n\u0131n yaz\u0131nda an\u0131 defterine bir \u015fark\u0131n\u0131n s\u00f6zlerini not alm\u0131\u015ft\u0131. \u015eark\u0131, 2 ya da 3 g\u00fcn eksik oldu\u011fu i\u00e7in insanlar\u0131n di\u011fer aylara g\u00f6re ta\u015f\u0131d\u0131klar\u0131 y\u00fck\u00fcn daha az oldu\u011fu \u201c\u015fubat\u201d ay\u0131na dairdi. \u015eark\u0131n\u0131n sonu\u00e7 k\u0131sm\u0131ysa dokunakl\u0131 bir vurgu i\u00e7eriyordu:\u201cAh \u015fen \u015fubat! \u0130\u00e7inde en az ac\u0131, keder, h\u00fcz\u00fcn ve kendini su\u00e7lama bar\u0131nd\u0131ran ay.\u201dAyn\u0131 y\u0131l\u0131n \u015fubat ay\u0131nda do\u011fdu\u011fu \u015fehir olan K\u00f6nigsberg\u2019de \u00f6ld\u00fc\u011f\u00fcnde Kant 79 ya\u015f\u0131ndayd\u0131. Immanuel Kant\u2019\u0131n Son G\u00fcnleri Alman felsefesinin kurucular\u0131ndan mant\u0131k ve metafizik profes\u00f6r\u00fc Kant\u2019\u0131n biyografisi de\u011fildir. Art\u0131k \u00f6l\u00fcme yakla\u015fan bir d\u00e2hinin son g\u00fcnlerine yak\u0131ndan bir tan\u0131kl\u0131kt\u0131r. Onun son g\u00fcnlerine de\u011fin g\u00fcndelik ya\u015fam rit\u00fcellerine kat\u0131 ba\u011fl\u0131l\u0131\u011f\u0131n\u0131n yan\u0131 s\u0131ra g\u00fcnl\u00fck ili\u015fkilerindeki hassasiyeti, sevecenli\u011fi ve c\u00f6mertli\u011fi filozofu bamba\u015fka bir a\u00e7\u0131dan g\u00f6rme ve tan\u0131ma imk\u00e2n\u0131 sunuyor.<\/p>\n","protected":false},"excerpt":{"rendered":"<p>Immanuel Kant 1804 y\u0131l\u0131n\u0131n yaz\u0131nda an\u0131 defterine bir \u015fark\u0131n\u0131n s\u00f6zlerini not alm\u0131\u015ft\u0131. \u015eark\u0131, 2 ya da 3 g\u00fcn eksik oldu\u011fu i\u00e7in insanlar\u0131n di\u011fer aylara g\u00f6re ta\u015f\u0131d\u0131klar\u0131<span class=\"excerpt-hellip\"> [\u2026]<\/span><\/p>\n","protected":false},"featured_media":0,"template":"","meta":{"_monsterinsights_skip_tracking":false,"_monsterinsights_sitenote_active":false,"_monsterinsights_sitenote_note":"","_monsterinsights_sitenote_category":0},"product_brand":[],"product_cat":[18545,12291],"product_tag":[],"class_list":{"0":"post-722778","1":"product","2":"type-product","3":"status-publish","5":"product_cat-anlati","6":"product_cat-edebiyat","7":"pa_cilt-ciltsiz","8":"pa_tur-kitap","9":"pa_yayinevi-ketebe-yayinlari","10":"pa_yazar-thomas-de-quincey","12":"first","13":"instock","14":"sale","15":"shipping-taxable","16":"purchasable","17":"product-type-simple"},"_links":{"self":[{"href":"https:\/\/roveyayinevi.com.tr\/index.php\/wp-json\/wp\/v2\/product\/722778","targetHints":{"allow":["GET"]}}],"collection":[{"href":"https:\/\/roveyayinevi.com.tr\/index.php\/wp-json\/wp\/v2\/product"}],"about":[{"href":"https:\/\/roveyayinevi.com.tr\/index.php\/wp-json\/wp\/v2\/types\/product"}],"wp:attachment":[{"href":"https:\/\/roveyayinevi.com.tr\/index.php\/wp-json\/wp\/v2\/media?parent=722778"}],"wp:term":[{"taxonomy":"product_brand","embeddable":true,"href":"https:\/\/roveyayinevi.com.tr\/index.php\/wp-json\/wp\/v2\/product_brand?post=722778"},{"taxonomy":"product_cat","embeddable":true,"href":"https:\/\/roveyayinevi.com.tr\/index.php\/wp-json\/wp\/v2\/product_cat?post=722778"},{"taxonomy":"product_tag","embeddable":true,"href":"https:\/\/roveyayinevi.com.tr\/index.php\/wp-json\/wp\/v2\/product_tag?post=722778"}],"curies":[{"name":"wp","href":"https:\/\/api.w.org\/{rel}","templated":true}]}}