{"id":722777,"date":"2025-08-27T19:08:51","date_gmt":"2025-08-27T16:08:51","guid":{"rendered":"https:\/\/roveyayinevi.com.tr\/index.php\/urun\/dinozorlarin-son-gunu\/"},"modified":"2026-04-11T02:37:48","modified_gmt":"2026-04-10T23:37:48","slug":"dinozorlarin-son-gunu","status":"publish","type":"product","link":"https:\/\/roveyayinevi.com.tr\/index.php\/urun\/dinozorlarin-son-gunu\/","title":{"rendered":"Dinozorlar\u0131n Son G\u00fcn\u00fc"},"content":{"rendered":"<p>D\u00fcnya sand\u0131\u011f\u0131m\u0131z kadar b\u00fcy\u00fck m\u00fc? Zaman ger\u00e7ekten do\u011frusal m\u0131 ak\u0131yor? Peki Hac\u0131rahmanl\u0131 k\u00f6y\u00fcyle Hobbitk\u00f6y\u2019\u00fcn aras\u0131 san\u0131ld\u0131\u011f\u0131 kadar uzak m\u0131? Ali Ya\u011fan, \u201cb\u00fct\u00fcn do\u011fu, b\u00fct\u00fcn bat\u0131, b\u00fct\u00fcn kuzey ve b\u00fct\u00fcn g\u00fcney ilahi bir heyecanla yeniden do\u011facakt\u0131,\u201d derken Pessoa\u2019yla Karacao\u011flan\u2019\u0131n, Borges\u2019le Sait Faik\u2019in kar\u015f\u0131l\u0131kl\u0131 birer kahve i\u00e7me ihtimalinden mi bahsediyor? Habba, Siranu\u015f, Azizlili Mehmet Efendi, \u015eeref\u2026 Ali Ya\u011fan\u2019\u0131n \u201cmazisi \u00fc\u00e7 be\u015f dakikal\u0131k\u201d karakterleri, \u201ct\u0131n\u0131s\u0131 \u0130srafil k\u0131\u015f masallar\u0131 i\u00e7inde\u201d bazen ka\u00e7\u0131p bazen ileri at\u0131l\u0131yor; incinseler de yaralar\u0131yla, y\u00fckleriyle, omuzlad\u0131klar\u0131yla kendilerini aramaya devam ediyorlar. Onun \u00f6yk\u00fclerinin omurgas\u0131n\u0131 i\u015fte bu g\u00f6z\u00fcpek aray\u0131\u015f ve yery\u00fcz\u00fcn\u00fcn b\u00fct\u00fcn hik\u00e2yelerine duyulan tutkulu merak olu\u015fturuyor.\u201cAynalardan ge\u00e7ip gelmi\u015ftik buraya. \u00d6yle oldu\u011funu san\u0131yordum. Kap\u0131lardan, salonlardan ge\u00e7tim. Az gittim, uz gittim. Dere tepe d\u00fcz gittim. Durdum. Bakt\u0131m. Onun b\u0131rakt\u0131\u011f\u0131 yerdeydim.\u201d<\/p>\n","protected":false},"excerpt":{"rendered":"<p>D\u00fcnya sand\u0131\u011f\u0131m\u0131z kadar b\u00fcy\u00fck m\u00fc? Zaman ger\u00e7ekten do\u011frusal m\u0131 ak\u0131yor? Peki Hac\u0131rahmanl\u0131 k\u00f6y\u00fcyle Hobbitk\u00f6y\u2019\u00fcn aras\u0131 san\u0131ld\u0131\u011f\u0131 kadar uzak m\u0131? Ali Ya\u011fan, \u201cb\u00fct\u00fcn do\u011fu, b\u00fct\u00fcn bat\u0131, b\u00fct\u00fcn<span class=\"excerpt-hellip\"> [\u2026]<\/span><\/p>\n","protected":false},"featured_media":0,"template":"","meta":{"_monsterinsights_skip_tracking":false,"_monsterinsights_sitenote_active":false,"_monsterinsights_sitenote_note":"","_monsterinsights_sitenote_category":0},"product_brand":[],"product_cat":[12291,12711],"product_tag":[],"class_list":{"0":"post-722777","1":"product","2":"type-product","3":"status-publish","5":"product_cat-edebiyat","6":"product_cat-roman-oyku","7":"pa_cilt-ciltsiz","8":"pa_tur-kitap","9":"pa_yayinevi-ketebe-yayinlari","10":"pa_yazar-ali-yagan","12":"first","13":"instock","14":"sale","15":"shipping-taxable","16":"purchasable","17":"product-type-simple"},"_links":{"self":[{"href":"https:\/\/roveyayinevi.com.tr\/index.php\/wp-json\/wp\/v2\/product\/722777","targetHints":{"allow":["GET"]}}],"collection":[{"href":"https:\/\/roveyayinevi.com.tr\/index.php\/wp-json\/wp\/v2\/product"}],"about":[{"href":"https:\/\/roveyayinevi.com.tr\/index.php\/wp-json\/wp\/v2\/types\/product"}],"wp:attachment":[{"href":"https:\/\/roveyayinevi.com.tr\/index.php\/wp-json\/wp\/v2\/media?parent=722777"}],"wp:term":[{"taxonomy":"product_brand","embeddable":true,"href":"https:\/\/roveyayinevi.com.tr\/index.php\/wp-json\/wp\/v2\/product_brand?post=722777"},{"taxonomy":"product_cat","embeddable":true,"href":"https:\/\/roveyayinevi.com.tr\/index.php\/wp-json\/wp\/v2\/product_cat?post=722777"},{"taxonomy":"product_tag","embeddable":true,"href":"https:\/\/roveyayinevi.com.tr\/index.php\/wp-json\/wp\/v2\/product_tag?post=722777"}],"curies":[{"name":"wp","href":"https:\/\/api.w.org\/{rel}","templated":true}]}}