{"id":722774,"date":"2025-08-27T19:08:49","date_gmt":"2025-08-27T16:08:49","guid":{"rendered":"https:\/\/roveyayinevi.com.tr\/index.php\/urun\/ludwig-wittgenstein\/"},"modified":"2026-04-16T02:30:38","modified_gmt":"2026-04-15T23:30:38","slug":"ludwig-wittgenstein","status":"publish","type":"product","link":"https:\/\/roveyayinevi.com.tr\/index.php\/urun\/ludwig-wittgenstein\/","title":{"rendered":"Ludwig Wittgenstein"},"content":{"rendered":"<p>Felsefe tarihinin en farkl\u0131, en \u00f6nemli filozoflar\u0131ndan Wittgenstein\u2019\u0131 yaratan \u015fartlar, ortam ve olaylar nelerdi?  Edward Kanterian, Ludwig Wittgenstein \u00fczerine daha \u00f6nce yaz\u0131lm\u0131\u015f g\u00fcvenilir biyografilerden, filozofun kendi g\u00fcnl\u00fc\u011f\u00fc ve mektuplar\u0131ndan, \u00e7a\u011fda\u015flar\u0131n\u0131n onun hakk\u0131nda s\u00f6ylediklerinden ve daha pek \u00e7ok kaynaktan yararlanarak bu b\u00fcy\u00fck fakat tuhaf adam\u0131n hayat\u0131n\u0131, felsefesini, i\u00e7 d\u00fcnyas\u0131n\u0131, deyi\u015f yerindeyse ruh ve hayat d\u00f6k\u00fcm\u00fcn\u00fc sunuyor.Avrupa\u2019n\u0131n say\u0131l\u0131 sanayi zenginlerinden birinin o\u011flu olmas\u0131na ra\u011fmen Tolstoy\u2019u okuya okuya sade, \u00f6zgeci bir ya\u015fam\u0131 tercih eden; zaman zaman \u00e7evresindekiler taraf\u0131ndan \u201caziz\u201d san\u0131lsa da kendisi \u015fahsiyetinden -\u00f6yle ki \u201citiraf krizleri ge\u00e7irecek kadar\u201d- hi\u00e7 ho\u015fnut olmayan, en b\u00fcy\u00fck eserini Birinci D\u00fcnya Sava\u015f\u0131\u2019n\u0131n en hararetli g\u00fcnlerinde cephede kaleme alan, s\u0131ra d\u0131\u015f\u0131 a\u015fklar ya\u015fay\u0131p s\u0131ra d\u0131\u015f\u0131 seyahatlere \u00e7\u0131kan, \u00f6mr\u00fcnce ya\u015fam\u0131n ortas\u0131nda olmas\u0131na ra\u011fmen intihar\u0131n k\u0131y\u0131s\u0131nda gezinen bir hayat Ludwig\u2019inki\u2026 Kanterian, akademik titizli\u011fi g\u00f6z dolduran Ludwig Wittgenstein ile ak\u0131c\u0131 bir roman gibi heyecanla okunabilecek, biyografi t\u00fcr\u00fcn\u00fcn en iyi \u00f6rnekleri aras\u0131na girmesi ka\u00e7\u0131n\u0131lmaz bir \u00e7al\u0131\u015fma ortaya koyuyor.<\/p>\n","protected":false},"excerpt":{"rendered":"<p>Felsefe tarihinin en farkl\u0131, en \u00f6nemli filozoflar\u0131ndan Wittgenstein\u2019\u0131 yaratan \u015fartlar, ortam ve olaylar nelerdi? Edward Kanterian, Ludwig Wittgenstein \u00fczerine daha \u00f6nce yaz\u0131lm\u0131\u015f g\u00fcvenilir biyografilerden, filozofun kendi<span class=\"excerpt-hellip\"> [\u2026]<\/span><\/p>\n","protected":false},"featured_media":0,"template":"","meta":{"_monsterinsights_skip_tracking":false,"_monsterinsights_sitenote_active":false,"_monsterinsights_sitenote_note":"","_monsterinsights_sitenote_category":0},"product_brand":[],"product_cat":[14009,12291],"product_tag":[],"class_list":{"0":"post-722774","1":"product","2":"type-product","3":"status-publish","5":"product_cat-biyografi-otobiyografi-edebiyat","6":"product_cat-edebiyat","7":"pa_cilt-ciltsiz","8":"pa_tur-kitap","9":"pa_yayinevi-ketebe-yayinlari","10":"pa_yazar-edward-kanterian","12":"first","13":"instock","14":"sale","15":"shipping-taxable","16":"purchasable","17":"product-type-simple"},"_links":{"self":[{"href":"https:\/\/roveyayinevi.com.tr\/index.php\/wp-json\/wp\/v2\/product\/722774","targetHints":{"allow":["GET"]}}],"collection":[{"href":"https:\/\/roveyayinevi.com.tr\/index.php\/wp-json\/wp\/v2\/product"}],"about":[{"href":"https:\/\/roveyayinevi.com.tr\/index.php\/wp-json\/wp\/v2\/types\/product"}],"wp:attachment":[{"href":"https:\/\/roveyayinevi.com.tr\/index.php\/wp-json\/wp\/v2\/media?parent=722774"}],"wp:term":[{"taxonomy":"product_brand","embeddable":true,"href":"https:\/\/roveyayinevi.com.tr\/index.php\/wp-json\/wp\/v2\/product_brand?post=722774"},{"taxonomy":"product_cat","embeddable":true,"href":"https:\/\/roveyayinevi.com.tr\/index.php\/wp-json\/wp\/v2\/product_cat?post=722774"},{"taxonomy":"product_tag","embeddable":true,"href":"https:\/\/roveyayinevi.com.tr\/index.php\/wp-json\/wp\/v2\/product_tag?post=722774"}],"curies":[{"name":"wp","href":"https:\/\/api.w.org\/{rel}","templated":true}]}}