{"id":722773,"date":"2025-08-27T19:08:48","date_gmt":"2025-08-27T16:08:48","guid":{"rendered":"https:\/\/roveyayinevi.com.tr\/index.php\/urun\/elanin-buyulu-bilezigi-oyuncak-kopek\/"},"modified":"2026-04-16T02:30:38","modified_gmt":"2026-04-15T23:30:38","slug":"elanin-buyulu-bilezigi-oyuncak-kopek","status":"publish","type":"product","link":"https:\/\/roveyayinevi.com.tr\/index.php\/urun\/elanin-buyulu-bilezigi-oyuncak-kopek\/","title":{"rendered":"Ela&#8217;n\u0131n B\u00fcy\u00fcl\u00fc Bilezi\u011fi &#8211; Oyuncak K\u00f6pek"},"content":{"rendered":"<p>Alt\u0131n Olimpiyat madalyas\u0131 sahibi Jessica Ennis-Hill\u2019in gen\u00e7 okurlar i\u00e7in kaleme ald\u0131\u011f\u0131 ilk seriHayvanlarla konu\u015fman\u0131za olanak sa\u011flayan b\u00fcy\u00fcl\u00fc bir bilezi\u011finiz olsa ne yapard\u0131n\u0131z?Oyuncak bir k\u00f6pek bir anda kanl\u0131 canl\u0131, mini minnac\u0131k ger\u00e7ek bir k\u00f6pe\u011fe d\u00f6n\u00fc\u015f\u00fcnce Ela ve arkada\u015flar\u0131 kendilerini yepyeni bir maceran\u0131n i\u00e7inde buldular. \u015eimdi bu k\u00f6pek\u00e7ikle ne yapacaklard\u0131?<\/p>\n","protected":false},"excerpt":{"rendered":"<p>Alt\u0131n Olimpiyat madalyas\u0131 sahibi Jessica Ennis-Hill\u2019in gen\u00e7 okurlar i\u00e7in kaleme ald\u0131\u011f\u0131 ilk seriHayvanlarla konu\u015fman\u0131za olanak sa\u011flayan b\u00fcy\u00fcl\u00fc bir bilezi\u011finiz olsa ne yapard\u0131n\u0131z?Oyuncak bir k\u00f6pek bir anda<span class=\"excerpt-hellip\"> [\u2026]<\/span><\/p>\n","protected":false},"featured_media":0,"template":"","meta":{"_monsterinsights_skip_tracking":false,"_monsterinsights_sitenote_active":false,"_monsterinsights_sitenote_note":"","_monsterinsights_sitenote_category":0},"product_brand":[],"product_cat":[12274,12284],"product_tag":[],"class_list":{"0":"post-722773","1":"product","2":"type-product","3":"status-publish","5":"product_cat-cocuk-ve-genclik-kitaplari","6":"product_cat-hikayeler","7":"pa_cilt-ciltsiz","8":"pa_tur-kitap","9":"pa_yayinevi-is-bankasi-kultur-yayinlari","10":"pa_yazar-jessica-ennis-hill","12":"first","13":"instock","14":"sale","15":"shipping-taxable","16":"purchasable","17":"product-type-simple"},"_links":{"self":[{"href":"https:\/\/roveyayinevi.com.tr\/index.php\/wp-json\/wp\/v2\/product\/722773","targetHints":{"allow":["GET"]}}],"collection":[{"href":"https:\/\/roveyayinevi.com.tr\/index.php\/wp-json\/wp\/v2\/product"}],"about":[{"href":"https:\/\/roveyayinevi.com.tr\/index.php\/wp-json\/wp\/v2\/types\/product"}],"wp:attachment":[{"href":"https:\/\/roveyayinevi.com.tr\/index.php\/wp-json\/wp\/v2\/media?parent=722773"}],"wp:term":[{"taxonomy":"product_brand","embeddable":true,"href":"https:\/\/roveyayinevi.com.tr\/index.php\/wp-json\/wp\/v2\/product_brand?post=722773"},{"taxonomy":"product_cat","embeddable":true,"href":"https:\/\/roveyayinevi.com.tr\/index.php\/wp-json\/wp\/v2\/product_cat?post=722773"},{"taxonomy":"product_tag","embeddable":true,"href":"https:\/\/roveyayinevi.com.tr\/index.php\/wp-json\/wp\/v2\/product_tag?post=722773"}],"curies":[{"name":"wp","href":"https:\/\/api.w.org\/{rel}","templated":true}]}}