{"id":722772,"date":"2025-08-27T19:08:47","date_gmt":"2025-08-27T16:08:47","guid":{"rendered":"https:\/\/roveyayinevi.com.tr\/index.php\/urun\/baskurtlarin-tarihi\/"},"modified":"2026-04-16T02:30:38","modified_gmt":"2026-04-15T23:30:38","slug":"baskurtlarin-tarihi","status":"publish","type":"product","link":"https:\/\/roveyayinevi.com.tr\/index.php\/urun\/baskurtlarin-tarihi\/","title":{"rendered":"Ba\u015fkurtlar\u0131n Tarihi"},"content":{"rendered":"<p>Ba\u015fkurtlar\u0131n Tarihi, bug\u00fcn Rusya Federasyonu\u2019nda bulunan Ba\u015fkurdistan Cumhuriyeti ve halk\u0131 hakk\u0131nda yaz\u0131lm\u0131\u015f say\u0131l\u0131 eserlerden biridir. Aslen Ba\u015fkurt olan Ord. Prof. Dr. Zeki Velidi Togan bu eserde, do\u011fdu\u011fu \u00fclkenin ve halk\u0131n\u0131n ge\u00e7mi\u015fine bir tarih\u00e7i g\u00f6z\u00fcyle bakmakta, hayvanc\u0131l\u0131k ve kuru tar\u0131m \u00e7er\u00e7evesinde topra\u011fa ba\u011fl\u0131 u\u011fra\u015flar\u0131 i\u00e7in ortaya koyduklar\u0131 m\u00fccadeleleri ele almaktad\u0131r.Ural Da\u011flar\u0131\u2019n\u0131n \u00f6zellikle bat\u0131s\u0131na yerle\u015fmi\u015f bu yar\u0131 g\u00f6\u00e7ebe halktan 922\u2019de Ba\u011fdat\u2019tan Edil Bulgarlar\u0131na giden el\u00e7ilik heyetinde bulunan \u0130bn Fadlan ayr\u0131nt\u0131l\u0131 olarak bahsetmi\u015ftir. Erken d\u00f6nem \u0130slam kayna\u011f\u0131 kabul edilen bu bahiste Ba\u015fkurtlar\u0131n Ortado\u011fu\u2019ya geldikleri anlat\u0131l\u0131r. \u00d6te yandan yeralt\u0131 madenleri, k\u0131ymetli ta\u015flar, tilki ve kunduz gibi ticari mallarla Hazar sahilleri ve Kafkaslar yoluyla g\u00fcneydeki \u0130slam d\u00fcnyas\u0131yla temaslar\u0131 devam etmi\u015ftir. Daha sonraki tarihleri K\u0131p\u00e7aklar, Alt\u0131n Orda ve Rus \u00c7arl\u0131k idaresi aras\u0131nda ge\u00e7mi\u015ftir. Ba\u015fkurtlar, tarihsel olarak 7 veya 12 kabileden olu\u015ftuklar\u0131 d\u00fc\u015f\u00fcn\u00fclen ve bu kabilelerin bir arada bulunmas\u0131yla meydana gelen bir birliktir. Tarih boyunca do\u011fudan gelen ve kendilerine kat\u0131lan farkl\u0131 kabilelerin kendi isimlerini ve k\u00f6ken bilgilerini koruyarak, birlik i\u00e7inde ya\u015famlar\u0131n\u0131 s\u00fcrd\u00fcrebilmeleri sayesinde zenginle\u015fen Ba\u015fkurt k\u00fclt\u00fcr\u00fc, yerli ve yabanc\u0131 etnologlar\u0131n ve halkbilimcilerin ilgisini \u00e7ekmi\u015ftir. Zeki Velidi Togan, eski ve modern d\u00f6nem kaynaklar\u0131na at\u0131fta bulunarak ve bunlar\u0131 kar\u015f\u0131la\u015ft\u0131rarak inceledi\u011fi eserinde, Ba\u015fkurtlar\u0131n tarihine ili\u015fkin b\u00fcy\u00fck bir bo\u015flu\u011fu doldurmaktad\u0131r.<\/p>\n","protected":false},"excerpt":{"rendered":"<p>Ba\u015fkurtlar\u0131n Tarihi, bug\u00fcn Rusya Federasyonu\u2019nda bulunan Ba\u015fkurdistan Cumhuriyeti ve halk\u0131 hakk\u0131nda yaz\u0131lm\u0131\u015f say\u0131l\u0131 eserlerden biridir. Aslen Ba\u015fkurt olan Ord. Prof. Dr. Zeki Velidi Togan bu eserde,<span class=\"excerpt-hellip\"> [\u2026]<\/span><\/p>\n","protected":false},"featured_media":0,"template":"","meta":{"_monsterinsights_skip_tracking":false,"_monsterinsights_sitenote_active":false,"_monsterinsights_sitenote_note":"","_monsterinsights_sitenote_category":0},"product_brand":[],"product_cat":[12370,12304],"product_tag":[],"class_list":{"0":"post-722772","1":"product","2":"type-product","3":"status-publish","5":"product_cat-arastirma-inceleme","6":"product_cat-tarih","7":"pa_cilt-ciltsiz","8":"pa_tur-kitap","9":"pa_yayinevi-is-bankasi-kultur-yayinlari","10":"pa_yazar-a-zeki-velidi-togan","12":"first","13":"instock","14":"sale","15":"shipping-taxable","16":"purchasable","17":"product-type-simple"},"_links":{"self":[{"href":"https:\/\/roveyayinevi.com.tr\/index.php\/wp-json\/wp\/v2\/product\/722772","targetHints":{"allow":["GET"]}}],"collection":[{"href":"https:\/\/roveyayinevi.com.tr\/index.php\/wp-json\/wp\/v2\/product"}],"about":[{"href":"https:\/\/roveyayinevi.com.tr\/index.php\/wp-json\/wp\/v2\/types\/product"}],"wp:attachment":[{"href":"https:\/\/roveyayinevi.com.tr\/index.php\/wp-json\/wp\/v2\/media?parent=722772"}],"wp:term":[{"taxonomy":"product_brand","embeddable":true,"href":"https:\/\/roveyayinevi.com.tr\/index.php\/wp-json\/wp\/v2\/product_brand?post=722772"},{"taxonomy":"product_cat","embeddable":true,"href":"https:\/\/roveyayinevi.com.tr\/index.php\/wp-json\/wp\/v2\/product_cat?post=722772"},{"taxonomy":"product_tag","embeddable":true,"href":"https:\/\/roveyayinevi.com.tr\/index.php\/wp-json\/wp\/v2\/product_tag?post=722772"}],"curies":[{"name":"wp","href":"https:\/\/api.w.org\/{rel}","templated":true}]}}