{"id":722768,"date":"2025-08-27T19:08:44","date_gmt":"2025-08-27T16:08:44","guid":{"rendered":"https:\/\/roveyayinevi.com.tr\/index.php\/urun\/papaganin-yetmis-masali-sukasaptati\/"},"modified":"2026-04-16T02:30:38","modified_gmt":"2026-04-15T23:30:38","slug":"papaganin-yetmis-masali-sukasaptati","status":"publish","type":"product","link":"https:\/\/roveyayinevi.com.tr\/index.php\/urun\/papaganin-yetmis-masali-sukasaptati\/","title":{"rendered":"Papa\u011fan\u0131n Yetmi\u015f Masal\u0131 &#8211; \u015eukasaptati"},"content":{"rendered":"<p>Hint masal edebiyat\u0131n\u0131n en \u00f6nemli eserlerinden \u015eukasaptati\u2019nin ne zaman ve kim taraf\u0131ndan yaz\u0131ld\u0131\u011f\u0131 bilinmemektedir. Hitopade\u015fa veya Masal Irmaklar\u0131n\u0131n Okyanusu \u2013Kath\u0101sarits\u0101gara\u2013 gibi eserlere g\u00f6re ad\u0131 daha az duyulmu\u015f olsa da Papa\u011fan\u0131n Yetmi\u015f Masal\u0131 Bat\u0131 Asya ve Avrupa edebiyatlar\u0131n\u0131 daha fazla etkilemi\u015ftir. Fars\u00e7a \u00e7evirileri T\u00fbt\u00een\u00e2me\u2019ler sayesinde b\u00fct\u00fcn d\u00fcnyada bilinir olan bu masallar toplam\u0131 zaman i\u00e7inde ba\u015fka masallar\u0131n eklenmesiyle de\u011fi\u015fmi\u015f ve zenginle\u015fmi\u015ftir. \u015eukasaptati\u2019nin laf\u0131 doland\u0131rmayan pervas\u0131z bir dili vard\u0131r. Kendini hi\u00e7 s\u0131n\u0131rlamayan eserdeki baz\u0131 masallar Avrupa\u2019da h\u00fcmanizmin \u00f6nc\u00fclerinden Boccaccio gibi yazarlara da ilham kayna\u011f\u0131 olmu\u015ftur.<\/p>\n","protected":false},"excerpt":{"rendered":"<p>Hint masal edebiyat\u0131n\u0131n en \u00f6nemli eserlerinden \u015eukasaptati\u2019nin ne zaman ve kim taraf\u0131ndan yaz\u0131ld\u0131\u011f\u0131 bilinmemektedir. Hitopade\u015fa veya Masal Irmaklar\u0131n\u0131n Okyanusu \u2013Kath\u0101sarits\u0101gara\u2013 gibi eserlere g\u00f6re ad\u0131 daha az<span class=\"excerpt-hellip\"> [\u2026]<\/span><\/p>\n","protected":false},"featured_media":0,"template":"","meta":{"_monsterinsights_skip_tracking":false,"_monsterinsights_sitenote_active":false,"_monsterinsights_sitenote_note":"","_monsterinsights_sitenote_category":0},"product_brand":[],"product_cat":[13661,12291],"product_tag":[],"class_list":{"0":"post-722768","1":"product","2":"type-product","3":"status-publish","5":"product_cat-diger-ulke-edebiyatlari","6":"product_cat-edebiyat","7":"pa_cilt-ciltsiz","8":"pa_tur-kitap","9":"pa_yayinevi-is-bankasi-kultur-yayinlari","10":"pa_yazar-kolektif","12":"first","13":"instock","14":"sale","15":"shipping-taxable","16":"purchasable","17":"product-type-simple"},"_links":{"self":[{"href":"https:\/\/roveyayinevi.com.tr\/index.php\/wp-json\/wp\/v2\/product\/722768","targetHints":{"allow":["GET"]}}],"collection":[{"href":"https:\/\/roveyayinevi.com.tr\/index.php\/wp-json\/wp\/v2\/product"}],"about":[{"href":"https:\/\/roveyayinevi.com.tr\/index.php\/wp-json\/wp\/v2\/types\/product"}],"wp:attachment":[{"href":"https:\/\/roveyayinevi.com.tr\/index.php\/wp-json\/wp\/v2\/media?parent=722768"}],"wp:term":[{"taxonomy":"product_brand","embeddable":true,"href":"https:\/\/roveyayinevi.com.tr\/index.php\/wp-json\/wp\/v2\/product_brand?post=722768"},{"taxonomy":"product_cat","embeddable":true,"href":"https:\/\/roveyayinevi.com.tr\/index.php\/wp-json\/wp\/v2\/product_cat?post=722768"},{"taxonomy":"product_tag","embeddable":true,"href":"https:\/\/roveyayinevi.com.tr\/index.php\/wp-json\/wp\/v2\/product_tag?post=722768"}],"curies":[{"name":"wp","href":"https:\/\/api.w.org\/{rel}","templated":true}]}}