{"id":722767,"date":"2025-08-27T19:08:44","date_gmt":"2025-08-27T16:08:44","guid":{"rendered":"https:\/\/roveyayinevi.com.tr\/index.php\/urun\/tembellik-hakki-ciltli\/"},"modified":"2026-02-03T02:45:22","modified_gmt":"2026-02-02T23:45:22","slug":"tembellik-hakki-ciltli","status":"publish","type":"product","link":"https:\/\/roveyayinevi.com.tr\/index.php\/urun\/tembellik-hakki-ciltli\/","title":{"rendered":"Tembellik Hakk\u0131 (Ciltli)"},"content":{"rendered":"<p>Paul Lafargue (1842-1911): Frans\u0131z Marksist, iktisat\u00e7\u0131, gazeteci, yazar. T\u0131p \u00f6\u011frenimi g\u00f6rd\u00fc, Londra\u2019da Marx ve Engels ile tan\u0131\u015ft\u0131, Birinci Enternasyonal\u2019e kat\u0131ld\u0131. 1868\u2019de Karl Marx\u2019\u0131n k\u0131z\u0131 Laura ile evlendi. Paris Kom\u00fcn\u00fc\u2019nde faal bir rol ald\u0131. Jules Guesde ile birlikte temellerini att\u0131\u011f\u0131 Frans\u0131z \u0130\u015f\u00e7i Partisi\u2019nin en etkili liderlerinden biri oldu. Keskin, yer yer ironik bir dille kaleme ald\u0131\u011f\u0131 Tembellik Hakk\u0131, ilk kez 1880 y\u0131l\u0131nda haftal\u0131k \u00c9galit\u00e9 dergisinde tefrika edildi, 1883 y\u0131l\u0131ndaysa cezaevindeyken ekledi\u011fi birka\u00e7 notla birlikte tekrar yay\u0131mland\u0131. Lafargue Tembellik Hakk\u0131\u2019nda sadece kapitalizmi de\u011fil \u00e7al\u0131\u015fma dogmas\u0131yla ba\u015ftan \u00e7\u0131kar\u0131ld\u0131\u011f\u0131n\u0131 s\u00f6yledi\u011fi proleteryay\u0131 da sert\u00e7e ele\u015ftirir. Zorunlu \u00e7al\u0131\u015fmay\u0131 kapitalist toplumda her t\u00fcr entelekt\u00fcel soysuzla\u015fman\u0131n, organik bozulman\u0131n sebebi sayar. Lenin\u2019in Marksizm\u2019in en yetenekli ideologlar\u0131ndan biri olarak and\u0131\u011f\u0131 Lafargue, ya\u015fl\u0131l\u0131\u011f\u0131n zihin ve bedende yol a\u00e7aca\u011f\u0131 y\u0131k\u0131ma katlanmamak i\u00e7in 1911 y\u0131l\u0131nda e\u015fi Laura Marx ile birlikte intihar ederek ya\u015fam\u0131na son verdi.<\/p>\n","protected":false},"excerpt":{"rendered":"<p>Paul Lafargue (1842-1911): Frans\u0131z Marksist, iktisat\u00e7\u0131, gazeteci, yazar. T\u0131p \u00f6\u011frenimi g\u00f6rd\u00fc, Londra\u2019da Marx ve Engels ile tan\u0131\u015ft\u0131, Birinci Enternasyonal\u2019e kat\u0131ld\u0131. 1868\u2019de Karl Marx\u2019\u0131n k\u0131z\u0131 Laura ile<span class=\"excerpt-hellip\"> [\u2026]<\/span><\/p>\n","protected":false},"featured_media":0,"template":"","meta":{"_monsterinsights_skip_tracking":false,"_monsterinsights_sitenote_active":false,"_monsterinsights_sitenote_note":"","_monsterinsights_sitenote_category":0},"product_brand":[],"product_cat":[12388,15536],"product_tag":[],"class_list":{"0":"post-722767","1":"product","2":"type-product","3":"status-publish","5":"product_cat-felsefe","6":"product_cat-siyaset-felsefesi","7":"pa_cilt-ciltli","8":"pa_tur-kitap","9":"pa_yayinevi-is-bankasi-kultur-yayinlari","10":"pa_yazar-paul-lafargue","12":"first","13":"instock","14":"sale","15":"shipping-taxable","16":"purchasable","17":"product-type-simple"},"_links":{"self":[{"href":"https:\/\/roveyayinevi.com.tr\/index.php\/wp-json\/wp\/v2\/product\/722767","targetHints":{"allow":["GET"]}}],"collection":[{"href":"https:\/\/roveyayinevi.com.tr\/index.php\/wp-json\/wp\/v2\/product"}],"about":[{"href":"https:\/\/roveyayinevi.com.tr\/index.php\/wp-json\/wp\/v2\/types\/product"}],"wp:attachment":[{"href":"https:\/\/roveyayinevi.com.tr\/index.php\/wp-json\/wp\/v2\/media?parent=722767"}],"wp:term":[{"taxonomy":"product_brand","embeddable":true,"href":"https:\/\/roveyayinevi.com.tr\/index.php\/wp-json\/wp\/v2\/product_brand?post=722767"},{"taxonomy":"product_cat","embeddable":true,"href":"https:\/\/roveyayinevi.com.tr\/index.php\/wp-json\/wp\/v2\/product_cat?post=722767"},{"taxonomy":"product_tag","embeddable":true,"href":"https:\/\/roveyayinevi.com.tr\/index.php\/wp-json\/wp\/v2\/product_tag?post=722767"}],"curies":[{"name":"wp","href":"https:\/\/api.w.org\/{rel}","templated":true}]}}