{"id":722764,"date":"2025-08-27T19:08:42","date_gmt":"2025-08-27T16:08:42","guid":{"rendered":"https:\/\/roveyayinevi.com.tr\/index.php\/urun\/evliya-celebi-seyahatnamesinde-fatih-sultan-mehmed\/"},"modified":"2026-04-16T02:30:38","modified_gmt":"2026-04-15T23:30:38","slug":"evliya-celebi-seyahatnamesinde-fatih-sultan-mehmed","status":"publish","type":"product","link":"https:\/\/roveyayinevi.com.tr\/index.php\/urun\/evliya-celebi-seyahatnamesinde-fatih-sultan-mehmed\/","title":{"rendered":"Evliya \u00c7elebi Seyahatnamesi\u2019nde Fatih Sultan Mehmed"},"content":{"rendered":"<p>Fatih, hem karakteri, hem de icraat\u0131 a\u00e7\u0131s\u0131ndan Osmanl\u0131 padi\u015fahlar\u0131 aras\u0131nda istisnai bir h\u00fck\u00fcmdard\u0131r. Fatih\u2019in h\u00fck\u00fcmdarl\u0131\u011f\u0131nda Bo\u011fazlar&#8217;da, Osmanl\u0131 h\u00e2kimiyeti kurulmu\u015f, Balkanlar\u2019da s\u0131n\u0131rlar Tuna&#8217;ya kadar geni\u015fletilmi\u015ftir.Fatih Sultan Mehmed hakk\u0131ndaki bu kitap, T\u00fcrklerin b\u00fcy\u00fck seyyah\u0131 ve d\u00fcnyan\u0131n en b\u00fcy\u00fck seyahat yazarlar\u0131ndan olan Evliy\u00e2 \u00c7elebi\u2019nin Seyahatn\u00e2mesi taranarak Fatih\u2019e ait bahisler se\u00e7ilerek meydana getirilmi\u015ftir. Evliy\u00e2 \u00c7elebi, gezip g\u00f6rd\u00fc\u011f\u00fc yerlerle ilgili her t\u00fcrl\u00fc bilgiyi vermektedir. Seyahatn\u00e2me\u2019nin birinci cildinin \u0130stanbul\u2019a dair olmas\u0131 sebebiyle bu ciltte \u0130stanbul\u2019a ve Fatih\u2019e ait geni\u015f bilgiler bulunmaktad\u0131r. Ayr\u0131ca \u0130stanbul\u2019u fethetmesi dolay\u0131s\u0131yla Fatih Sultan Mehmed\u2019in ismi \u0130stanbul ile \u00f6zde\u015fle\u015fmi\u015ftir. Bu y\u00fczden se\u00e7kilerimizin \u00e7o\u011fu 1. ciltten yap\u0131lm\u0131\u015ft\u0131r. Di\u011fer ciltlerde de fethetti\u011fi yerlere ve koydu\u011fu kanunlara ait bilgiler se\u00e7ilmi\u015ftir.<\/p>\n","protected":false},"excerpt":{"rendered":"<p>Fatih, hem karakteri, hem de icraat\u0131 a\u00e7\u0131s\u0131ndan Osmanl\u0131 padi\u015fahlar\u0131 aras\u0131nda istisnai bir h\u00fck\u00fcmdard\u0131r. Fatih\u2019in h\u00fck\u00fcmdarl\u0131\u011f\u0131nda Bo\u011fazlar&#8217;da, Osmanl\u0131 h\u00e2kimiyeti kurulmu\u015f, Balkanlar\u2019da s\u0131n\u0131rlar Tuna&#8217;ya kadar geni\u015fletilmi\u015ftir.Fatih Sultan Mehmed<span class=\"excerpt-hellip\"> [\u2026]<\/span><\/p>\n","protected":false},"featured_media":0,"template":"","meta":{"_monsterinsights_skip_tracking":false,"_monsterinsights_sitenote_active":false,"_monsterinsights_sitenote_note":"","_monsterinsights_sitenote_category":0},"product_brand":[],"product_cat":[12304],"product_tag":[],"class_list":{"0":"post-722764","1":"product","2":"type-product","3":"status-publish","5":"product_cat-tarih","6":"pa_cilt-ciltsiz","7":"pa_tur-kitap","8":"pa_yayinevi-yeditepe-yayinevi","9":"pa_yazar-seyit-ali-kahraman","11":"first","12":"instock","13":"sale","14":"shipping-taxable","15":"purchasable","16":"product-type-simple"},"_links":{"self":[{"href":"https:\/\/roveyayinevi.com.tr\/index.php\/wp-json\/wp\/v2\/product\/722764","targetHints":{"allow":["GET"]}}],"collection":[{"href":"https:\/\/roveyayinevi.com.tr\/index.php\/wp-json\/wp\/v2\/product"}],"about":[{"href":"https:\/\/roveyayinevi.com.tr\/index.php\/wp-json\/wp\/v2\/types\/product"}],"wp:attachment":[{"href":"https:\/\/roveyayinevi.com.tr\/index.php\/wp-json\/wp\/v2\/media?parent=722764"}],"wp:term":[{"taxonomy":"product_brand","embeddable":true,"href":"https:\/\/roveyayinevi.com.tr\/index.php\/wp-json\/wp\/v2\/product_brand?post=722764"},{"taxonomy":"product_cat","embeddable":true,"href":"https:\/\/roveyayinevi.com.tr\/index.php\/wp-json\/wp\/v2\/product_cat?post=722764"},{"taxonomy":"product_tag","embeddable":true,"href":"https:\/\/roveyayinevi.com.tr\/index.php\/wp-json\/wp\/v2\/product_tag?post=722764"}],"curies":[{"name":"wp","href":"https:\/\/api.w.org\/{rel}","templated":true}]}}