{"id":722763,"date":"2025-08-27T19:08:41","date_gmt":"2025-08-27T16:08:41","guid":{"rendered":"https:\/\/roveyayinevi.com.tr\/index.php\/urun\/bozkirlarin-ilk-imparatorlugu-hunlar\/"},"modified":"2026-04-16T02:30:38","modified_gmt":"2026-04-15T23:30:38","slug":"bozkirlarin-ilk-imparatorlugu-hunlar","status":"publish","type":"product","link":"https:\/\/roveyayinevi.com.tr\/index.php\/urun\/bozkirlarin-ilk-imparatorlugu-hunlar\/","title":{"rendered":"Bozk\u0131rlar\u0131n \u0130lk \u0130mparatorlu\u011fu &#8211; Hunlar"},"content":{"rendered":"<p>\u0130nsanl\u0131k tarihi M.\u00d6. 3 binlerde ayd\u0131nlanmaya ba\u015flad\u0131\u011f\u0131nda d\u00fcnyan\u0131n farkl\u0131 b\u00f6lgelerinde baz\u0131 topluluklar\u0131n varl\u0131\u011f\u0131ndan haberdar oluruz. Bunlar\u0131n  \u00d6n Asya&#8217;da M\u0131s\u0131r&#8217;da Akdeniz etraf\u0131nda, Hint ve \u00c7in&#8217;de bulundu\u011fu kabul edilir ve b\u00f6yle yaz\u0131l\u0131r. Ayn\u0131 devirlerde Orta Asya&#8217;n\u0131n derinliklerinde de insanlar ya\u015f\u0131yordu. Nitekim kom\u015fular\u0131 \u00c7inliler ilk efsanevi metinlerinde onlara yer veriyordu. Bu topluluklar\u0131n u\u00e7suz bucaks\u0131z bozk\u0131rlarda boy ya da boy gruplar\u0131 halinde ya\u015fad\u0131klar\u0131 bildirilmektedir.Aradan y\u00fczy\u0131llar ge\u00e7er, tarih daha belirgin hale geldi\u011finde biz onlar\u0131 Hunlar olarak tan\u0131r\u0131z. Ancak, onlar \u00e7ok \u00f6nemli bir a\u015famaya y\u00fckselirler. Bir siyasi birlik  \u00f6rg\u00fctlenmesi ger\u00e7ekle\u015ftirerek bozk\u0131rlar\u0131n ilk devlet modelini, hatta ilk imparatorlu\u011funu meydana getirirler. Biz bu siyasi yap\u0131lanmaya tarih\u00e7ili\u011fimizde \u00e7ok do\u011fru bir \u015fekilde Asya Hun \u0130mparatorlu\u011fu ad\u0131n\u0131 veriyoruz.M.\u00d6.221&#8217;den M.S.439&#8217;a kadar uzanan \u00e7ok a\u00e7\u0131k bir Hun tarihi s\u00f6z konusu olsa da atalar\u0131n\u0131 M.\u00d6. 2255&#8217;lere   kadar g\u00f6t\u00fcrebiliriz. Her devletin  ya\u015fad\u0131\u011f\u0131 kader gibi Hunlar da y\u00fckselmi\u015fler, sonra duraklam\u0131\u015f, b\u00f6l\u00fcnm\u00fc\u015f ve y\u0131k\u0131lm\u0131\u015flard\u0131r. Bozk\u0131rlar\u0131n a\u011f\u0131r iklim \u015fartlar\u0131n\u0131n, \u00f6zellikle a\u015f\u0131r\u0131 so\u011fuktan kaynaklanan k\u0131tl\u0131klar\u0131n onlar\u0131n zay\u0131flamas\u0131nda b\u00fcy\u00fck rol oynad\u0131\u011f\u0131  ger\u00e7ektir. Ya\u015fad\u0131klar\u0131 b\u00fct\u00fcn zorluklara ra\u011fmen Hunlar sa\u011flam bir devlet gelene\u011fi olu\u015fturmu\u015flar ve bu gelenek Avrasya tarihinde hi\u00e7 kesilmeden 20. y\u00fczy\u0131la kadar devam etmi\u015ftir.Ahmet Ta\u015fa\u011f\u0131l, bu \u00e7al\u0131\u015fmas\u0131nda kaynaklar\u0131n verdi\u011fi bilgilere dayanarak derli toplu bir \u015fekilde Asya Hunlar\u0131n\u0131n  tarihini ve k\u00fclt\u00fcr\u00fcn\u00fc anlatmaktad\u0131r. <\/p>\n","protected":false},"excerpt":{"rendered":"<p>\u0130nsanl\u0131k tarihi M.\u00d6. 3 binlerde ayd\u0131nlanmaya ba\u015flad\u0131\u011f\u0131nda d\u00fcnyan\u0131n farkl\u0131 b\u00f6lgelerinde baz\u0131 topluluklar\u0131n varl\u0131\u011f\u0131ndan haberdar oluruz. Bunlar\u0131n \u00d6n Asya&#8217;da M\u0131s\u0131r&#8217;da Akdeniz etraf\u0131nda, Hint ve \u00c7in&#8217;de bulundu\u011fu kabul<span class=\"excerpt-hellip\"> [\u2026]<\/span><\/p>\n","protected":false},"featured_media":0,"template":"","meta":{"_monsterinsights_skip_tracking":false,"_monsterinsights_sitenote_active":false,"_monsterinsights_sitenote_note":"","_monsterinsights_sitenote_category":0},"product_brand":[],"product_cat":[12370,12304],"product_tag":[],"class_list":{"0":"post-722763","1":"product","2":"type-product","3":"status-publish","5":"product_cat-arastirma-inceleme","6":"product_cat-tarih","7":"pa_cilt-ciltsiz","8":"pa_tur-kitap","9":"pa_yayinevi-yeditepe-yayinevi","10":"pa_yazar-ahmet-tasagil","12":"first","13":"instock","14":"sale","15":"shipping-taxable","16":"purchasable","17":"product-type-simple"},"_links":{"self":[{"href":"https:\/\/roveyayinevi.com.tr\/index.php\/wp-json\/wp\/v2\/product\/722763","targetHints":{"allow":["GET"]}}],"collection":[{"href":"https:\/\/roveyayinevi.com.tr\/index.php\/wp-json\/wp\/v2\/product"}],"about":[{"href":"https:\/\/roveyayinevi.com.tr\/index.php\/wp-json\/wp\/v2\/types\/product"}],"wp:attachment":[{"href":"https:\/\/roveyayinevi.com.tr\/index.php\/wp-json\/wp\/v2\/media?parent=722763"}],"wp:term":[{"taxonomy":"product_brand","embeddable":true,"href":"https:\/\/roveyayinevi.com.tr\/index.php\/wp-json\/wp\/v2\/product_brand?post=722763"},{"taxonomy":"product_cat","embeddable":true,"href":"https:\/\/roveyayinevi.com.tr\/index.php\/wp-json\/wp\/v2\/product_cat?post=722763"},{"taxonomy":"product_tag","embeddable":true,"href":"https:\/\/roveyayinevi.com.tr\/index.php\/wp-json\/wp\/v2\/product_tag?post=722763"}],"curies":[{"name":"wp","href":"https:\/\/api.w.org\/{rel}","templated":true}]}}