{"id":722761,"date":"2025-08-27T19:08:39","date_gmt":"2025-08-27T16:08:39","guid":{"rendered":"https:\/\/roveyayinevi.com.tr\/index.php\/urun\/dunyayi-degistirenler-marie-curie\/"},"modified":"2026-04-16T02:30:38","modified_gmt":"2026-04-15T23:30:38","slug":"dunyayi-degistirenler-marie-curie","status":"publish","type":"product","link":"https:\/\/roveyayinevi.com.tr\/index.php\/urun\/dunyayi-degistirenler-marie-curie\/","title":{"rendered":"D\u00fcnyay\u0131 De\u011fi\u015ftirenler &#8211; Marie Curie"},"content":{"rendered":"<p>\u0130ki kimyasal element ke\u015ffetti, kanser tedavisinin geli\u015ftirilmesini sa\u011flad\u0131 ve hatta, radyoaktivite terimini icat etti! Hayallerinden asla vazge\u00e7meyen Marie Curie, Nobel \u00d6d\u00fcl\u00fc\u2019n\u00fc kazanan ilk kad\u0131n oldu!Bilime adanm\u0131\u015f bir hayat\u0131 ve d\u00fcnyay\u0131 de\u011fi\u015ftiren bulu\u015flar\u0131 \u00f6zg\u00fcn desenler e\u015fli\u011finde ke\u015ffedin.<\/p>\n","protected":false},"excerpt":{"rendered":"<p>\u0130ki kimyasal element ke\u015ffetti, kanser tedavisinin geli\u015ftirilmesini sa\u011flad\u0131 ve hatta, radyoaktivite terimini icat etti! Hayallerinden asla vazge\u00e7meyen Marie Curie, Nobel \u00d6d\u00fcl\u00fc\u2019n\u00fc kazanan ilk kad\u0131n oldu!Bilime adanm\u0131\u015f<span class=\"excerpt-hellip\"> [\u2026]<\/span><\/p>\n","protected":false},"featured_media":0,"template":"","meta":{"_monsterinsights_skip_tracking":false,"_monsterinsights_sitenote_active":false,"_monsterinsights_sitenote_note":"","_monsterinsights_sitenote_category":0},"product_brand":[],"product_cat":[12274,12284],"product_tag":[],"class_list":{"0":"post-722761","1":"product","2":"type-product","3":"status-publish","5":"product_cat-cocuk-ve-genclik-kitaplari","6":"product_cat-hikayeler","7":"pa_cilt-ciltsiz","8":"pa_tur-kitap","9":"pa_yayinevi-kirmizi-kedi-yayinevi","10":"pa_yazar-isabel-thomas","12":"first","13":"instock","14":"sale","15":"shipping-taxable","16":"purchasable","17":"product-type-simple"},"_links":{"self":[{"href":"https:\/\/roveyayinevi.com.tr\/index.php\/wp-json\/wp\/v2\/product\/722761","targetHints":{"allow":["GET"]}}],"collection":[{"href":"https:\/\/roveyayinevi.com.tr\/index.php\/wp-json\/wp\/v2\/product"}],"about":[{"href":"https:\/\/roveyayinevi.com.tr\/index.php\/wp-json\/wp\/v2\/types\/product"}],"wp:attachment":[{"href":"https:\/\/roveyayinevi.com.tr\/index.php\/wp-json\/wp\/v2\/media?parent=722761"}],"wp:term":[{"taxonomy":"product_brand","embeddable":true,"href":"https:\/\/roveyayinevi.com.tr\/index.php\/wp-json\/wp\/v2\/product_brand?post=722761"},{"taxonomy":"product_cat","embeddable":true,"href":"https:\/\/roveyayinevi.com.tr\/index.php\/wp-json\/wp\/v2\/product_cat?post=722761"},{"taxonomy":"product_tag","embeddable":true,"href":"https:\/\/roveyayinevi.com.tr\/index.php\/wp-json\/wp\/v2\/product_tag?post=722761"}],"curies":[{"name":"wp","href":"https:\/\/api.w.org\/{rel}","templated":true}]}}