{"id":722760,"date":"2025-08-27T19:08:39","date_gmt":"2025-08-27T16:08:39","guid":{"rendered":"https:\/\/roveyayinevi.com.tr\/index.php\/urun\/dunyayi-degistirenler-leonardo-da-vinci\/"},"modified":"2026-04-16T02:30:38","modified_gmt":"2026-04-15T23:30:38","slug":"dunyayi-degistirenler-leonardo-da-vinci","status":"publish","type":"product","link":"https:\/\/roveyayinevi.com.tr\/index.php\/urun\/dunyayi-degistirenler-leonardo-da-vinci\/","title":{"rendered":"D\u00fcnyay\u0131 De\u011fi\u015ftirenler &#8211; Leonardo Da Vinci"},"content":{"rendered":"<p>Ressam, mimar, m\u00fchendis, heykelt\u0131ra\u015f ve mucit&#8230;Leonardo da Vinci, bunlar\u0131n hepsi ve daha fazlas\u0131yd\u0131.D\u00fcnyan\u0131n en \u00f6nemli eserlerini resimledi ve 400\u2019den fazla makineyi hayal etti. Helikopter bile!Tarihin en parlak zihinlerinden birini ve onun s\u0131ra d\u0131\u015f\u0131 hayat\u0131n\u0131 rengarenk resimler e\u015fli\u011finde ke\u015ffedin.<\/p>\n","protected":false},"excerpt":{"rendered":"<p>Ressam, mimar, m\u00fchendis, heykelt\u0131ra\u015f ve mucit&#8230;Leonardo da Vinci, bunlar\u0131n hepsi ve daha fazlas\u0131yd\u0131.D\u00fcnyan\u0131n en \u00f6nemli eserlerini resimledi ve 400\u2019den fazla makineyi hayal etti. Helikopter bile!Tarihin en<span class=\"excerpt-hellip\"> [\u2026]<\/span><\/p>\n","protected":false},"featured_media":0,"template":"","meta":{"_monsterinsights_skip_tracking":false,"_monsterinsights_sitenote_active":false,"_monsterinsights_sitenote_note":"","_monsterinsights_sitenote_category":0},"product_brand":[],"product_cat":[12274,12284],"product_tag":[],"class_list":{"0":"post-722760","1":"product","2":"type-product","3":"status-publish","5":"product_cat-cocuk-ve-genclik-kitaplari","6":"product_cat-hikayeler","7":"pa_cilt-ciltsiz","8":"pa_tur-kitap","9":"pa_yayinevi-kirmizi-kedi-yayinevi","10":"pa_yazar-isabel-thomas","12":"first","13":"instock","14":"sale","15":"shipping-taxable","16":"purchasable","17":"product-type-simple"},"_links":{"self":[{"href":"https:\/\/roveyayinevi.com.tr\/index.php\/wp-json\/wp\/v2\/product\/722760","targetHints":{"allow":["GET"]}}],"collection":[{"href":"https:\/\/roveyayinevi.com.tr\/index.php\/wp-json\/wp\/v2\/product"}],"about":[{"href":"https:\/\/roveyayinevi.com.tr\/index.php\/wp-json\/wp\/v2\/types\/product"}],"wp:attachment":[{"href":"https:\/\/roveyayinevi.com.tr\/index.php\/wp-json\/wp\/v2\/media?parent=722760"}],"wp:term":[{"taxonomy":"product_brand","embeddable":true,"href":"https:\/\/roveyayinevi.com.tr\/index.php\/wp-json\/wp\/v2\/product_brand?post=722760"},{"taxonomy":"product_cat","embeddable":true,"href":"https:\/\/roveyayinevi.com.tr\/index.php\/wp-json\/wp\/v2\/product_cat?post=722760"},{"taxonomy":"product_tag","embeddable":true,"href":"https:\/\/roveyayinevi.com.tr\/index.php\/wp-json\/wp\/v2\/product_tag?post=722760"}],"curies":[{"name":"wp","href":"https:\/\/api.w.org\/{rel}","templated":true}]}}