{"id":722759,"date":"2025-08-27T19:08:38","date_gmt":"2025-08-27T16:08:38","guid":{"rendered":"https:\/\/roveyayinevi.com.tr\/index.php\/urun\/siirler-3-1970-2012\/"},"modified":"2026-04-16T02:30:38","modified_gmt":"2026-04-15T23:30:38","slug":"siirler-3-1970-2012","status":"publish","type":"product","link":"https:\/\/roveyayinevi.com.tr\/index.php\/urun\/siirler-3-1970-2012\/","title":{"rendered":"\u015eiirler &#8211; 3 (1970-2012)"},"content":{"rendered":"<p>Her \u015fey cam! Kay\u0131ts\u0131z, saydam Ard\u0131ndaki ya\u015fam\u0131 i\u00e7ine \u00e7ekiyor\u2026D\u00fcn oturdum ge\u00e7mi\u015f g\u00fcnleri sayd\u0131m, \u015fimdi bir kad\u0131n ad\u0131m\u0131 \u00e7a\u011f\u0131rsa bir s\u0131r olup yap\u0131\u015fsam cama silseniz bile beni \u00e7\u0131karamazs\u0131n\u0131z.<\/p>\n","protected":false},"excerpt":{"rendered":"<p>Her \u015fey cam! Kay\u0131ts\u0131z, saydam Ard\u0131ndaki ya\u015fam\u0131 i\u00e7ine \u00e7ekiyor\u2026D\u00fcn oturdum ge\u00e7mi\u015f g\u00fcnleri sayd\u0131m, \u015fimdi bir kad\u0131n ad\u0131m\u0131 \u00e7a\u011f\u0131rsa bir s\u0131r olup yap\u0131\u015fsam cama silseniz bile beni<span class=\"excerpt-hellip\"> [\u2026]<\/span><\/p>\n","protected":false},"featured_media":0,"template":"","meta":{"_monsterinsights_skip_tracking":false,"_monsterinsights_sitenote_active":false,"_monsterinsights_sitenote_note":"","_monsterinsights_sitenote_category":0},"product_brand":[],"product_cat":[12291,12509],"product_tag":[],"class_list":{"0":"post-722759","1":"product","2":"type-product","3":"status-publish","5":"product_cat-edebiyat","6":"product_cat-siir","7":"pa_cilt-ciltsiz","8":"pa_tur-kitap","9":"pa_yayinevi-kirmizi-kedi-yayinevi","10":"pa_yazar-tugrul-tanyol","12":"first","13":"instock","14":"sale","15":"shipping-taxable","16":"purchasable","17":"product-type-simple"},"_links":{"self":[{"href":"https:\/\/roveyayinevi.com.tr\/index.php\/wp-json\/wp\/v2\/product\/722759","targetHints":{"allow":["GET"]}}],"collection":[{"href":"https:\/\/roveyayinevi.com.tr\/index.php\/wp-json\/wp\/v2\/product"}],"about":[{"href":"https:\/\/roveyayinevi.com.tr\/index.php\/wp-json\/wp\/v2\/types\/product"}],"wp:attachment":[{"href":"https:\/\/roveyayinevi.com.tr\/index.php\/wp-json\/wp\/v2\/media?parent=722759"}],"wp:term":[{"taxonomy":"product_brand","embeddable":true,"href":"https:\/\/roveyayinevi.com.tr\/index.php\/wp-json\/wp\/v2\/product_brand?post=722759"},{"taxonomy":"product_cat","embeddable":true,"href":"https:\/\/roveyayinevi.com.tr\/index.php\/wp-json\/wp\/v2\/product_cat?post=722759"},{"taxonomy":"product_tag","embeddable":true,"href":"https:\/\/roveyayinevi.com.tr\/index.php\/wp-json\/wp\/v2\/product_tag?post=722759"}],"curies":[{"name":"wp","href":"https:\/\/api.w.org\/{rel}","templated":true}]}}